{"id":13763,"date":"2025-08-21T09:29:37","date_gmt":"2025-08-21T02:29:37","guid":{"rendered":"https:\/\/vinphaco.net\/product\/cammic\/"},"modified":"2025-09-29T13:54:45","modified_gmt":"2025-09-29T06:54:45","slug":"cammic","status":"publish","type":"product","link":"https:\/\/vinphaco.net\/fr\/produit\/cammic\/","title":{"rendered":"Cammic"},"content":{"rendered":"","protected":false},"excerpt":{"rendered":"<p>L&rsquo;acide tranexamique est indiqu\u00e9 pour une utilisation \u00e0 court terme en cas d&rsquo;h\u00e9morragie ou de risque d&rsquo;h\u00e9morragie chez les personnes pr\u00e9sentant une fibrinolyse ou une fibrinog\u00e9nolyse accrue.  <\/p>\n","protected":false},"featured_media":12972,"template":"","meta":{"_acf_changed":false},"product_brand":[],"product_cat":[432],"product_tag":[341,342],"class_list":{"0":"post-13763","1":"product","2":"type-product","3":"status-publish","4":"has-post-thumbnail","6":"product_cat-cte-autres","7":"product_tag-drug-fr","8":"product_tag-etc-fr","10":"first","11":"instock","12":"shipping-taxable","13":"product-type-simple"},"acf":{"product_detail":[{"name":"Forme posologique","value":"Tablette  "},{"name":"Indications","value":"Fibrinolyse locale dans les cas suivants :\n1. Prostatectomie et chirurgie de la vessie, m\u00e9norragie, \u00e9pistaxis, conisation du col de l'ut\u00e9rus, hyph\u00e9ma traumatique\n2. Gestion de l'extraction dentaire chez les h\u00e9mophiles.\n3. \u0152d\u00e8me angioneurotique h\u00e9r\u00e9ditaire."},{"name":"Composition","value":"Acide tranexamique 500 mg"}],"instructions_for_use":""},"_links":{"self":[{"href":"https:\/\/vinphaco.net\/fr\/wp-json\/wp\/v2\/product\/13763","targetHints":{"allow":["GET"]}}],"collection":[{"href":"https:\/\/vinphaco.net\/fr\/wp-json\/wp\/v2\/product"}],"about":[{"href":"https:\/\/vinphaco.net\/fr\/wp-json\/wp\/v2\/types\/product"}],"wp:featuredmedia":[{"embeddable":true,"href":"https:\/\/vinphaco.net\/fr\/wp-json\/wp\/v2\/media\/12972"}],"wp:attachment":[{"href":"https:\/\/vinphaco.net\/fr\/wp-json\/wp\/v2\/media?parent=13763"}],"wp:term":[{"taxonomy":"product_brand","embeddable":true,"href":"https:\/\/vinphaco.net\/fr\/wp-json\/wp\/v2\/product_brand?post=13763"},{"taxonomy":"product_cat","embeddable":true,"href":"https:\/\/vinphaco.net\/fr\/wp-json\/wp\/v2\/product_cat?post=13763"},{"taxonomy":"product_tag","embeddable":true,"href":"https:\/\/vinphaco.net\/fr\/wp-json\/wp\/v2\/product_tag?post=13763"}],"curies":[{"name":"wp","href":"https:\/\/api.w.org\/{rel}","templated":true}]}}