{"id":13778,"date":"2025-08-21T09:29:36","date_gmt":"2025-08-21T02:29:36","guid":{"rendered":"https:\/\/vinphaco.net\/product\/vincolin\/"},"modified":"2025-10-02T10:52:01","modified_gmt":"2025-10-02T03:52:01","slug":"vincolin","status":"publish","type":"product","link":"https:\/\/vinphaco.net\/fr\/produit\/vincolin\/","title":{"rendered":"VINCOLIN"},"content":{"rendered":"","protected":false},"excerpt":{"rendered":"<p>La citicoline est un m\u00e9dicament qui prot\u00e8ge les nerfs et qui est utilis\u00e9 pour traiter divers troubles et l\u00e9sions c\u00e9r\u00e9brales.<\/p>\n","protected":false},"featured_media":12964,"template":"","meta":{"_acf_changed":false},"product_brand":[],"product_cat":[610],"product_tag":[341,342],"class_list":{"0":"post-13778","1":"product","2":"type-product","3":"status-publish","4":"has-post-thumbnail","6":"product_cat-cte-neurologie","7":"product_tag-drug-fr","8":"product_tag-etc-fr","10":"first","11":"instock","12":"shipping-taxable","13":"product-type-simple"},"acf":{"product_detail":[{"name":"Forme posologique","value":"Solution pour l'injection"},{"name":"Indications","value":"La citicoline a \u00e9t\u00e9 \u00e9tudi\u00e9e pour le traitement de la d\u00e9pression, de la schizophr\u00e9nie, des accidents vasculaires c\u00e9r\u00e9braux, de la maladie de Parkinson, des l\u00e9sions c\u00e9r\u00e9brales et des d\u00e9ficits cognitifs (d\u00e9mence l\u00e9g\u00e8re \u00e0 mod\u00e9r\u00e9e et maladie d'Alzheimer, troubles c\u00e9r\u00e9brovasculaires)."},{"name":"Composition","value":"Citicoline (Citicoline sodium) 500mg\/2ml"}],"instructions_for_use":""},"_links":{"self":[{"href":"https:\/\/vinphaco.net\/fr\/wp-json\/wp\/v2\/product\/13778","targetHints":{"allow":["GET"]}}],"collection":[{"href":"https:\/\/vinphaco.net\/fr\/wp-json\/wp\/v2\/product"}],"about":[{"href":"https:\/\/vinphaco.net\/fr\/wp-json\/wp\/v2\/types\/product"}],"wp:featuredmedia":[{"embeddable":true,"href":"https:\/\/vinphaco.net\/fr\/wp-json\/wp\/v2\/media\/12964"}],"wp:attachment":[{"href":"https:\/\/vinphaco.net\/fr\/wp-json\/wp\/v2\/media?parent=13778"}],"wp:term":[{"taxonomy":"product_brand","embeddable":true,"href":"https:\/\/vinphaco.net\/fr\/wp-json\/wp\/v2\/product_brand?post=13778"},{"taxonomy":"product_cat","embeddable":true,"href":"https:\/\/vinphaco.net\/fr\/wp-json\/wp\/v2\/product_cat?post=13778"},{"taxonomy":"product_tag","embeddable":true,"href":"https:\/\/vinphaco.net\/fr\/wp-json\/wp\/v2\/product_tag?post=13778"}],"curies":[{"name":"wp","href":"https:\/\/api.w.org\/{rel}","templated":true}]}}