{"id":13782,"date":"2025-08-21T09:29:36","date_gmt":"2025-08-21T02:29:36","guid":{"rendered":"https:\/\/vinphaco.net\/product\/atropine-sulfat\/"},"modified":"2025-10-02T10:51:57","modified_gmt":"2025-10-02T03:51:57","slug":"atropine-sulfat","status":"publish","type":"product","link":"https:\/\/vinphaco.net\/fr\/produit\/atropine-sulfat\/","title":{"rendered":"ATROPINE SULFAT"},"content":{"rendered":"","protected":false},"excerpt":{"rendered":"<p>L&rsquo;atropine est un antagoniste comp\u00e9titif des r\u00e9cepteurs muscariniques de l&rsquo;ac\u00e9tylcholine (m\u00e9dicament antimuscarinique).<\/p>\n","protected":false},"featured_media":12956,"template":"","meta":{"_acf_changed":false},"product_brand":[],"product_cat":[432],"product_tag":[341,342],"class_list":{"0":"post-13782","1":"product","2":"type-product","3":"status-publish","4":"has-post-thumbnail","6":"product_cat-cte-autres","7":"product_tag-drug-fr","8":"product_tag-etc-fr","10":"first","11":"instock","12":"shipping-taxable","13":"product-type-simple"},"acf":{"product_detail":[{"name":"Forme posologique","value":"Solution pour l'injection"},{"name":"Indications","value":"Indications du sulfate d'atropine : \n- Ophtalmologie \u2192 mydriase, cyclopl\u00e9gie, uv\u00e9ite\n- Cardiologie \u2192 bradycardie, bloc AV\n- Anesth\u00e9sie \u2192 pr\u00e9m\u00e9dication (\u2193 s\u00e9cr\u00e9tions, r\u00e9flexe vagal)\n- Toxicologie \u2192 antidote pour l'empoisonnement aux organophosphates et \u00e0 la muscarine\n- GI\/Urinaire \u2192 antispasmodique (colique, vessie hyperactive)"},{"name":"Composition","value":"Sulfate d'atropine 0,25mg\/1ml"}],"instructions_for_use":""},"_links":{"self":[{"href":"https:\/\/vinphaco.net\/fr\/wp-json\/wp\/v2\/product\/13782","targetHints":{"allow":["GET"]}}],"collection":[{"href":"https:\/\/vinphaco.net\/fr\/wp-json\/wp\/v2\/product"}],"about":[{"href":"https:\/\/vinphaco.net\/fr\/wp-json\/wp\/v2\/types\/product"}],"wp:featuredmedia":[{"embeddable":true,"href":"https:\/\/vinphaco.net\/fr\/wp-json\/wp\/v2\/media\/12956"}],"wp:attachment":[{"href":"https:\/\/vinphaco.net\/fr\/wp-json\/wp\/v2\/media?parent=13782"}],"wp:term":[{"taxonomy":"product_brand","embeddable":true,"href":"https:\/\/vinphaco.net\/fr\/wp-json\/wp\/v2\/product_brand?post=13782"},{"taxonomy":"product_cat","embeddable":true,"href":"https:\/\/vinphaco.net\/fr\/wp-json\/wp\/v2\/product_cat?post=13782"},{"taxonomy":"product_tag","embeddable":true,"href":"https:\/\/vinphaco.net\/fr\/wp-json\/wp\/v2\/product_tag?post=13782"}],"curies":[{"name":"wp","href":"https:\/\/api.w.org\/{rel}","templated":true}]}}