{"id":13785,"date":"2025-08-21T09:29:36","date_gmt":"2025-08-21T02:29:36","guid":{"rendered":"https:\/\/vinphaco.net\/product\/vinphacine-500\/"},"modified":"2025-10-02T10:51:49","modified_gmt":"2025-10-02T03:51:49","slug":"vinphacine-500","status":"publish","type":"product","link":"https:\/\/vinphaco.net\/fr\/produit\/vinphacine-500\/","title":{"rendered":"VINPHACINE 500"},"content":{"rendered":"","protected":false},"excerpt":{"rendered":"<p>L&rsquo;amikacine appartient au groupe des antibito\u00efques aminoglycosides. C&rsquo;est un antibiotique indiqu\u00e9 pour le traitement des infections graves ou s\u00e9v\u00e8res.  <\/p>\n","protected":false},"featured_media":10726,"template":"","meta":{"_acf_changed":false},"product_brand":[],"product_cat":[399],"product_tag":[341,342],"class_list":{"0":"post-13785","1":"product","2":"type-product","3":"status-publish","4":"has-post-thumbnail","6":"product_cat-cte-antibiotiques","7":"product_tag-drug-fr","8":"product_tag-etc-fr","10":"first","11":"instock","12":"shipping-taxable","13":"product-type-simple"},"acf":{"product_detail":[{"name":"Forme posologique","value":"Solution pour l'injection"},{"name":"Indications","value":"L'amikacine est utilis\u00e9e dans le traitement des : \n- Infections graves (par exemple : infection sanguine, infection osseuse, infection des voies respiratoires, endocardite) dues \u00e0 des organismes Gram n\u00e9gatif\n- Fibrose kystique, exacerbation pulmonaire aigu\u00eb, infection par le complexe mycobacterium avium, peste, etc."},{"name":"Composition","value":"Amikacine (sulfate d'amikacine) 500mg\/2ml"}],"instructions_for_use":""},"_links":{"self":[{"href":"https:\/\/vinphaco.net\/fr\/wp-json\/wp\/v2\/product\/13785","targetHints":{"allow":["GET"]}}],"collection":[{"href":"https:\/\/vinphaco.net\/fr\/wp-json\/wp\/v2\/product"}],"about":[{"href":"https:\/\/vinphaco.net\/fr\/wp-json\/wp\/v2\/types\/product"}],"wp:featuredmedia":[{"embeddable":true,"href":"https:\/\/vinphaco.net\/fr\/wp-json\/wp\/v2\/media\/10726"}],"wp:attachment":[{"href":"https:\/\/vinphaco.net\/fr\/wp-json\/wp\/v2\/media?parent=13785"}],"wp:term":[{"taxonomy":"product_brand","embeddable":true,"href":"https:\/\/vinphaco.net\/fr\/wp-json\/wp\/v2\/product_brand?post=13785"},{"taxonomy":"product_cat","embeddable":true,"href":"https:\/\/vinphaco.net\/fr\/wp-json\/wp\/v2\/product_cat?post=13785"},{"taxonomy":"product_tag","embeddable":true,"href":"https:\/\/vinphaco.net\/fr\/wp-json\/wp\/v2\/product_tag?post=13785"}],"curies":[{"name":"wp","href":"https:\/\/api.w.org\/{rel}","templated":true}]}}