{"id":13800,"date":"2025-08-21T09:29:36","date_gmt":"2025-08-21T02:29:36","guid":{"rendered":"https:\/\/vinphaco.net\/product\/adrenaline-10mg-10ml\/"},"modified":"2025-10-02T10:51:44","modified_gmt":"2025-10-02T03:51:44","slug":"adrenaline-10mg-10ml","status":"publish","type":"product","link":"https:\/\/vinphaco.net\/fr\/produit\/adrenaline-10mg-10ml\/","title":{"rendered":"ADR\u00c9NALINE 10MG\/10ML"},"content":{"rendered":"","protected":false},"excerpt":{"rendered":"<p>L&rsquo;adr\u00e9naline (\u00e9pin\u00e9phrine) est un agent adr\u00e9nergique et un stimulant cardiaque. Elle appartient au groupe des compos\u00e9s endog\u00e8nes connus sous le nom de cat\u00e9cholamines. Les actions de l&rsquo;\u00e9pin\u00e9phrine ressemblent aux effets de la stimulation des nerfs adr\u00e9nergiques.    <\/p>\n","protected":false},"featured_media":7076,"template":"","meta":{"_acf_changed":false},"product_brand":[],"product_cat":[494],"product_tag":[341,342],"class_list":{"0":"post-13800","1":"product","2":"type-product","3":"status-publish","4":"has-post-thumbnail","6":"product_cat-etc-emergence-et-avc","7":"product_tag-drug-fr","8":"product_tag-etc-fr","10":"first","11":"instock","12":"shipping-taxable","13":"product-type-simple"},"acf":{"product_detail":[{"name":"Forme posologique","value":"Solution pour l'injection"},{"name":"Indications","value":"L'adr\u00e9naline est indiqu\u00e9e dans les cas suivants :\n'- Anaphylaxie\n- Crise d'asthme aigu\u00eb\n- Asystolie\/Arr\u00eat sans pouls\n- Bradycardie symptomatique\n- Croup"},{"name":"Composition","value":"Adr\u00e9naline (Tartrate d'adr\u00e9naline) 10mg\/10ml"}],"instructions_for_use":""},"_links":{"self":[{"href":"https:\/\/vinphaco.net\/fr\/wp-json\/wp\/v2\/product\/13800","targetHints":{"allow":["GET"]}}],"collection":[{"href":"https:\/\/vinphaco.net\/fr\/wp-json\/wp\/v2\/product"}],"about":[{"href":"https:\/\/vinphaco.net\/fr\/wp-json\/wp\/v2\/types\/product"}],"wp:featuredmedia":[{"embeddable":true,"href":"https:\/\/vinphaco.net\/fr\/wp-json\/wp\/v2\/media\/7076"}],"wp:attachment":[{"href":"https:\/\/vinphaco.net\/fr\/wp-json\/wp\/v2\/media?parent=13800"}],"wp:term":[{"taxonomy":"product_brand","embeddable":true,"href":"https:\/\/vinphaco.net\/fr\/wp-json\/wp\/v2\/product_brand?post=13800"},{"taxonomy":"product_cat","embeddable":true,"href":"https:\/\/vinphaco.net\/fr\/wp-json\/wp\/v2\/product_cat?post=13800"},{"taxonomy":"product_tag","embeddable":true,"href":"https:\/\/vinphaco.net\/fr\/wp-json\/wp\/v2\/product_tag?post=13800"}],"curies":[{"name":"wp","href":"https:\/\/api.w.org\/{rel}","templated":true}]}}