{"id":13807,"date":"2025-08-21T09:29:35","date_gmt":"2025-08-21T02:29:35","guid":{"rendered":"https:\/\/vinphaco.net\/product\/cammic-2\/"},"modified":"2025-10-02T10:50:53","modified_gmt":"2025-10-02T03:50:53","slug":"cammic-2","status":"publish","type":"product","link":"https:\/\/vinphaco.net\/fr\/produit\/cammic-2\/","title":{"rendered":"CAMMIC"},"content":{"rendered":"","protected":false},"excerpt":{"rendered":"<p>L&rsquo;acide tranexamique est un m\u00e9dicament antifibrinolytique qui pr\u00e9vient les saignements excessifs dus \u00e0 un traumatisme, \u00e0 une intervention chirurgicale, \u00e0 la menstruation et \u00e0 d&rsquo;autres causes.<\/p>\n","protected":false},"featured_media":7840,"template":"","meta":{"_acf_changed":false},"product_brand":[],"product_cat":[432],"product_tag":[341,342],"class_list":{"0":"post-13807","1":"product","2":"type-product","3":"status-publish","4":"has-post-thumbnail","6":"product_cat-cte-autres","7":"product_tag-drug-fr","8":"product_tag-etc-fr","10":"first","11":"instock","12":"shipping-taxable","13":"product-type-simple"},"acf":{"product_detail":[{"name":"Forme posologique","value":"Solution pour l'injection"},{"name":"Indications","value":"Pr\u00e9vention et traitement des h\u00e9morragies dues \u00e0 la fibrinolyse g\u00e9n\u00e9rale ou locale chez l'adulte et l'enfant \u00e0 partir d'un an, y compris : \n\n- M\u00e9norragies et m\u00e9trorragies, saignements gastro-intestinaux, troubles urinaires h\u00e9morragiques,\n- Chirurgie : Oto-rhino-laryngologie, gyn\u00e9cologie, intervention chirurgicale majeure  "},{"name":"Composition","value":"Acide tranexamique 500mg\/5ml"}],"instructions_for_use":""},"_links":{"self":[{"href":"https:\/\/vinphaco.net\/fr\/wp-json\/wp\/v2\/product\/13807","targetHints":{"allow":["GET"]}}],"collection":[{"href":"https:\/\/vinphaco.net\/fr\/wp-json\/wp\/v2\/product"}],"about":[{"href":"https:\/\/vinphaco.net\/fr\/wp-json\/wp\/v2\/types\/product"}],"wp:featuredmedia":[{"embeddable":true,"href":"https:\/\/vinphaco.net\/fr\/wp-json\/wp\/v2\/media\/7840"}],"wp:attachment":[{"href":"https:\/\/vinphaco.net\/fr\/wp-json\/wp\/v2\/media?parent=13807"}],"wp:term":[{"taxonomy":"product_brand","embeddable":true,"href":"https:\/\/vinphaco.net\/fr\/wp-json\/wp\/v2\/product_brand?post=13807"},{"taxonomy":"product_cat","embeddable":true,"href":"https:\/\/vinphaco.net\/fr\/wp-json\/wp\/v2\/product_cat?post=13807"},{"taxonomy":"product_tag","embeddable":true,"href":"https:\/\/vinphaco.net\/fr\/wp-json\/wp\/v2\/product_tag?post=13807"}],"curies":[{"name":"wp","href":"https:\/\/api.w.org\/{rel}","templated":true}]}}