{"id":13826,"date":"2025-08-21T09:29:35","date_gmt":"2025-08-21T02:29:35","guid":{"rendered":"https:\/\/vinphaco.net\/product\/vinsolon-125\/"},"modified":"2025-10-02T10:51:30","modified_gmt":"2025-10-02T03:51:30","slug":"vinsolon-125","status":"publish","type":"product","link":"https:\/\/vinphaco.net\/fr\/produit\/vinsolon-125\/","title":{"rendered":"VINSOLON 125"},"content":{"rendered":"","protected":false},"excerpt":{"rendered":"<p>Vinsolon 125 est un glucocortico\u00efde anti-inflammatoire dont le principe actif est la m\u00e9thylprednisolone.<\/p>\n","protected":false},"featured_media":12943,"template":"","meta":{"_acf_changed":false},"product_brand":[],"product_cat":[340],"product_tag":[341,342],"class_list":{"0":"post-13826","1":"product","2":"type-product","3":"status-publish","4":"has-post-thumbnail","6":"product_cat-etc-corticosterioids-nsaids-fr","7":"product_tag-drug-fr","8":"product_tag-etc-fr","10":"first","11":"instock","12":"shipping-taxable","13":"product-type-simple"},"acf":{"product_detail":[{"name":"Forme posologique","value":"Poudre lyophilis\u00e9e pour injection"},{"name":"Indications","value":"Le succinate sodique de m\u00e9thylprednisolone est indiqu\u00e9 dans les cas suivants :\nTroubles endocriniens, troubles rhumatismaux, maladies gastro-intestinales, maladies respiratoires, troubles h\u00e9matologiques, maladies dermatologiques."},{"name":"Composition","value":"M\u00e9thylprednisolone (Succinate sodique de m\u00e9thylprednisolone) 125mg\n Solvant : Alcol benzylique 18mg, eau pour injection q.s 2ml"}],"instructions_for_use":""},"_links":{"self":[{"href":"https:\/\/vinphaco.net\/fr\/wp-json\/wp\/v2\/product\/13826","targetHints":{"allow":["GET"]}}],"collection":[{"href":"https:\/\/vinphaco.net\/fr\/wp-json\/wp\/v2\/product"}],"about":[{"href":"https:\/\/vinphaco.net\/fr\/wp-json\/wp\/v2\/types\/product"}],"wp:featuredmedia":[{"embeddable":true,"href":"https:\/\/vinphaco.net\/fr\/wp-json\/wp\/v2\/media\/12943"}],"wp:attachment":[{"href":"https:\/\/vinphaco.net\/fr\/wp-json\/wp\/v2\/media?parent=13826"}],"wp:term":[{"taxonomy":"product_brand","embeddable":true,"href":"https:\/\/vinphaco.net\/fr\/wp-json\/wp\/v2\/product_brand?post=13826"},{"taxonomy":"product_cat","embeddable":true,"href":"https:\/\/vinphaco.net\/fr\/wp-json\/wp\/v2\/product_cat?post=13826"},{"taxonomy":"product_tag","embeddable":true,"href":"https:\/\/vinphaco.net\/fr\/wp-json\/wp\/v2\/product_tag?post=13826"}],"curies":[{"name":"wp","href":"https:\/\/api.w.org\/{rel}","templated":true}]}}