{"id":13829,"date":"2025-08-21T09:29:35","date_gmt":"2025-08-21T02:29:35","guid":{"rendered":"https:\/\/vinphaco.net\/product\/vinsolon-500\/"},"modified":"2025-10-02T10:51:34","modified_gmt":"2025-10-02T03:51:34","slug":"vinsolon-500","status":"publish","type":"product","link":"https:\/\/vinphaco.net\/fr\/produit\/vinsolon-500\/","title":{"rendered":"VINSOLON 500"},"content":{"rendered":"","protected":false},"excerpt":{"rendered":"<p>Vinsolon 500 est un glucocortico\u00efde anti-inflammatoire dont la substance active est la m\u00e9thylprednisolone.<\/p>\n","protected":false},"featured_media":12935,"template":"","meta":{"_acf_changed":false},"product_brand":[],"product_cat":[340],"product_tag":[341,342],"class_list":{"0":"post-13829","1":"product","2":"type-product","3":"status-publish","4":"has-post-thumbnail","6":"product_cat-etc-corticosterioids-nsaids-fr","7":"product_tag-drug-fr","8":"product_tag-etc-fr","10":"first","11":"instock","12":"shipping-taxable","13":"product-type-simple"},"acf":{"product_detail":[{"name":"Forme posologique","value":"Poudre lyophilis\u00e9e pour injection"},{"name":"Indications","value":"Le succinate sodique de m\u00e9thylprednisolone est indiqu\u00e9 dans les conditions suivantes :\nTroubles endocriniens, troubles rhumatismaux, maladies gastro-intestinales, maladies respiratoires, troubles h\u00e9matologiques, maladies dermatologiques, etc."},{"name":"Composition","value":"M\u00e9thyl prednisolone (Succinate sodique de m\u00e9thyl prednisolon) 500mg\n Solvant : Alcol benzylique 72mg, eau pour injection q.s 8mg"}],"instructions_for_use":""},"_links":{"self":[{"href":"https:\/\/vinphaco.net\/fr\/wp-json\/wp\/v2\/product\/13829","targetHints":{"allow":["GET"]}}],"collection":[{"href":"https:\/\/vinphaco.net\/fr\/wp-json\/wp\/v2\/product"}],"about":[{"href":"https:\/\/vinphaco.net\/fr\/wp-json\/wp\/v2\/types\/product"}],"wp:featuredmedia":[{"embeddable":true,"href":"https:\/\/vinphaco.net\/fr\/wp-json\/wp\/v2\/media\/12935"}],"wp:attachment":[{"href":"https:\/\/vinphaco.net\/fr\/wp-json\/wp\/v2\/media?parent=13829"}],"wp:term":[{"taxonomy":"product_brand","embeddable":true,"href":"https:\/\/vinphaco.net\/fr\/wp-json\/wp\/v2\/product_brand?post=13829"},{"taxonomy":"product_cat","embeddable":true,"href":"https:\/\/vinphaco.net\/fr\/wp-json\/wp\/v2\/product_cat?post=13829"},{"taxonomy":"product_tag","embeddable":true,"href":"https:\/\/vinphaco.net\/fr\/wp-json\/wp\/v2\/product_tag?post=13829"}],"curies":[{"name":"wp","href":"https:\/\/api.w.org\/{rel}","templated":true}]}}