{"id":13847,"date":"2025-08-21T09:29:34","date_gmt":"2025-08-21T02:29:34","guid":{"rendered":"https:\/\/vinphaco.net\/product\/vinxium\/"},"modified":"2025-10-02T10:50:35","modified_gmt":"2025-10-02T03:50:35","slug":"vinxium","status":"publish","type":"product","link":"https:\/\/vinphaco.net\/fr\/produit\/vinxium\/","title":{"rendered":"VINXIUM"},"content":{"rendered":"","protected":false},"excerpt":{"rendered":"<p>L&rsquo;esom\u00e9prazol est l&rsquo;une des quatre substances r\u00e9put\u00e9es du groupe des IPP (inhibiteurs de la pompe \u00e0 protons) dans le traitement du reflux gastro-\u0153sophagien (RGO) ou la r\u00e9duction du risque de re-saignement des ulc\u00e8res gastriques ou duod\u00e9naux.<\/p>\n","protected":false},"featured_media":10626,"template":"","meta":{"_acf_changed":false},"product_brand":[],"product_cat":[401],"product_tag":[341,342],"class_list":{"0":"post-13847","1":"product","2":"type-product","3":"status-publish","4":"has-post-thumbnail","6":"product_cat-etc-gastro-enterologie","7":"product_tag-drug-fr","8":"product_tag-etc-fr","10":"first","11":"instock","12":"shipping-taxable","13":"product-type-simple"},"acf":{"product_detail":[{"name":"Forme posologique","value":"Poudre lyophilis\u00e9e pour injection"},{"name":"Indications","value":"L'\u00e9som\u00e9prazole sodique pour injection est un IPP indiqu\u00e9 pour :\n\n- Le traitement \u00e0 court terme du reflux gastro-\u0153sophagien (RGO) avec \u0153sophagite \u00e9rosive (EE) \n- La r\u00e9duction du risque de re-saignement des ulc\u00e8res gastriques ou duod\u00e9naux apr\u00e8s une endoscopie th\u00e9rapeutique pour les ulc\u00e8res gastriques ou duod\u00e9naux aigus h\u00e9morragiques chez les adultes."},{"name":"Composition","value":"Esomeprazol 40mg (Esomeprazol sodique) Solvant : Chlorure de sodium 45mg, eau pour injection q.s 5ml"}],"instructions_for_use":""},"_links":{"self":[{"href":"https:\/\/vinphaco.net\/fr\/wp-json\/wp\/v2\/product\/13847","targetHints":{"allow":["GET"]}}],"collection":[{"href":"https:\/\/vinphaco.net\/fr\/wp-json\/wp\/v2\/product"}],"about":[{"href":"https:\/\/vinphaco.net\/fr\/wp-json\/wp\/v2\/types\/product"}],"wp:featuredmedia":[{"embeddable":true,"href":"https:\/\/vinphaco.net\/fr\/wp-json\/wp\/v2\/media\/10626"}],"wp:attachment":[{"href":"https:\/\/vinphaco.net\/fr\/wp-json\/wp\/v2\/media?parent=13847"}],"wp:term":[{"taxonomy":"product_brand","embeddable":true,"href":"https:\/\/vinphaco.net\/fr\/wp-json\/wp\/v2\/product_brand?post=13847"},{"taxonomy":"product_cat","embeddable":true,"href":"https:\/\/vinphaco.net\/fr\/wp-json\/wp\/v2\/product_cat?post=13847"},{"taxonomy":"product_tag","embeddable":true,"href":"https:\/\/vinphaco.net\/fr\/wp-json\/wp\/v2\/product_tag?post=13847"}],"curies":[{"name":"wp","href":"https:\/\/api.w.org\/{rel}","templated":true}]}}