{"id":13871,"date":"2025-08-21T09:29:46","date_gmt":"2025-08-21T02:29:46","guid":{"rendered":"https:\/\/vinphaco.net\/product\/vinocam\/"},"modified":"2025-10-08T09:39:06","modified_gmt":"2025-10-08T02:39:06","slug":"vinocam","status":"publish","type":"product","link":"https:\/\/vinphaco.net\/fr\/produit\/vinocam\/","title":{"rendered":"VINOCAM"},"content":{"rendered":"","protected":false},"excerpt":{"rendered":"<p>Le t\u00e9noxicam est un analg\u00e9sique anti-inflammatoire utilis\u00e9 pour traiter les douleurs l\u00e9g\u00e8res \u00e0 mod\u00e9r\u00e9es ainsi que les signes et sympt\u00f4mes de la polyarthrite rhumato\u00efde et de l&rsquo;arthrose.<\/p>\n","protected":false},"featured_media":11512,"template":"","meta":{"_acf_changed":false},"product_brand":[],"product_cat":[340],"product_tag":[341,342],"class_list":{"0":"post-13871","1":"product","2":"type-product","3":"status-publish","4":"has-post-thumbnail","6":"product_cat-etc-corticosterioids-nsaids-fr","7":"product_tag-drug-fr","8":"product_tag-etc-fr","10":"first","11":"instock","12":"shipping-taxable","13":"product-type-simple"},"acf":{"product_detail":[{"name":"Forme posologique","value":"Poudre lyophilis\u00e9e pour injection"},{"name":"Indications","value":""},{"name":"Composition","value":"Tenoxicam 20mgSolvant : Eau pour injection q.s. 5ml"}],"instructions_for_use":""},"_links":{"self":[{"href":"https:\/\/vinphaco.net\/fr\/wp-json\/wp\/v2\/product\/13871","targetHints":{"allow":["GET"]}}],"collection":[{"href":"https:\/\/vinphaco.net\/fr\/wp-json\/wp\/v2\/product"}],"about":[{"href":"https:\/\/vinphaco.net\/fr\/wp-json\/wp\/v2\/types\/product"}],"wp:featuredmedia":[{"embeddable":true,"href":"https:\/\/vinphaco.net\/fr\/wp-json\/wp\/v2\/media\/11512"}],"wp:attachment":[{"href":"https:\/\/vinphaco.net\/fr\/wp-json\/wp\/v2\/media?parent=13871"}],"wp:term":[{"taxonomy":"product_brand","embeddable":true,"href":"https:\/\/vinphaco.net\/fr\/wp-json\/wp\/v2\/product_brand?post=13871"},{"taxonomy":"product_cat","embeddable":true,"href":"https:\/\/vinphaco.net\/fr\/wp-json\/wp\/v2\/product_cat?post=13871"},{"taxonomy":"product_tag","embeddable":true,"href":"https:\/\/vinphaco.net\/fr\/wp-json\/wp\/v2\/product_tag?post=13871"}],"curies":[{"name":"wp","href":"https:\/\/api.w.org\/{rel}","templated":true}]}}