{"id":13893,"date":"2025-08-21T09:29:45","date_gmt":"2025-08-21T02:29:45","guid":{"rendered":"https:\/\/vinphaco.net\/product\/otevin-50\/"},"modified":"2025-09-29T13:49:21","modified_gmt":"2025-09-29T06:49:21","slug":"otevin-50","status":"publish","type":"product","link":"https:\/\/vinphaco.net\/fr\/produit\/otevin-50\/","title":{"rendered":"OTEVIN 50"},"content":{"rendered":"","protected":false},"excerpt":{"rendered":"<p>L&rsquo;octr\u00e9otide 50 mcg\/ml est utilis\u00e9 pour traiter la diarrh\u00e9e s\u00e9v\u00e8re et certaines autres affections.<\/p>\n","protected":false},"featured_media":11320,"template":"","meta":{"_acf_changed":false},"product_brand":[],"product_cat":[432],"product_tag":[341,342],"class_list":{"0":"post-13893","1":"product","2":"type-product","3":"status-publish","4":"has-post-thumbnail","6":"product_cat-cte-autres","7":"product_tag-drug-fr","8":"product_tag-etc-fr","10":"first","11":"instock","12":"shipping-taxable","13":"product-type-simple"},"acf":{"product_detail":[{"name":"Forme posologique","value":"Solution pour l'injection"},{"name":"Indications","value":"Le chlorhydrate de palonos\u00e9tron injectable est indiqu\u00e9 chez les adultes pour la pr\u00e9vention de :\n- Naus\u00e9es et vomissements aigus et retard\u00e9s associ\u00e9s \u00e0 la chimioth\u00e9rapie anticanc\u00e9reuse mod\u00e9r\u00e9ment \u00e9m\u00e9tisante (CME) initiale et r\u00e9p\u00e9t\u00e9e.\n- Naus\u00e9es et vomissements aigus associ\u00e9s \u00e0 la chimioth\u00e9rapie anticanc\u00e9reuse hautement \u00e9m\u00e9tisante (CHE) initiale et r\u00e9p\u00e9t\u00e9e.\n- Naus\u00e9es et vomissements postop\u00e9ratoires (NVPO) jusqu'\u00e0 24 heures apr\u00e8s l'intervention chirurgicale. L'efficacit\u00e9 au-del\u00e0 de 24 heures n'a pas \u00e9t\u00e9 d\u00e9montr\u00e9e. "},{"name":"Composition","value":"Palonos\u00e9tron (chlorhydrate de palonos\u00e9tron) 0,25mg\/5ml"}],"instructions_for_use":""},"_links":{"self":[{"href":"https:\/\/vinphaco.net\/fr\/wp-json\/wp\/v2\/product\/13893","targetHints":{"allow":["GET"]}}],"collection":[{"href":"https:\/\/vinphaco.net\/fr\/wp-json\/wp\/v2\/product"}],"about":[{"href":"https:\/\/vinphaco.net\/fr\/wp-json\/wp\/v2\/types\/product"}],"wp:featuredmedia":[{"embeddable":true,"href":"https:\/\/vinphaco.net\/fr\/wp-json\/wp\/v2\/media\/11320"}],"wp:attachment":[{"href":"https:\/\/vinphaco.net\/fr\/wp-json\/wp\/v2\/media?parent=13893"}],"wp:term":[{"taxonomy":"product_brand","embeddable":true,"href":"https:\/\/vinphaco.net\/fr\/wp-json\/wp\/v2\/product_brand?post=13893"},{"taxonomy":"product_cat","embeddable":true,"href":"https:\/\/vinphaco.net\/fr\/wp-json\/wp\/v2\/product_cat?post=13893"},{"taxonomy":"product_tag","embeddable":true,"href":"https:\/\/vinphaco.net\/fr\/wp-json\/wp\/v2\/product_tag?post=13893"}],"curies":[{"name":"wp","href":"https:\/\/api.w.org\/{rel}","templated":true}]}}