{"id":13901,"date":"2025-08-21T09:29:34","date_gmt":"2025-08-21T02:29:34","guid":{"rendered":"https:\/\/vinphaco.net\/product\/biazix\/"},"modified":"2025-09-29T16:27:55","modified_gmt":"2025-09-29T09:27:55","slug":"biazix","status":"publish","type":"product","link":"https:\/\/vinphaco.net\/fr\/produit\/biazix\/","title":{"rendered":"BIAZIX"},"content":{"rendered":"","protected":false},"excerpt":{"rendered":"<p>L&rsquo;azithromycine est un antibiotique utilis\u00e9 pour traiter certaines maladies inflammatoires li\u00e9es \u00e0 des micro-organismes sp\u00e9cifiques.  <\/p>\n","protected":false},"featured_media":12257,"template":"","meta":{"_acf_changed":false},"product_brand":[],"product_cat":[399],"product_tag":[341,342],"class_list":{"0":"post-13901","1":"product","2":"type-product","3":"status-publish","4":"has-post-thumbnail","6":"product_cat-cte-antibiotiques","7":"product_tag-drug-fr","8":"product_tag-etc-fr","10":"first","11":"instock","12":"shipping-taxable","13":"product-type-simple"},"acf":{"product_detail":[{"name":"Forme posologique","value":"Poudre lyophilis\u00e9e pour injection"},{"name":"Indications","value":"Pour le traitement de la pneumonie d'origine communautaire ou de la maladie inflammatoire pelvienne (MIP) due \u00e0 des micro-organismes sensibles.  "},{"name":"Composition","value":"Azithromycine (sous forme d'Azithromycine \n dihydrate) 500mg\n Solvant : eau pour injection 5ml"}],"instructions_for_use":""},"_links":{"self":[{"href":"https:\/\/vinphaco.net\/fr\/wp-json\/wp\/v2\/product\/13901","targetHints":{"allow":["GET"]}}],"collection":[{"href":"https:\/\/vinphaco.net\/fr\/wp-json\/wp\/v2\/product"}],"about":[{"href":"https:\/\/vinphaco.net\/fr\/wp-json\/wp\/v2\/types\/product"}],"wp:featuredmedia":[{"embeddable":true,"href":"https:\/\/vinphaco.net\/fr\/wp-json\/wp\/v2\/media\/12257"}],"wp:attachment":[{"href":"https:\/\/vinphaco.net\/fr\/wp-json\/wp\/v2\/media?parent=13901"}],"wp:term":[{"taxonomy":"product_brand","embeddable":true,"href":"https:\/\/vinphaco.net\/fr\/wp-json\/wp\/v2\/product_brand?post=13901"},{"taxonomy":"product_cat","embeddable":true,"href":"https:\/\/vinphaco.net\/fr\/wp-json\/wp\/v2\/product_cat?post=13901"},{"taxonomy":"product_tag","embeddable":true,"href":"https:\/\/vinphaco.net\/fr\/wp-json\/wp\/v2\/product_tag?post=13901"}],"curies":[{"name":"wp","href":"https:\/\/api.w.org\/{rel}","templated":true}]}}