{"id":13908,"date":"2025-08-21T09:29:45","date_gmt":"2025-08-21T02:29:45","guid":{"rendered":"https:\/\/vinphaco.net\/product\/clindacine-300\/"},"modified":"2025-09-29T13:49:22","modified_gmt":"2025-09-29T06:49:22","slug":"clindacine-300","status":"publish","type":"product","link":"https:\/\/vinphaco.net\/fr\/produit\/clindacine-300\/","title":{"rendered":"CLINDACINE 300"},"content":{"rendered":"","protected":false},"excerpt":{"rendered":"<p>Les produits \u00e0 base de phosphate de clindamycine sont indiqu\u00e9s dans le traitement des infections graves caus\u00e9es par des bact\u00e9ries ana\u00e9robies sensibles.<\/p>\n","protected":false},"featured_media":11176,"template":"","meta":{"_acf_changed":false},"product_brand":[],"product_cat":[399],"product_tag":[341,342],"class_list":{"0":"post-13908","1":"product","2":"type-product","3":"status-publish","4":"has-post-thumbnail","6":"product_cat-cte-antibiotiques","7":"product_tag-drug-fr","8":"product_tag-etc-fr","10":"first","11":"instock","12":"shipping-taxable","13":"product-type-simple"},"acf":{"product_detail":[{"name":"Forme posologique","value":"Solution pour l'injection"},{"name":"Indications","value":"L'octr\u00e9otide injectable est utilis\u00e9 pour traiter la diarrh\u00e9e s\u00e9v\u00e8re et d'autres sympt\u00f4mes qui surviennent avec certaines tumeurs intestinales (par exemple, les tumeurs \u00e0 peptide intestinal vasoactif ou VIPomas) ou les tumeurs carcino\u00efdes m\u00e9tastatiques (tumeurs qui se sont d\u00e9j\u00e0 r\u00e9pandues dans le corps)."},{"name":"Composition","value":"Octr\u00e9otide 50 mcg\/ml"}],"instructions_for_use":""},"_links":{"self":[{"href":"https:\/\/vinphaco.net\/fr\/wp-json\/wp\/v2\/product\/13908","targetHints":{"allow":["GET"]}}],"collection":[{"href":"https:\/\/vinphaco.net\/fr\/wp-json\/wp\/v2\/product"}],"about":[{"href":"https:\/\/vinphaco.net\/fr\/wp-json\/wp\/v2\/types\/product"}],"wp:featuredmedia":[{"embeddable":true,"href":"https:\/\/vinphaco.net\/fr\/wp-json\/wp\/v2\/media\/11176"}],"wp:attachment":[{"href":"https:\/\/vinphaco.net\/fr\/wp-json\/wp\/v2\/media?parent=13908"}],"wp:term":[{"taxonomy":"product_brand","embeddable":true,"href":"https:\/\/vinphaco.net\/fr\/wp-json\/wp\/v2\/product_brand?post=13908"},{"taxonomy":"product_cat","embeddable":true,"href":"https:\/\/vinphaco.net\/fr\/wp-json\/wp\/v2\/product_cat?post=13908"},{"taxonomy":"product_tag","embeddable":true,"href":"https:\/\/vinphaco.net\/fr\/wp-json\/wp\/v2\/product_tag?post=13908"}],"curies":[{"name":"wp","href":"https:\/\/api.w.org\/{rel}","templated":true}]}}