{"id":14138,"date":"2025-08-21T09:29:45","date_gmt":"2025-08-21T02:29:45","guid":{"rendered":"https:\/\/vinphaco.net\/product\/bucarvin\/"},"modified":"2025-09-29T13:51:35","modified_gmt":"2025-09-29T06:51:35","slug":"bucarvin","status":"publish","type":"product","link":"https:\/\/vinphaco.net\/fr\/produit\/bucarvin\/","title":{"rendered":"BUCARVIN"},"content":{"rendered":"","protected":false},"excerpt":{"rendered":"<p>La bupivaca\u00efne est utilis\u00e9e pour diminuer la sensation dans une petite zone sp\u00e9cifique, comme les blocs nerveux ou l&rsquo;anesth\u00e9sie p\u00e9ridurale.<\/p>\n","protected":false},"featured_media":11152,"template":"","meta":{"_acf_changed":false},"product_brand":[],"product_cat":[371],"product_tag":[341,342],"class_list":{"0":"post-14138","1":"product","2":"type-product","3":"status-publish","4":"has-post-thumbnail","6":"product_cat-etc-anesthesie-et-obstetrique","7":"product_tag-drug-fr","8":"product_tag-etc-fr","10":"first","11":"instock","12":"shipping-taxable","13":"product-type-simple"},"acf":{"product_detail":[{"name":"Forme posologique","value":"Solution pour l'injection"},{"name":"Indications","value":"Anesth\u00e9sie chirurgicale chez l'adulte et l'adolescent\n- Prise en charge de la douleur aigu\u00eb chez l'adulte, le nourrisson et l'enfant de plus d'un an"},{"name":"Composition","value":"Bupivaca\u00efne hydroclorid 20mg\/4ml"}],"instructions_for_use":""},"_links":{"self":[{"href":"https:\/\/vinphaco.net\/fr\/wp-json\/wp\/v2\/product\/14138","targetHints":{"allow":["GET"]}}],"collection":[{"href":"https:\/\/vinphaco.net\/fr\/wp-json\/wp\/v2\/product"}],"about":[{"href":"https:\/\/vinphaco.net\/fr\/wp-json\/wp\/v2\/types\/product"}],"wp:featuredmedia":[{"embeddable":true,"href":"https:\/\/vinphaco.net\/fr\/wp-json\/wp\/v2\/media\/11152"}],"wp:attachment":[{"href":"https:\/\/vinphaco.net\/fr\/wp-json\/wp\/v2\/media?parent=14138"}],"wp:term":[{"taxonomy":"product_brand","embeddable":true,"href":"https:\/\/vinphaco.net\/fr\/wp-json\/wp\/v2\/product_brand?post=14138"},{"taxonomy":"product_cat","embeddable":true,"href":"https:\/\/vinphaco.net\/fr\/wp-json\/wp\/v2\/product_cat?post=14138"},{"taxonomy":"product_tag","embeddable":true,"href":"https:\/\/vinphaco.net\/fr\/wp-json\/wp\/v2\/product_tag?post=14138"}],"curies":[{"name":"wp","href":"https:\/\/api.w.org\/{rel}","templated":true}]}}