{"id":14156,"date":"2025-08-21T09:29:45","date_gmt":"2025-08-21T02:29:45","guid":{"rendered":"https:\/\/vinphaco.net\/product\/vin-hepa-5g\/"},"modified":"2025-09-29T13:51:51","modified_gmt":"2025-09-29T06:51:51","slug":"vin-hepa-5g","status":"publish","type":"product","link":"https:\/\/vinphaco.net\/fr\/produit\/vin-hepa-5g\/","title":{"rendered":"VIN-HEPA 5G"},"content":{"rendered":"","protected":false},"excerpt":{"rendered":"<p>Le L-ornithine L-aspartate est un m\u00e9dicament qui soutient la sant\u00e9 du foie et qui est utilis\u00e9 pour traiter des conditions telles que l&rsquo;enc\u00e9phalopathie h\u00e9patique et la cirrhose du foie.  <\/p>\n","protected":false},"featured_media":11272,"template":"","meta":{"_acf_changed":false},"product_brand":[],"product_cat":[432],"product_tag":[341,342],"class_list":{"0":"post-14156","1":"product","2":"type-product","3":"status-publish","4":"has-post-thumbnail","6":"product_cat-cte-autres","7":"product_tag-drug-fr","8":"product_tag-etc-fr","10":"first","11":"instock","12":"shipping-taxable","13":"product-type-simple"},"acf":{"product_detail":[{"name":"Forme posologique","value":"Solution pour l'injection"},{"name":"Indications","value":"Le L-Ornithine L-Aspartate est indiqu\u00e9 pour le traitement de l'enc\u00e9phalopathie h\u00e9patique, de l'insuffisance h\u00e9patique aigu\u00eb, de l'hyperammon\u00e9mie due \u00e0 l'h\u00e9patite aigu\u00eb et chronique, du foie gras, des l\u00e9sions h\u00e9patiques dues \u00e0 l'alcool, des m\u00e9dicaments h\u00e9patotoxiques, de la cirrhose du foie, de la convalescence post-h\u00e9patite, etc."},{"name":"Composition","value":"L - Ornithine L - Aspartate 5 g\/10 ml"}],"instructions_for_use":""},"_links":{"self":[{"href":"https:\/\/vinphaco.net\/fr\/wp-json\/wp\/v2\/product\/14156","targetHints":{"allow":["GET"]}}],"collection":[{"href":"https:\/\/vinphaco.net\/fr\/wp-json\/wp\/v2\/product"}],"about":[{"href":"https:\/\/vinphaco.net\/fr\/wp-json\/wp\/v2\/types\/product"}],"wp:featuredmedia":[{"embeddable":true,"href":"https:\/\/vinphaco.net\/fr\/wp-json\/wp\/v2\/media\/11272"}],"wp:attachment":[{"href":"https:\/\/vinphaco.net\/fr\/wp-json\/wp\/v2\/media?parent=14156"}],"wp:term":[{"taxonomy":"product_brand","embeddable":true,"href":"https:\/\/vinphaco.net\/fr\/wp-json\/wp\/v2\/product_brand?post=14156"},{"taxonomy":"product_cat","embeddable":true,"href":"https:\/\/vinphaco.net\/fr\/wp-json\/wp\/v2\/product_cat?post=14156"},{"taxonomy":"product_tag","embeddable":true,"href":"https:\/\/vinphaco.net\/fr\/wp-json\/wp\/v2\/product_tag?post=14156"}],"curies":[{"name":"wp","href":"https:\/\/api.w.org\/{rel}","templated":true}]}}