{"id":14161,"date":"2025-08-21T09:29:44","date_gmt":"2025-08-21T02:29:44","guid":{"rendered":"https:\/\/vinphaco.net\/product\/vinrolac-30mg\/"},"modified":"2025-10-02T11:41:35","modified_gmt":"2025-10-02T04:41:35","slug":"vinrolac-30mg","status":"publish","type":"product","link":"https:\/\/vinphaco.net\/fr\/produit\/vinrolac-30mg\/","title":{"rendered":"VINROLAC 30MG"},"content":{"rendered":"","protected":false},"excerpt":{"rendered":"<p>Vinrolac 30mg\/2ml est utilis\u00e9 pour le traitement \u00e0 court terme de la douleur aigu\u00eb mod\u00e9r\u00e9e \u00e0 s\u00e9v\u00e8re apr\u00e8s une intervention chirurgicale.<\/p>\n","protected":false},"featured_media":11128,"template":"","meta":{"_acf_changed":false},"product_brand":[],"product_cat":[340],"product_tag":[341,342],"class_list":{"0":"post-14161","1":"product","2":"type-product","3":"status-publish","4":"has-post-thumbnail","6":"product_cat-etc-corticosterioids-nsaids-fr","7":"product_tag-drug-fr","8":"product_tag-etc-fr","10":"first","11":"instock","12":"shipping-taxable","13":"product-type-simple"},"acf":{"product_detail":[{"name":"Forme posologique","value":"Solution pour l'injection"},{"name":"Indications","value":"Indications :\n- \u0152d\u00e8me d'origine cardiaque, h\u00e9patique, r\u00e9nale ou autre, \u0153d\u00e8me pulmonaire, \u0153d\u00e8me c\u00e9r\u00e9bral, intoxication gravidique.\n- Hypertension l\u00e9g\u00e8re et mod\u00e9r\u00e9e.\n- A fortes doses dans le traitement de l'insuffisance r\u00e9nale aigu\u00eb ou chronique et de l'oligurie, intoxication par les barbituriques."},{"name":"Composition","value":"Vinrolac 30mg\/2ml"}],"instructions_for_use":""},"_links":{"self":[{"href":"https:\/\/vinphaco.net\/fr\/wp-json\/wp\/v2\/product\/14161","targetHints":{"allow":["GET"]}}],"collection":[{"href":"https:\/\/vinphaco.net\/fr\/wp-json\/wp\/v2\/product"}],"about":[{"href":"https:\/\/vinphaco.net\/fr\/wp-json\/wp\/v2\/types\/product"}],"wp:featuredmedia":[{"embeddable":true,"href":"https:\/\/vinphaco.net\/fr\/wp-json\/wp\/v2\/media\/11128"}],"wp:attachment":[{"href":"https:\/\/vinphaco.net\/fr\/wp-json\/wp\/v2\/media?parent=14161"}],"wp:term":[{"taxonomy":"product_brand","embeddable":true,"href":"https:\/\/vinphaco.net\/fr\/wp-json\/wp\/v2\/product_brand?post=14161"},{"taxonomy":"product_cat","embeddable":true,"href":"https:\/\/vinphaco.net\/fr\/wp-json\/wp\/v2\/product_cat?post=14161"},{"taxonomy":"product_tag","embeddable":true,"href":"https:\/\/vinphaco.net\/fr\/wp-json\/wp\/v2\/product_tag?post=14161"}],"curies":[{"name":"wp","href":"https:\/\/api.w.org\/{rel}","templated":true}]}}