{"id":14197,"date":"2025-08-21T09:29:43","date_gmt":"2025-08-21T02:29:43","guid":{"rendered":"https:\/\/vinphaco.net\/product\/noradrenalin-4mg\/"},"modified":"2025-09-29T13:49:09","modified_gmt":"2025-09-29T06:49:09","slug":"noradrenalin-4mg","status":"publish","type":"product","link":"https:\/\/vinphaco.net\/fr\/produit\/noradrenalin-4mg\/","title":{"rendered":"NORADRENALIN 4mg"},"content":{"rendered":"","protected":false},"excerpt":{"rendered":"<p>La noradr\u00e9naline, \u00e9galement appel\u00e9e nor\u00e9pin\u00e9phrine, est un neurotransmetteur et une hormone qui joue un r\u00f4le dans la r\u00e9action de lutte ou de fuite.<\/p>\n","protected":false},"featured_media":11368,"template":"","meta":{"_acf_changed":false},"product_brand":[],"product_cat":[494],"product_tag":[341,342],"class_list":{"0":"post-14197","1":"product","2":"type-product","3":"status-publish","4":"has-post-thumbnail","6":"product_cat-etc-emergence-et-avc","7":"product_tag-drug-fr","8":"product_tag-etc-fr","10":"first","11":"instock","12":"shipping-taxable","13":"product-type-simple"},"acf":{"product_detail":[{"name":"Forme posologique","value":"Solution pour l'injection"},{"name":"Indications","value":"La noradr\u00e9naline est indiqu\u00e9e dans les cas d'urgence d'hypotension aigu\u00eb."},{"name":"Composition","value":"Noradr\u00e9naline 4 mg\/4 ml"}],"instructions_for_use":""},"_links":{"self":[{"href":"https:\/\/vinphaco.net\/fr\/wp-json\/wp\/v2\/product\/14197","targetHints":{"allow":["GET"]}}],"collection":[{"href":"https:\/\/vinphaco.net\/fr\/wp-json\/wp\/v2\/product"}],"about":[{"href":"https:\/\/vinphaco.net\/fr\/wp-json\/wp\/v2\/types\/product"}],"wp:featuredmedia":[{"embeddable":true,"href":"https:\/\/vinphaco.net\/fr\/wp-json\/wp\/v2\/media\/11368"}],"wp:attachment":[{"href":"https:\/\/vinphaco.net\/fr\/wp-json\/wp\/v2\/media?parent=14197"}],"wp:term":[{"taxonomy":"product_brand","embeddable":true,"href":"https:\/\/vinphaco.net\/fr\/wp-json\/wp\/v2\/product_brand?post=14197"},{"taxonomy":"product_cat","embeddable":true,"href":"https:\/\/vinphaco.net\/fr\/wp-json\/wp\/v2\/product_cat?post=14197"},{"taxonomy":"product_tag","embeddable":true,"href":"https:\/\/vinphaco.net\/fr\/wp-json\/wp\/v2\/product_tag?post=14197"}],"curies":[{"name":"wp","href":"https:\/\/api.w.org\/{rel}","templated":true}]}}