{"id":14201,"date":"2025-08-21T09:29:43","date_gmt":"2025-08-21T02:29:43","guid":{"rendered":"https:\/\/vinphaco.net\/product\/vintidin-20\/"},"modified":"2025-10-02T11:42:19","modified_gmt":"2025-10-02T04:42:19","slug":"vintidin-20","status":"publish","type":"product","link":"https:\/\/vinphaco.net\/fr\/produit\/vintidin-20\/","title":{"rendered":"VINTIDIN 20"},"content":{"rendered":"","protected":false},"excerpt":{"rendered":"<p>La famotidine est un antagoniste des r\u00e9cepteurs H2 de l&rsquo;histamine qui diminue la production d&rsquo;acide gastrique.<\/p>\n","protected":false},"featured_media":11552,"template":"","meta":{"_acf_changed":false},"product_brand":[],"product_cat":[401],"product_tag":[341,342],"class_list":{"0":"post-14201","1":"product","2":"type-product","3":"status-publish","4":"has-post-thumbnail","6":"product_cat-etc-gastro-enterologie","7":"product_tag-drug-fr","8":"product_tag-etc-fr","10":"first","11":"instock","12":"shipping-taxable","13":"product-type-simple"},"acf":{"product_detail":[{"name":"Forme posologique","value":"Granule"},{"name":"Indications","value":"La famotidine est utilis\u00e9e pour traiter l'ulc\u00e8re gastroduod\u00e9nal, le reflux gastro-\u0153sophagien et le syndrome de Zollinger-Ellison."},{"name":"Composition","value":"Famotidine 20mg"}],"instructions_for_use":""},"_links":{"self":[{"href":"https:\/\/vinphaco.net\/fr\/wp-json\/wp\/v2\/product\/14201","targetHints":{"allow":["GET"]}}],"collection":[{"href":"https:\/\/vinphaco.net\/fr\/wp-json\/wp\/v2\/product"}],"about":[{"href":"https:\/\/vinphaco.net\/fr\/wp-json\/wp\/v2\/types\/product"}],"wp:featuredmedia":[{"embeddable":true,"href":"https:\/\/vinphaco.net\/fr\/wp-json\/wp\/v2\/media\/11552"}],"wp:attachment":[{"href":"https:\/\/vinphaco.net\/fr\/wp-json\/wp\/v2\/media?parent=14201"}],"wp:term":[{"taxonomy":"product_brand","embeddable":true,"href":"https:\/\/vinphaco.net\/fr\/wp-json\/wp\/v2\/product_brand?post=14201"},{"taxonomy":"product_cat","embeddable":true,"href":"https:\/\/vinphaco.net\/fr\/wp-json\/wp\/v2\/product_cat?post=14201"},{"taxonomy":"product_tag","embeddable":true,"href":"https:\/\/vinphaco.net\/fr\/wp-json\/wp\/v2\/product_tag?post=14201"}],"curies":[{"name":"wp","href":"https:\/\/api.w.org\/{rel}","templated":true}]}}