{"id":14208,"date":"2025-08-21T09:29:43","date_gmt":"2025-08-21T02:29:43","guid":{"rendered":"https:\/\/vinphaco.net\/product\/vinsolon-2\/"},"modified":"2025-10-02T11:42:03","modified_gmt":"2025-10-02T04:42:03","slug":"vinsolon-2","status":"publish","type":"product","link":"https:\/\/vinphaco.net\/fr\/produit\/vinsolon-2\/","title":{"rendered":"VINSOLON"},"content":{"rendered":"","protected":false},"excerpt":{"rendered":"<p>Vinsolon est un glucocortico\u00efde anti-inflammatoire dont le principe actif est la m\u00e9thylprednisolone.<\/p>\n","protected":false},"featured_media":11608,"template":"","meta":{"_acf_changed":false},"product_brand":[],"product_cat":[340],"product_tag":[341,342],"class_list":{"0":"post-14208","1":"product","2":"type-product","3":"status-publish","4":"has-post-thumbnail","6":"product_cat-etc-corticosterioids-nsaids-fr","7":"product_tag-drug-fr","8":"product_tag-etc-fr","10":"first","11":"instock","12":"shipping-taxable","13":"product-type-simple"},"acf":{"product_detail":[{"name":"Forme posologique","value":"Poudre lyophilis\u00e9e pour injection"},{"name":"Indications","value":"Le succinate sodique de m\u00e9thylprednisolone est indiqu\u00e9 dans les conditions suivantes :\nTroubles endocriniens, troubles rhumatismaux, maladies gastro-intestinales, maladies respiratoires, troubles h\u00e9matologiques, maladies dermatologiques, etc."},{"name":"Composition","value":"Methylprednisolon 40mg (Succinate sodique de m\u00e9thylprednisolon)\nSolvant : Alcol benzylique 9mg, eau pour injection q.s 1ml"}],"instructions_for_use":""},"_links":{"self":[{"href":"https:\/\/vinphaco.net\/fr\/wp-json\/wp\/v2\/product\/14208","targetHints":{"allow":["GET"]}}],"collection":[{"href":"https:\/\/vinphaco.net\/fr\/wp-json\/wp\/v2\/product"}],"about":[{"href":"https:\/\/vinphaco.net\/fr\/wp-json\/wp\/v2\/types\/product"}],"wp:featuredmedia":[{"embeddable":true,"href":"https:\/\/vinphaco.net\/fr\/wp-json\/wp\/v2\/media\/11608"}],"wp:attachment":[{"href":"https:\/\/vinphaco.net\/fr\/wp-json\/wp\/v2\/media?parent=14208"}],"wp:term":[{"taxonomy":"product_brand","embeddable":true,"href":"https:\/\/vinphaco.net\/fr\/wp-json\/wp\/v2\/product_brand?post=14208"},{"taxonomy":"product_cat","embeddable":true,"href":"https:\/\/vinphaco.net\/fr\/wp-json\/wp\/v2\/product_cat?post=14208"},{"taxonomy":"product_tag","embeddable":true,"href":"https:\/\/vinphaco.net\/fr\/wp-json\/wp\/v2\/product_tag?post=14208"}],"curies":[{"name":"wp","href":"https:\/\/api.w.org\/{rel}","templated":true}]}}