{"id":14221,"date":"2025-08-21T09:29:43","date_gmt":"2025-08-21T02:29:43","guid":{"rendered":"https:\/\/vinphaco.net\/product\/vindexa-8mg-2ml\/"},"modified":"2025-10-02T11:42:00","modified_gmt":"2025-10-02T04:42:00","slug":"vindexa-8mg-2ml","status":"publish","type":"product","link":"https:\/\/vinphaco.net\/fr\/produit\/vindexa-8mg-2ml\/","title":{"rendered":"VINDEXA 8MG\/2ML"},"content":{"rendered":"","protected":false},"excerpt":{"rendered":"<p>La dexam\u00e9thasone est un glucocortico\u00efde synth\u00e9tique (hormone corticosurr\u00e9nalienne) qui a un effet sur le m\u00e9tabolisme, l&rsquo;\u00e9quilibre \u00e9lectrolytique et les fonctions tissulaires.<\/p>\n","protected":false},"featured_media":11640,"template":"","meta":{"_acf_changed":false},"product_brand":[],"product_cat":[340],"product_tag":[341,342],"class_list":{"0":"post-14221","1":"product","2":"type-product","3":"status-publish","4":"has-post-thumbnail","6":"product_cat-etc-corticosterioids-nsaids-fr","7":"product_tag-drug-fr","8":"product_tag-etc-fr","10":"first","11":"instock","12":"shipping-taxable","13":"product-type-simple"},"acf":{"product_detail":[{"name":"Forme posologique","value":"Solution pour l'injection"},{"name":"Indications","value":"Dexamethason est utilis\u00e9 pour traiter : \n- inflammation de la peau, des articulations, des poumons et d'autres organes. \n- Les affections couramment trait\u00e9es sont l'asthme, les allergies et l'arthrite. \n- D'autres affections, comme les troubles sanguins et les maladies des glandes surr\u00e9nales."},{"name":"Composition","value":"Dexam\u00e9thasone 8 mg\/2 ml"}],"instructions_for_use":""},"_links":{"self":[{"href":"https:\/\/vinphaco.net\/fr\/wp-json\/wp\/v2\/product\/14221","targetHints":{"allow":["GET"]}}],"collection":[{"href":"https:\/\/vinphaco.net\/fr\/wp-json\/wp\/v2\/product"}],"about":[{"href":"https:\/\/vinphaco.net\/fr\/wp-json\/wp\/v2\/types\/product"}],"wp:featuredmedia":[{"embeddable":true,"href":"https:\/\/vinphaco.net\/fr\/wp-json\/wp\/v2\/media\/11640"}],"wp:attachment":[{"href":"https:\/\/vinphaco.net\/fr\/wp-json\/wp\/v2\/media?parent=14221"}],"wp:term":[{"taxonomy":"product_brand","embeddable":true,"href":"https:\/\/vinphaco.net\/fr\/wp-json\/wp\/v2\/product_brand?post=14221"},{"taxonomy":"product_cat","embeddable":true,"href":"https:\/\/vinphaco.net\/fr\/wp-json\/wp\/v2\/product_cat?post=14221"},{"taxonomy":"product_tag","embeddable":true,"href":"https:\/\/vinphaco.net\/fr\/wp-json\/wp\/v2\/product_tag?post=14221"}],"curies":[{"name":"wp","href":"https:\/\/api.w.org\/{rel}","templated":true}]}}