{"id":5888,"date":"2025-06-17T14:19:32","date_gmt":"2025-06-17T07:19:32","guid":{"rendered":"https:\/\/vinphaco.net\/sobre-a-vinphaco\/"},"modified":"2025-08-27T19:22:26","modified_gmt":"2025-08-27T12:22:26","slug":"sobre-a-vinphaco","status":"publish","type":"page","link":"https:\/\/vinphaco.net\/pt-pt\/sobre-a-vinphaco\/","title":{"rendered":"Sobre a Vinphaco"},"content":{"rendered":"<p><section data-bb-version=\"5.3.6\" id=\"bt_bb_section69eb5e436e88f\" class=\"bt_bb_section bt_bb_layout_boxed_1300 bt_bb_vertical_align_top bt_bb_top_spacing_none bt_bb_bottom_spacing_none\"  data-bt-override-class=\"{&quot;bt_bb_top_spacing_&quot;:{&quot;current_class&quot;:&quot;bt_bb_top_spacing_none&quot;,&quot;def&quot;:&quot;none&quot;,&quot;xl&quot;:&quot;25&quot;},&quot;bt_bb_bottom_spacing_&quot;:{&quot;current_class&quot;:&quot;bt_bb_bottom_spacing_none&quot;,&quot;def&quot;:&quot;none&quot;,&quot;xl&quot;:&quot;25&quot;},&quot;bt_bb_animation_&quot;:{&quot;current_class&quot;:&quot;bt_bb_animation_no_animation&quot;,&quot;def&quot;:&quot;no_animation&quot;}}\"><div class=\"bt_bb_port\"><div class=\"bt_bb_cell\"><div class=\"bt_bb_cell_inner\"><div class=\"bt_bb_row \"  data-bt-override-class=\"{}\"><div class=\"bt_bb_row_holder\" ><div data-bb-version=\"5.3.6\"  class=\"bt_bb_column col-xxl-12 col-xl-12 col-xs-12 col-sm-12 col-md-12 col-lg-12 bt_bb_vertical_align_top bt_bb_align_left bt_bb_padding_normal\" style=\"; --column-width:12;\" data-width=\"12\" data-bt-override-class=\"{}\"><div class=\"bt_bb_column_content\"><div class=\"bt_bb_column_content_inner\"><div data-bb-version=\"5.3.6\" class=\"bt_bb_breadcrumb\"><div class=\"breadcrumb-wrapper\"><nav class=\"breadcrumb\"><a href=\"https:\/\/vinphaco.net\/pt-pt\/\">Casa<\/a> <svg width=\"8\" height=\"14\" viewBox=\"0 0 8 14\" fill=\"none\" xmlns=\"http:\/\/www.w3.org\/2000\/svg\"><path d=\"M1 13L7 7L1 1\" stroke=\"#181D27\" stroke-width=\"2\" stroke-linecap=\"round\" stroke-linejoin=\"round\"\/><\/svg><\/nav><\/div><\/div><\/div><\/div><\/div><\/div><\/div><\/div><!-- cell_inner --><\/div><!-- cell --><\/div><!-- port --><\/section><section data-bb-version=\"5.3.6\" id=\"bt_bb_section69eb5e436eb6b\" class=\"bt_bb_section bt_bb_layout_boxed_1300 bt_bb_vertical_align_top bt_bb_top_spacing_none bt_bb_bottom_spacing_none\"  data-bt-override-class=\"{&quot;bt_bb_top_spacing_&quot;:{&quot;current_class&quot;:&quot;bt_bb_top_spacing_none&quot;,&quot;def&quot;:&quot;none&quot;},&quot;bt_bb_bottom_spacing_&quot;:{&quot;current_class&quot;:&quot;bt_bb_bottom_spacing_none&quot;,&quot;def&quot;:&quot;none&quot;,&quot;xl&quot;:&quot;none&quot;},&quot;bt_bb_animation_&quot;:{&quot;current_class&quot;:&quot;bt_bb_animation_no_animation&quot;,&quot;def&quot;:&quot;no_animation&quot;}}\"><div class=\"bt_bb_port\"><div class=\"bt_bb_cell\"><div class=\"bt_bb_cell_inner\"><div class=\"bt_bb_row \"  data-bt-override-class=\"{}\"><div class=\"bt_bb_row_holder\" ><div data-bb-version=\"5.3.6\"  class=\"bt_bb_column col-xxl-12 col-xl-12 col-xs-12 col-sm-12 col-md-12 col-lg-12 bt_bb_vertical_align_top bt_bb_align_left bt_bb_padding_normal\" style=\"; --column-width:12;\" data-width=\"12\" data-bt-override-class=\"{}\"><div class=\"bt_bb_column_content\"><div class=\"bt_bb_column_content_inner\"><div data-bb-version=\"5.3.6\" class=\"bt_bb_video\"><div class=\"section-video\"><div class=\"video-embed has-title\"><video class=\"myVideo\" playsinline poster=\"https:\/\/vinphaco.net\/wp-content\/uploads\/2025\/06\/1.-Pioneer-in-Pharmaceutical-Technology.jpg\"><source src=\"https:\/\/vinphaco.net\/wp-content\/uploads\/2020\/09\/Introduction-TVC-of-Vinh-Phuc-Pharmaceutical-Joint-Stock-Company-2025.mp4\" type=\"video\/mp4\"><p><i>O teu browser n\u00e3o suporta a etiqueta de v\u00eddeo.<\/i><\/p><\/video><button class=\"playStopButton\"><\/button><div class=\"title\"><h3>VINPHACO - Pioneira na criatividade inovadora para a sa\u00fade da comunidade.<\/h3> <\/div><\/div><\/div><\/div><\/div><\/div><\/div><\/div><\/div><\/div><!-- cell_inner --><\/div><!-- cell --><\/div><!-- port --><\/section><section data-bb-version=\"5.3.6\" id=\"bt_bb_section69eb5e436ee1c\" class=\"bt_bb_section bt_bb_layout_boxed_1300 bt_bb_vertical_align_top bt_bb_top_spacing_none bt_bb_bottom_spacing_40\"  data-bt-override-class=\"{&quot;bt_bb_top_spacing_&quot;:{&quot;current_class&quot;:&quot;bt_bb_top_spacing_none&quot;,&quot;def&quot;:&quot;none&quot;},&quot;bt_bb_bottom_spacing_&quot;:{&quot;current_class&quot;:&quot;bt_bb_bottom_spacing_40&quot;,&quot;def&quot;:&quot;40&quot;,&quot;xl&quot;:&quot;40&quot;},&quot;bt_bb_animation_&quot;:{&quot;current_class&quot;:&quot;bt_bb_animation_no_animation&quot;,&quot;def&quot;:&quot;no_animation&quot;}}\"><div class=\"bt_bb_port\"><div class=\"bt_bb_cell\"><div class=\"bt_bb_cell_inner\"><div class=\"bt_bb_row \"  data-bt-override-class=\"{}\"><div class=\"bt_bb_row_holder\" ><div data-bb-version=\"5.3.6\"  class=\"bt_bb_column col-xxl-12 col-xl-12 col-xs-12 col-sm-12 col-md-12 col-lg-12 bt_bb_vertical_align_top bt_bb_align_left bt_bb_padding_normal\" style=\"; --column-width:12;\" data-width=\"12\" data-bt-override-class=\"{}\"><div class=\"bt_bb_column_content\"><div class=\"bt_bb_column_content_inner\"><div data-bb-version=\"5.4.2\" class=\"bt_bb_banner_list_desc\"><div class=\"aboutUs bt_bb_banner_list_desc\"><div class=\"elm_1 elm port\"><div class=\"wrapContent\"><div class=\"leftContent\"><div class=\"wrapImage\"><img decoding=\"async\" src=\"https:\/\/vinphaco.net\/wp-content\/uploads\/2025\/08\/Vinphaco-vision-and-mission-1.png\" alt=\"\"><\/div><\/div><div class=\"rightContent\"><div class=\"item\"><h4>Vis\u00e3o<\/h4> <div class=\"desc\">A Vinphaco tornou-se o principal fabricante de produtos farmac\u00eauticos de alta qualidade do Vietname.<\/div><\/div><div class=\"item\"><h4>Miss\u00e3o<\/h4> <div class=\"desc\">Fornecer produtos de alta qualidade com dedica\u00e7\u00e3o e responsabilidade, para a sa\u00fade da comunidade.<\/div><\/div><\/div><\/div><\/div><\/div><\/div><\/div><\/div><\/div><\/div><\/div><\/div><!-- cell_inner --><\/div><!-- cell --><\/div><!-- port --><\/section><section data-bb-version=\"5.3.6\" id=\"bt_bb_section69eb5e436f03f\" class=\"bt_bb_section bt_bb_layout_boxed_1300 bt_bb_vertical_align_top bt_bb_top_spacing_none bt_bb_bottom_spacing_none\" style=\";background-color:rgb(247,247,253);\" data-bt-override-class=\"{&quot;bt_bb_top_spacing_&quot;:{&quot;current_class&quot;:&quot;bt_bb_top_spacing_none&quot;,&quot;def&quot;:&quot;none&quot;},&quot;bt_bb_bottom_spacing_&quot;:{&quot;current_class&quot;:&quot;bt_bb_bottom_spacing_none&quot;,&quot;def&quot;:&quot;none&quot;},&quot;bt_bb_animation_&quot;:{&quot;current_class&quot;:&quot;bt_bb_animation_no_animation&quot;,&quot;def&quot;:&quot;no_animation&quot;}}\"><div class=\"bt_bb_port\"><div class=\"bt_bb_cell\"><div class=\"bt_bb_cell_inner\"><div class=\"bt_bb_row \"  data-bt-override-class=\"{}\"><div class=\"bt_bb_row_holder\" ><div data-bb-version=\"5.3.6\"  class=\"bt_bb_column col-xxl-12 col-xl-12 col-xs-12 col-sm-12 col-md-12 col-lg-12 bt_bb_vertical_align_top bt_bb_align_left bt_bb_padding_normal\" style=\"; --column-width:12;\" data-width=\"12\" data-bt-override-class=\"{}\"><div class=\"bt_bb_column_content\"><div class=\"bt_bb_column_content_inner\"><div data-bb-version=\"5.4.2\" class=\"bt_bb_banner_image_scrolling\"><div class=\"aboutUs bt_bb_banner_image_scrolling\"><div class=\"elm_2\"><div class=\"wrapContent port\"><div class=\"leftContent\"><h4 class=\"fontWeight-400 font-48\">Pioneiro em<\/h4><h2>Tecnologia farmac\u00eautica<\/h2><div class=\"desc\"><p>Aplica\u00e7\u00e3o de tecnologia de fabrico avan\u00e7ada.<\/p>\n<p>Investimento em I&amp;D<\/p>\n<p>Transforma\u00e7\u00e3o digital abrangente<\/p><\/div><\/div><div class=\"scrolling-images\"><div class=\"image-track\"><img decoding=\"async\" src=\"https:\/\/vinphaco.net\/wp-content\/uploads\/2025\/08\/z6878596692627_36b3ee4e7d0d5a93e640bf623fa219b1.jpg\"><img decoding=\"async\" src=\"https:\/\/vinphaco.net\/wp-content\/uploads\/2025\/08\/z6878630439063_9cc41e042a268d2e0d23b9b9368d9c0c.jpg\"><img decoding=\"async\" src=\"https:\/\/vinphaco.net\/wp-content\/uploads\/2025\/08\/z6878653936785_4ce3928c28a2b574456a5c07d3ede2d5.jpg\"><\/div><div class=\"image-track2\"><img decoding=\"async\" src=\"https:\/\/vinphaco.net\/wp-content\/uploads\/2025\/08\/z6878667474183_69483c11f86df5e0c990297912ebc114.jpg\"><img decoding=\"async\" src=\"https:\/\/vinphaco.net\/wp-content\/uploads\/2025\/08\/hh.jpg\"><\/div><\/div><\/div><\/div><\/div><\/div><\/div><\/div><\/div><\/div><\/div><\/div><!-- cell_inner --><\/div><!-- cell --><\/div><!-- port --><\/section><section data-bb-version=\"5.3.6\" id=\"bt_bb_section69eb5e436f720\" class=\"bt_bb_section bt_bb_layout_wide bt_bb_vertical_align_top bt_bb_top_spacing_none bt_bb_bottom_spacing_none\"  data-bt-override-class=\"{&quot;bt_bb_top_spacing_&quot;:{&quot;current_class&quot;:&quot;bt_bb_top_spacing_none&quot;,&quot;def&quot;:&quot;none&quot;},&quot;bt_bb_bottom_spacing_&quot;:{&quot;current_class&quot;:&quot;bt_bb_bottom_spacing_none&quot;,&quot;def&quot;:&quot;none&quot;},&quot;bt_bb_animation_&quot;:{&quot;current_class&quot;:&quot;bt_bb_animation_no_animation&quot;,&quot;def&quot;:&quot;no_animation&quot;}}\"><div class=\"bt_bb_port\"><div class=\"bt_bb_cell\"><div class=\"bt_bb_cell_inner\"><div class=\"bt_bb_row \"  data-bt-override-class=\"{}\"><div class=\"bt_bb_row_holder\" ><div data-bb-version=\"5.3.6\"  class=\"bt_bb_column col-xxl-12 col-xl-12 col-xs-12 col-sm-12 col-md-12 col-lg-12 bt_bb_vertical_align_top bt_bb_align_left bt_bb_padding_normal\" style=\"; --column-width:12;\" data-width=\"12\" data-bt-override-class=\"{}\"><div class=\"bt_bb_column_content\"><div class=\"bt_bb_column_content_inner\"><div data-bb-version=\"5.3.6\" class=\"aboutUs\"><div class=\"elm_3 elm\"><div class=\"wrapContent\"><h2 class=\"timeline-title font-48\">Hist\u00f3ria do desenvolvimento<\/h2><div class=\"timeline-line\"><\/div><div class=\"timeline\"><div data-bb-version=\"5.4.2\" class=\"timeline-item bt_bb_inner_histories\"><div class=\"item\"><div class=\"dot\"><\/div><div class=\"year font-60\">2024<\/div><div class=\"content\"><p>Investimento na linha BFS, expans\u00e3o da f\u00e1brica.<br>Recebeu o t\u00edtulo: Estrela da medicina vietnamita, Top 100 Golden Star do Vietname.<br>Continua a alcan\u00e7ar o estatuto de marca nacional.<\/p><\/div><\/div><\/div><div data-bb-version=\"5.4.2\" class=\"timeline-item bt_bb_inner_histories\"><div class=\"item\"><div class=\"dot\"><\/div><div class=\"year font-60\">2022<\/div><div class=\"content\">Alcan\u00e7a a marca nacional.<\/div><\/div><\/div><div data-bb-version=\"5.4.2\" class=\"timeline-item bt_bb_inner_histories\"><div class=\"item\"><div class=\"dot\"><\/div><div class=\"year font-60\">2020<\/div><div class=\"content\"><p>Estabelece uma sede em Han\u00f3i.<\/p><\/div><\/div><\/div><div data-bb-version=\"5.4.2\" class=\"timeline-item bt_bb_inner_histories\"><div class=\"item\"><div class=\"dot\"><\/div><div class=\"year font-60\">2014<\/div><div class=\"content\"><p>Recebe a Medalha da Independ\u00eancia de Terceira Classe.<\/p><\/div><\/div><\/div><div data-bb-version=\"5.4.2\" class=\"timeline-item bt_bb_inner_histories\"><div class=\"item\"><div class=\"dot\"><\/div><div class=\"year font-60\">2012<\/div><div class=\"content\"><p>Exporta pela primeira vez produtos para o mercado internacional.<\/p><\/div><\/div><\/div><div data-bb-version=\"5.4.2\" class=\"timeline-item bt_bb_inner_histories\"><div class=\"item\"><div class=\"dot\"><\/div><div class=\"year font-60\">2009<\/div><div class=\"content\"><p>Actualiza a f\u00e1brica de acordo com as normas GMP-OMS.<br>Recebe o t\u00edtulo de Her\u00f3i do Trabalho da Era da Renova\u00e7\u00e3o...<\/p><\/div><\/div><\/div><div data-bb-version=\"5.4.2\" class=\"timeline-item bt_bb_inner_histories\"><div class=\"item\"><div class=\"dot\"><\/div><div class=\"year font-60\">2004<\/div><div class=\"content\"><p>Transi\u00e7\u00e3o de uma empresa estatal para a Vinh Phuc Pharmaceutical Joint Stock Company - Vinphaco.<br>Estabelece a primeira f\u00e1brica de medicamentos inject\u00e1veis GMP-ASEAN no Norte do Vietname.<br>Recebe a Medalha do Trabalho de Primeira Classe.<\/p><\/div><\/div><\/div><div data-bb-version=\"5.4.2\" class=\"timeline-item bt_bb_inner_histories\"><div class=\"item\"><div class=\"dot\"><\/div><div class=\"year font-60\">1982<\/div><div class=\"content\"><p>Recebe a Medalha do Trabalho de Segunda Classe.<\/p><\/div><\/div><\/div><div data-bb-version=\"5.4.2\" class=\"timeline-item bt_bb_inner_histories\"><div class=\"item\"><div class=\"dot\"><\/div><div class=\"year font-60\">1976<\/div><div class=\"content\"><p>Recebeu a Medalha do Trabalho de Terceira Classe por realiza\u00e7\u00f5es na produ\u00e7\u00e3o de medicamentos inject\u00e1veis para apoiar a resist\u00eancia.<\/p><\/div><\/div><\/div><div data-bb-version=\"5.4.2\" class=\"timeline-item bt_bb_inner_histories\"><div class=\"item\"><div class=\"dot\"><\/div><div class=\"year font-60\">1959<\/div><div class=\"content\"><p>Cria\u00e7\u00e3o de uma empresa p\u00fablica provincial do sector farmac\u00eautico em Vinh Phuc.<\/p><\/div><\/div><\/div><\/div><div class=\"timeline-controls\"><button id=\"prev\"><svg width=\"40\" height=\"40\" viewBox=\"0 0 40 40\" fill=\"none\" xmlns=\"http:\/\/www.w3.org\/2000\/svg\"><path d=\"M37.5 20C37.5 16.5388 36.4736 13.1554 34.5507 10.2775C32.6278 7.39966 29.8947 5.15664 26.697 3.83211C23.4993 2.50758 19.9806 2.16102 16.5859 2.83626C13.1913 3.5115 10.0731 5.17822 7.62563 7.62563C5.17822 10.0731 3.5115 13.1913 2.83626 16.5859C2.16102 19.9806 2.50758 23.4993 3.83211 26.697C5.15664 29.8947 7.39966 32.6278 10.2775 34.5507C13.1554 36.4736 16.5388 37.5 20 37.5C24.6413 37.5 29.0925 35.6563 32.3744 32.3744C35.6563 29.0925 37.5 24.6413 37.5 20ZM30 21.25L14.8125 21.25L21.7875 28.2588L20 30L10 20L20 10L21.7875 11.7838L14.8125 18.75L30 18.75L30 21.25Z\" fill=\"#2E3191\"\/><\/svg><\/button><button id=\"next\"><svg width=\"40\" height=\"40\" viewBox=\"0 0 40 40\" fill=\"none\" xmlns=\"http:\/\/www.w3.org\/2000\/svg\"><path d=\"M2.5 20C2.5 23.4612 3.52636 26.8446 5.44928 29.7225C7.37221 32.6003 10.1053 34.8434 13.303 36.1679C16.5007 37.4924 20.0194 37.839 23.4141 37.1637C26.8087 36.4885 29.9269 34.8218 32.3744 32.3744C34.8218 29.9269 36.4885 26.8087 37.1637 23.4141C37.839 20.0194 37.4924 16.5007 36.1679 13.303C34.8434 10.1053 32.6003 7.37221 29.7225 5.44928C26.8446 3.52636 23.4612 2.5 20 2.5C15.3587 2.5 10.9075 4.34374 7.62563 7.62563C4.34374 10.9075 2.5 15.3587 2.5 20ZM10 18.75H25.1875L18.2125 11.7412L20 10L30 20L20 30L18.2125 28.2162L25.1875 21.25H10V18.75Z\" fill=\"#2E3191\"\/><\/svg><\/button><\/div><\/div><\/div><\/div><\/div><\/div><\/div><\/div><\/div><\/div><!-- cell_inner --><\/div><!-- cell --><\/div><!-- port --><\/section><section data-bb-version=\"5.4.2\" id=\"bt_bb_section69eb5e436fbb4\" class=\"bt_bb_section bt_bb_layout_boxed_1300 bt_bb_vertical_align_top bt_bb_top_spacing_80 bt_bb_bottom_spacing_80\" style=\";background-color:rgb(247,247,253);\" data-bt-override-class=\"{&quot;bt_bb_top_spacing_&quot;:{&quot;current_class&quot;:&quot;bt_bb_top_spacing_80&quot;,&quot;def&quot;:&quot;80&quot;},&quot;bt_bb_bottom_spacing_&quot;:{&quot;current_class&quot;:&quot;bt_bb_bottom_spacing_80&quot;,&quot;def&quot;:&quot;80&quot;},&quot;bt_bb_animation_&quot;:{&quot;current_class&quot;:&quot;bt_bb_animation_no_animation&quot;,&quot;def&quot;:&quot;no_animation&quot;}}\"><div class=\"bt_bb_port\"><div class=\"bt_bb_cell\"><div class=\"bt_bb_cell_inner\"><div class=\"bt_bb_row \"  data-bt-override-class=\"{}\"><div class=\"bt_bb_row_holder\" ><div data-bb-version=\"5.3.6\"  class=\"bt_bb_column col-xxl-12 col-xl-12 col-xs-12 col-sm-12 col-md-12 col-lg-12 bt_bb_vertical_align_top bt_bb_align_left bt_bb_padding_normal\" style=\"; --column-width:12;\" data-width=\"12\" data-bt-override-class=\"{}\"><div class=\"bt_bb_column_content\"><div class=\"bt_bb_column_content_inner\"><div data-bb-version=\"5.4.2\" class=\"banner-info-slider\"><div class=\"section-title bt_bb_banner_info_slider\"><div class=\"title\"><h3>Vinphaco - Pela sa\u00fade da comunidade<\/h3> <\/div><\/div><div class=\"wrap-banner-info-slider grid-responsive bt_bb_banner_info_slider banner_home\"><div data-bb-version=\"5.4.2\" class=\"item bt_bb_inner_banner_info_slider\"><div class=\"in\"><div class=\"img\"><span style=\"background-color: rgb(255,255,255)\" class=\"after\"><\/span><img decoding=\"async\" src=\"https:\/\/vinphaco.net\/wp-content\/uploads\/2025\/04\/Award-Image-1.png\" alt=\"RXN0cmVsYSBmYXJtYWPDqnV0aWNhIGRvIFZpZXRuYW1l\"><\/div><div class=\"title\" style=\"color: rgb(36,38,112)\"><h5>Estrela farmac\u00eautica do Vietname<\/h5><\/div><div class=\"wrap-desc\" style=\"background-color: rgb(231,231,231)\"><div class=\"title\"><h6>Estrela farmac\u00eautica do Vietname<\/h6><\/div><div class=\"desc\">O \u00fanico t\u00edtulo a n\u00edvel nacional e o mais prestigiado no sector farmac\u00eautico, atribu\u00eddo pela Administra\u00e7\u00e3o de Medicamentos do Vietname - Minist\u00e9rio da Sa\u00fade.\nEsta honra reconhece as empresas e os produtos farmac\u00eauticos fabricados no Vietname que demonstram uma qualidade excecional, uma elevada efic\u00e1cia terap\u00eautica e uma forte confian\u00e7a do mercado.<\/div><\/div><\/div><\/div><div data-bb-version=\"5.4.2\" class=\"item bt_bb_inner_banner_info_slider\"><div class=\"in\"><div class=\"img\"><span style=\"background-color: rgb(255,255,255)\" class=\"after\"><\/span><img decoding=\"async\" src=\"https:\/\/vinphaco.net\/wp-content\/uploads\/2025\/04\/Award-Image-2.png\" alt=\"VmlldG5hbWUgVmFsb3I=\"><\/div><div class=\"title\" style=\"color: rgb(36,38,112)\"><h5>Vietname Valor<\/h5><\/div><div class=\"wrap-desc\" style=\"background-color: rgb(231,231,231)\"><div class=\"title\"><h6>Vietname Valor<\/h6><\/div><div class=\"desc\">O pr\u00e9mio \u00e9 oficialmente reconhecido pelo Governo do Vietname como uma marca de confian\u00e7a e de empresas de renome no mercado nacional.\nReconhece tr\u00eas elementos fundamentais: produtos e servi\u00e7os de alta qualidade, inova\u00e7\u00e3o que impulsiona a diferencia\u00e7\u00e3o e lideran\u00e7a pioneira na ind\u00fastria.<\/div><\/div><\/div><\/div><div data-bb-version=\"5.4.2\" class=\"item bt_bb_inner_banner_info_slider\"><div class=\"in\"><div class=\"img\"><span style=\"background-color: rgb(255,255,255)\" class=\"after\"><\/span><img decoding=\"async\" src=\"https:\/\/vinphaco.net\/wp-content\/uploads\/2025\/04\/Award-Image.png\" alt=\"TWVkYWxoYSBkYSBJbmRlcGVuZMOqbmNpYSBkZSB0ZXJjZWlyYSBjbGFzc2U=\"><\/div><div class=\"title\" style=\"color: rgb(36,38,112)\"><h5>Medalha da Independ\u00eancia de terceira classe<\/h5><\/div><div class=\"wrap-desc\" style=\"background-color: rgb(231,231,231)\"><div class=\"title\"><h6>Medalha da Independ\u00eancia de terceira classe<\/h6><\/div><div class=\"desc\">A Medalha da Independ\u00eancia \u00e9 atribu\u00edda pelo Estado do Vietname a organiza\u00e7\u00f5es com contribui\u00e7\u00f5es not\u00e1veis para a constru\u00e7\u00e3o da na\u00e7\u00e3o, o desenvolvimento socioecon\u00f3mico e a defesa nacional.<\/div><\/div><\/div><\/div><div data-bb-version=\"5.4.2\" class=\"item bt_bb_inner_banner_info_slider\"><div class=\"in\"><div class=\"img\"><span style=\"background-color: rgb(255,255,255)\" class=\"after\"><\/span><img decoding=\"async\" src=\"https:\/\/vinphaco.net\/wp-content\/uploads\/2025\/08\/Vinphaco-Vietnam-Labor-Hero-Medal.png\" alt=\"SGVyw7NpIGRvIHRyYWJhbGhvIG5vIHBlcsOtb2RvIGRlIHJlbm92YcOnw6Nv\"><\/div><div class=\"title\" style=\"color: rgb(36,38,112)\"><h5>Her\u00f3i do trabalho no per\u00edodo de renova\u00e7\u00e3o<\/h5><\/div><div class=\"wrap-desc\" style=\"background-color: rgb(231,231,231)\"><div class=\"title\"><h6>Her\u00f3i do trabalho no per\u00edodo de renova\u00e7\u00e3o<\/h6><\/div><div class=\"desc\">T\u00edtulo prestigioso atribu\u00eddo pelo Partido e pelo Estado do Vietname a indiv\u00edduos e organiza\u00e7\u00f5es com feitos not\u00e1veis na constru\u00e7\u00e3o e defesa da na\u00e7\u00e3o, servindo de modelos exemplares do movimento de emula\u00e7\u00e3o patri\u00f3tica no per\u00edodo de Renova\u00e7\u00e3o.<\/div><\/div><\/div><\/div><div data-bb-version=\"5.4.2\" class=\"item bt_bb_inner_banner_info_slider\"><div class=\"in\"><div class=\"img\"><span style=\"background-color: rgb(255,255,255)\" class=\"after\"><\/span><img decoding=\"async\" src=\"https:\/\/vinphaco.net\/wp-content\/uploads\/2025\/08\/Vinphaco-First-Class-Labor-Medal.png\" alt=\"TWVkYWxoYSBkYSBJbmRlcGVuZMOqbmNpYSBkZSBQcmltZWlyYSBDbGFzc2U=\"><\/div><div class=\"title\" style=\"color: rgb(36,38,112)\"><h5>Medalha da Independ\u00eancia de Primeira Classe<\/h5><\/div><div class=\"wrap-desc\" style=\"background-color: rgb(231,231,231)\"><div class=\"title\"><h6>Medalha da Independ\u00eancia de Primeira Classe<\/h6><\/div><div class=\"desc\">Atribu\u00eddo pelo Estado do Vietname a indiv\u00edduos e organiza\u00e7\u00f5es com realiza\u00e7\u00f5es not\u00e1veis em termos de trabalho, produ\u00e7\u00e3o e inova\u00e7\u00e3o, contribuindo significativamente para o desenvolvimento do pa\u00eds.<\/div><\/div><\/div><\/div><div data-bb-version=\"5.4.2\" class=\"item bt_bb_inner_banner_info_slider\"><div class=\"in\"><div class=\"img\"><span style=\"background-color: rgb(255,255,255)\" class=\"after\"><\/span><img decoding=\"async\" src=\"https:\/\/vinphaco.net\/wp-content\/uploads\/2025\/08\/Vinphaco-Vietnam-High-Quality.png\" alt=\"VmlldG5hbWUgUHJvZHV0b3MgZGUgYWx0YSBxdWFsaWRhZGU=\"><\/div><div class=\"title\" style=\"color: rgb(36,38,112)\"><h5>Vietname Produtos de alta qualidade<\/h5><\/div><div class=\"wrap-desc\" style=\"background-color: rgb(231,231,231)\"><div class=\"title\"><h6>Vietname Produtos de alta qualidade<\/h6><\/div><div class=\"desc\">Uma certifica\u00e7\u00e3o concedida pela Associa\u00e7\u00e3o Comercial de Bens de Alta Qualidade do Vietname, atribu\u00edda a empresas e produtos que ganharam a confian\u00e7a e os votos dos consumidores e retalhistas de todo o pa\u00eds.<\/div><\/div><\/div><\/div><\/div><div class=\"slider-control slider-navigation all-bottom\"><button class=\"prev\"><svg width=\"18\" height=\"12\" viewBox=\"0 0 18 12\" fill=\"none\" xmlns=\"http:\/\/www.w3.org\/2000\/svg\"><path fill-rule=\"evenodd\" clip-rule=\"evenodd\" d=\"M7 0L7 3C7 3.72857 6.80521 4.41165 6.46487 5L18 5V7L6.46487 7C6.80521 7.58835 7 8.27143 7 9L7 12H5L5 9C5 7.896 4.10549 7.00092 3.00171 7C3.00114 7 3.00057 7 3 7L0 7V5L3 5C4.10457 5 5 4.10457 5 3L5 0H7Z\" fill=\"#C0D0E5\"\/><\/svg><\/button><div class=\"custom-dots\"><\/div><button class=\"next\"><svg width=\"18\" height=\"12\" viewBox=\"0 0 18 12\" fill=\"none\" xmlns=\"http:\/\/www.w3.org\/2000\/svg\"><path fill-rule=\"evenodd\" clip-rule=\"evenodd\" d=\"M13 0L13 3C13 4.10457 13.8954 5 15 5L18 5V7L15 7C14.9994 7 14.9989 7 14.9983 7C13.8945 7.00092 13 7.896 13 9L13 12H11L11 9C11 8.27143 11.1948 7.58835 11.5351 7L0 7V5L11.5351 5C11.1948 4.41165 11 3.72857 11 3L11 0H13Z\" fill=\"#C0D0E5\"\/><\/svg><\/button><\/div><\/div><\/div><\/div><\/div><\/div><\/div><\/div><!-- cell_inner --><\/div><!-- cell --><\/div><!-- port --><\/section><\/p>\n","protected":false},"excerpt":{"rendered":"","protected":false},"author":5,"featured_media":0,"parent":0,"menu_order":0,"comment_status":"closed","ping_status":"closed","template":"","meta":{"_acf_changed":false,"footnotes":""},"class_list":["post-5888","page","type-page","status-publish","hentry"],"acf":[],"_links":{"self":[{"href":"https:\/\/vinphaco.net\/pt-pt\/wp-json\/wp\/v2\/pages\/5888","targetHints":{"allow":["GET"]}}],"collection":[{"href":"https:\/\/vinphaco.net\/pt-pt\/wp-json\/wp\/v2\/pages"}],"about":[{"href":"https:\/\/vinphaco.net\/pt-pt\/wp-json\/wp\/v2\/types\/page"}],"author":[{"embeddable":true,"href":"https:\/\/vinphaco.net\/pt-pt\/wp-json\/wp\/v2\/users\/5"}],"replies":[{"embeddable":true,"href":"https:\/\/vinphaco.net\/pt-pt\/wp-json\/wp\/v2\/comments?post=5888"}],"version-history":[{"count":13,"href":"https:\/\/vinphaco.net\/pt-pt\/wp-json\/wp\/v2\/pages\/5888\/revisions"}],"predecessor-version":[{"id":14289,"href":"https:\/\/vinphaco.net\/pt-pt\/wp-json\/wp\/v2\/pages\/5888\/revisions\/14289"}],"wp:attachment":[{"href":"https:\/\/vinphaco.net\/pt-pt\/wp-json\/wp\/v2\/media?parent=5888"}],"curies":[{"name":"wp","href":"https:\/\/api.w.org\/{rel}","templated":true}]}}