{"id":6120,"date":"2025-02-25T14:26:21","date_gmt":"2025-02-25T07:26:21","guid":{"rendered":"https:\/\/vinphaco.net\/sistema-de-armazem\/"},"modified":"2025-08-21T13:25:59","modified_gmt":"2025-08-21T06:25:59","slug":"sistema-de-armazem","status":"publish","type":"page","link":"https:\/\/vinphaco.net\/pt-pt\/fabrica\/sistema-de-armazem\/","title":{"rendered":"Sistema de armaz\u00e9m"},"content":{"rendered":"<p><section data-bb-version=\"5.2.6\" id=\"bt_bb_section69eb5e438e2fa\" class=\"bt_bb_section bt_bb_layout_wide bt_bb_vertical_align_top bt_bb_top_spacing_none bt_bb_bottom_spacing_none\"  data-bt-override-class=\"{&quot;bt_bb_top_spacing_&quot;:{&quot;current_class&quot;:&quot;bt_bb_top_spacing_none&quot;,&quot;def&quot;:&quot;none&quot;},&quot;bt_bb_bottom_spacing_&quot;:{&quot;current_class&quot;:&quot;bt_bb_bottom_spacing_none&quot;,&quot;def&quot;:&quot;none&quot;},&quot;bt_bb_animation_&quot;:{&quot;current_class&quot;:&quot;bt_bb_animation_no_animation&quot;,&quot;def&quot;:&quot;no_animation&quot;}}\"><div class=\"bt_bb_port\"><div class=\"bt_bb_cell\"><div class=\"bt_bb_cell_inner\"><div data-bb-version=\"5.2.6\" class=\"bt_bb_row  bt_bb_animation_fade_in animate\"  data-bt-override-class=\"{&quot;bt_bb_animation_&quot;:{&quot;current_class&quot;:&quot;bt_bb_animation_fade_in animate&quot;,&quot;def&quot;:&quot;fade_in animate&quot;}}\"><div class=\"bt_bb_row_holder\" ><div data-bb-version=\"5.2.6\"  class=\"bt_bb_column col-xxl-12 col-xl-12 col-xs-12 col-sm-12 col-md-12 col-lg-12 bt_bb_vertical_align_top bt_bb_align_left bt_bb_padding_normal\" style=\"; --column-width:12;\" data-width=\"12\" data-bt-override-class=\"{}\"><div class=\"bt_bb_column_content\"><div class=\"bt_bb_column_content_inner\"><div data-bb-version=\"5.4.2\" class=\"bt_bb_slider bt_bb_height_auto bt_bb_multiple_slides bt_bb_animation_slide animate\"><div class=\"slick-slider\"  data-slick='{ \"lazyLoad\": \"progressive\", \"cssEase\": \"ease-out\", \"speed\": \"300\", \"adaptiveHeight\": true, \"prevArrow\": \"\", \"nextArrow\": \"\",\"slidesToShow\": 1}' ><div class=\"bt_bb_slider_item\" data-src-full=\"https:\/\/vinphaco.net\/wp-content\/uploads\/2025\/07\/Vinphaco-GMP-Factory.png\"><img decoding=\"async\" src=\"https:\/\/vinphaco.net\/wp-content\/uploads\/2025\/07\/Vinphaco-GMP-Factory.png\" alt=\"Vinphaco-GMP-Factory\"  title=\"Vinphaco-GMP-Factory\"><\/div><\/div><\/div><\/div><\/div><\/div><\/div><\/div><\/div><!-- cell_inner --><\/div><!-- cell --><\/div><!-- port --><\/section><section data-bb-version=\"5.2.6\" id=\"bt_bb_section69eb5e438e678\" class=\"bt_bb_section bt_bb_layout_boxed_1200 bt_bb_vertical_align_top bt_bb_top_spacing_none bt_bb_bottom_spacing_none\"  data-bt-override-class=\"{&quot;bt_bb_top_spacing_&quot;:{&quot;current_class&quot;:&quot;bt_bb_top_spacing_none&quot;,&quot;def&quot;:&quot;none&quot;},&quot;bt_bb_bottom_spacing_&quot;:{&quot;current_class&quot;:&quot;bt_bb_bottom_spacing_none&quot;,&quot;def&quot;:&quot;none&quot;},&quot;bt_bb_animation_&quot;:{&quot;current_class&quot;:&quot;bt_bb_animation_no_animation&quot;,&quot;def&quot;:&quot;no_animation&quot;}}\"><div class=\"bt_bb_port\"><div class=\"bt_bb_cell\"><div class=\"bt_bb_cell_inner\"><div data-bb-version=\"5.2.6\" class=\"bt_bb_row \"  data-bt-override-class=\"{}\"><div class=\"bt_bb_row_holder\" ><div data-bb-version=\"5.2.6\"  class=\"bt_bb_column col-xxl-12 col-xl-12 col-xs-12 col-sm-12 col-md-12 col-lg-12 bt_bb_vertical_align_top bt_bb_align_left bt_bb_padding_normal bt_bb_animation_fade_in animate\" style=\"; --column-width:12;\" data-width=\"12\" data-bt-override-class=\"{&quot;bt_bb_align_&quot;:{&quot;current_class&quot;:&quot;bt_bb_align_left&quot;,&quot;def&quot;:&quot;left&quot;},&quot;bt_bb_padding_&quot;:{&quot;current_class&quot;:&quot;bt_bb_padding_normal&quot;,&quot;def&quot;:&quot;normal&quot;},&quot;bt_bb_animation_&quot;:{&quot;current_class&quot;:&quot;bt_bb_animation_fade_in animate&quot;,&quot;def&quot;:&quot;fade_in animate&quot;}}\"><div class=\"bt_bb_column_content\"><div class=\"bt_bb_column_content_inner\"><div data-bb-version=\"5.2.6\" class=\"bt_bb_breadcrumb\"><div class=\"breadcrumb-wrapper\"><nav class=\"breadcrumb\"><a href=\"https:\/\/vinphaco.net\/pt-pt\/\">Casa<\/a> <svg width=\"8\" height=\"14\" viewBox=\"0 0 8 14\" fill=\"none\" xmlns=\"http:\/\/www.w3.org\/2000\/svg\"><path d=\"M1 13L7 7L1 1\" stroke=\"#181D27\" stroke-width=\"2\" stroke-linecap=\"round\" stroke-linejoin=\"round\"\/><\/svg><\/nav><\/div><\/div><\/div><\/div><\/div><\/div><\/div><\/div><!-- cell_inner --><\/div><!-- cell --><\/div><!-- port --><\/section><section data-bb-version=\"5.2.6\" id=\"bt_bb_section69eb5e438e8cc\" class=\"bt_bb_section bt_bb_layout_boxed_1200 bt_bb_vertical_align_top bt_bb_top_spacing_none bt_bb_bottom_spacing_40\"  data-bt-override-class=\"{&quot;bt_bb_top_spacing_&quot;:{&quot;current_class&quot;:&quot;bt_bb_top_spacing_none&quot;,&quot;def&quot;:&quot;none&quot;},&quot;bt_bb_bottom_spacing_&quot;:{&quot;current_class&quot;:&quot;bt_bb_bottom_spacing_40&quot;,&quot;def&quot;:&quot;40&quot;},&quot;bt_bb_animation_&quot;:{&quot;current_class&quot;:&quot;bt_bb_animation_no_animation&quot;,&quot;def&quot;:&quot;no_animation&quot;}}\"><div class=\"bt_bb_port\"><div class=\"bt_bb_cell\"><div class=\"bt_bb_cell_inner\"><div class=\"bt_bb_row \"  data-bt-override-class=\"{}\"><div class=\"bt_bb_row_holder\" ><div data-bb-version=\"5.2.6\"  class=\"bt_bb_column col-xxl-12 col-xl-12 col-xs-12 col-sm-12 col-md-12 col-lg-12 bt_bb_vertical_align_top bt_bb_align_left bt_bb_padding_normal bt_bb_animation_fade_in animate\" style=\"; --column-width:12;\" data-width=\"12\" data-bt-override-class=\"{&quot;bt_bb_align_&quot;:{&quot;current_class&quot;:&quot;bt_bb_align_left&quot;,&quot;def&quot;:&quot;left&quot;},&quot;bt_bb_padding_&quot;:{&quot;current_class&quot;:&quot;bt_bb_padding_normal&quot;,&quot;def&quot;:&quot;normal&quot;},&quot;bt_bb_animation_&quot;:{&quot;current_class&quot;:&quot;bt_bb_animation_fade_in animate&quot;,&quot;def&quot;:&quot;fade_in animate&quot;}}\"><div class=\"bt_bb_column_content\"><div class=\"bt_bb_column_content_inner\"><div data-bb-version=\"5.4.2\" class=\"bt_bb_video mb-40\"><div class=\"section-video\"><div class=\"video-embed \"><video class=\"myVideo\" playsinline poster=\"https:\/\/vinphaco.net\/wp-content\/uploads\/2025\/07\/Vinphaco-warehouse-system.png\"><source src=\"https:\/\/vinphaco.net\/wp-content\/uploads\/2020\/09\/Introduction-TVC-of-Vinh-Phuc-Pharmaceutical-Joint-Stock-Company-2025.mp4\" type=\"video\/mp4\"><p><i>O teu browser n\u00e3o suporta a etiqueta de v\u00eddeo.<\/i><\/p><\/video><button class=\"playStopButton\"><\/button><\/div><\/div><\/div><div data-bb-version=\"5.4.2\" class=\"bt_bb_heading_section text-center page-heading-about\"><div class=\"section-title bt_bb_heading_section\"><div class=\"title\"><h3>Sistema de armaz\u00e9m Vinphaco<\/h3> <\/div><div class=\"desc\">A Vinh Phuc Pharmaceutical Joint Stock Company possui um moderno sistema de armaz\u00e9m concebido e operado em estrita conformidade com as normas GMP - GSP - GDP, cumprindo todos os requisitos de armazenamento, seguran\u00e7a, preven\u00e7\u00e3o de inc\u00eandios e rastreabilidade. O sistema inclui um armaz\u00e9m de produtos acabados, um armaz\u00e9m de mat\u00e9rias-primas e um armaz\u00e9m de embalagens, todos equipados com instala\u00e7\u00f5es e processos de gest\u00e3o avan\u00e7ados para garantir a qualidade dos produtos, desde as mat\u00e9rias-primas at\u00e9 aos produtos acabados, para os mercados nacional e internacional. <\/div><\/div><\/div><\/div><\/div><\/div><\/div><\/div><\/div><!-- cell_inner --><\/div><!-- cell --><\/div><!-- port --><\/section><section data-bb-version=\"5.2.6\" id=\"bt_bb_section69eb5e438ec2e\" class=\"bt_bb_section bt_bb_layout_boxed_1200 bt_bb_vertical_align_top bt_bb_top_spacing_100 bt_bb_bottom_spacing_60 responsive-col-767 zizac-item\"  data-bt-override-class=\"{&quot;bt_bb_top_spacing_&quot;:{&quot;current_class&quot;:&quot;bt_bb_top_spacing_100&quot;,&quot;def&quot;:&quot;100&quot;},&quot;bt_bb_bottom_spacing_&quot;:{&quot;current_class&quot;:&quot;bt_bb_bottom_spacing_60&quot;,&quot;def&quot;:&quot;60&quot;},&quot;bt_bb_animation_&quot;:{&quot;current_class&quot;:&quot;bt_bb_animation_no_animation&quot;,&quot;def&quot;:&quot;no_animation&quot;}}\"><div class=\"bt_bb_background_image_holder_wrapper\"><div class=\"bt_bb_background_image_holder btLazyLoadBackground\"  data-background_image_src=\"https:\/\/vinphaco.net\/wp-content\/uploads\/2025\/04\/Frame-1000002466.png\" data-parallax-zoom-start=\"1\" data-parallax-zoom-end=\"1\" data-parallax-blur-start=\"0\" data-parallax-blur-end=\"0\" data-parallax-opacity-start=\"1\" data-parallax-opacity-end=\"1\" style=\" background-image: url(&#039;https:\/\/vinphaco.net\/wp-content\/plugins\/bold-page-builder\/img\/blank.gif&#039;);\"><\/div><\/div><div class=\"bt_bb_port\"><div class=\"bt_bb_cell\"><div class=\"bt_bb_cell_inner\"><div data-bb-version=\"5.2.6\" class=\"bt_bb_row  mb-80 equa-height middle\"  data-bt-override-class=\"{&quot;bt_bb_animation_&quot;:{&quot;current_class&quot;:&quot;bt_bb_animation_no_animation&quot;,&quot;def&quot;:&quot;no_animation&quot;}}\"><div class=\"bt_bb_row_holder\" ><div data-bb-version=\"5.2.6\"  class=\"bt_bb_column col-xxl-6 col-xl-6 col-xs-12 col-sm-6 col-md-6 col-lg-6 bt_bb_vertical_align_top bt_bb_align_left bt_bb_padding_normal\" style=\"; --column-width:6;\" data-width=\"6\" data-bt-override-class=\"{}\"><div class=\"bt_bb_column_content\"><div class=\"bt_bb_column_content_inner\"><div data-bb-version=\"5.4.2\" class=\"bt_bb_image wow animate__animated animate__fadeInLeft img-radius-40 bt_bb_shape_square bt_bb_target_self bt_bb_align_inherit bt_bb_hover_style_simple bt_bb_content_display_always bt_bb_content_align_middle\" data-bt-override-class=\"{&quot;bt_bb_align_&quot;:{&quot;current_class&quot;:&quot;bt_bb_align_inherit&quot;,&quot;def&quot;:&quot;inherit&quot;},&quot;bt_bb_content_display_&quot;:{&quot;current_class&quot;:&quot;bt_bb_content_display_always&quot;,&quot;def&quot;:&quot;always&quot;},&quot;bt_bb_animation_&quot;:{&quot;current_class&quot;:&quot;bt_bb_animation_no_animation&quot;,&quot;def&quot;:&quot;no_animation&quot;}}\"><span><img loading=\"lazy\" decoding=\"async\" width=\"568\" height=\"368\" src=\"https:\/\/vinphaco.net\/wp-content\/uploads\/2025\/08\/Vinphaco-raw-material-werahouse-1.png\" class=\"attachment-full size-full\" alt=\"Vinphaco-raw-material-werahouse\" data-full_image_src=\"https:\/\/vinphaco.net\/wp-content\/uploads\/2025\/08\/Vinphaco-raw-material-werahouse-1.png\" title=\"Vinphaco-raw-material-werahouse\" srcset=\"https:\/\/vinphaco.net\/wp-content\/uploads\/2025\/08\/Vinphaco-raw-material-werahouse-1.png 568w, https:\/\/vinphaco.net\/wp-content\/uploads\/2025\/08\/Vinphaco-raw-material-werahouse-1-320x207.png 320w\" sizes=\"auto, (max-width: 568px) 100vw, 568px\" \/><\/span><\/div><\/div><\/div><\/div><div data-bb-version=\"5.2.6\"  class=\"bt_bb_column col-xxl-6 col-xl-6 col-xs-12 col-sm-6 col-md-6 col-lg-6 bt_bb_vertical_align_top bt_bb_align_left bt_bb_padding_normal\" style=\"; --column-width:6;\" data-width=\"6\" data-bt-override-class=\"{}\"><div class=\"bt_bb_column_content\"><div class=\"bt_bb_column_content_inner\"><div data-bb-version=\"5.4.2\" class=\"box-text-icon line-no-icon bt_bb_box_text_icon bt_bb_box_text_icon wow animate__animated animate__fadeInRight\"  style=\"background-color: \"><div><div class=\"wrap-desc\"><div class=\"title\"><h3 style=\"\">Armaz\u00e9m de mat\u00e9rias-primas<\/h3><\/div><div class=\"desc\" style=\"\">Com uma superf\u00edcie de mais de 400 m\u00b2 e uma capacidade de cerca de 300 paletes, este armaz\u00e9m guarda mat\u00e9rias-primas farmac\u00eauticas, excipientes e materiais auxiliares de produ\u00e7\u00e3o. Foi concebido com zonas de armazenamento dedicadas de acordo com as carater\u00edsticas dos materiais, equipado com sistemas de controlo ambiental, sistemas certificados de preven\u00e7\u00e3o e combate a inc\u00eandios e vigil\u00e2ncia de seguran\u00e7a 24 horas por dia, 7 dias por semana. A sua escala e capacidade s\u00e3o constru\u00eddas para satisfazer as exig\u00eancias de produ\u00e7\u00e3o em grande escala, apoiando os planos de fornecimento interno e de exporta\u00e7\u00e3o da empresa.  <\/div><\/div><\/div><\/div><\/div><\/div><\/div><\/div><\/div><div data-bb-version=\"5.2.6\" class=\"bt_bb_row  equa-height middle mb-80\"  data-bt-override-class=\"{&quot;bt_bb_animation_&quot;:{&quot;current_class&quot;:&quot;bt_bb_animation_no_animation&quot;,&quot;def&quot;:&quot;no_animation&quot;}}\"><div class=\"bt_bb_row_holder\" ><div data-bb-version=\"5.2.6\"  class=\"bt_bb_column col-xxl-6 col-xl-6 col-xs-12 col-sm-6 col-md-6 col-lg-6 bt_bb_vertical_align_top bt_bb_align_left bt_bb_padding_normal\" style=\"; --column-width:6;\" data-width=\"6\" data-bt-override-class=\"{}\"><div class=\"bt_bb_column_content\"><div class=\"bt_bb_column_content_inner\"><div data-bb-version=\"5.4.2\" class=\"box-text-icon line-no-icon bt_bb_box_text_icon bt_bb_box_text_icon wow animate__animated animate__fadeInLeft\"  style=\"background-color: \"><div><div class=\"wrap-desc\"><div class=\"title\"><h3 style=\"\">Armaz\u00e9m de embalagens<\/h3><\/div><div class=\"desc\" style=\"\">Com uma \u00e1rea de 1.000 m\u00b2 e uma capacidade de cerca de 2.000 paletes, este armaz\u00e9m foi recentemente colocado em funcionamento em 2024 com infra-estruturas de ponta e equipamento avan\u00e7ado. Armazena todos os materiais de embalagem para a produ\u00e7\u00e3o e acondicionamento de produtos farmac\u00eauticos, organizados por tipo e tamanho para otimizar o espa\u00e7o de armazenamento e o fluxo de trabalho. Equipado com sistemas de preven\u00e7\u00e3o de inc\u00eandios, c\u00e2maras de seguran\u00e7a 24 horas por dia, 7 dias por semana e controlo ambiental, garante que os materiais de embalagem permanecem limpos, intactos e prontos para apoiar a produ\u00e7\u00e3o orientada para a exporta\u00e7\u00e3o em grande escala e a distribui\u00e7\u00e3o a n\u00edvel nacional.  <\/div><\/div><\/div><\/div><\/div><\/div><\/div><div data-bb-version=\"5.2.6\"  class=\"bt_bb_column col-xxl-6 col-xl-6 col-xs-12 col-sm-6 col-md-6 col-lg-6 bt_bb_vertical_align_top bt_bb_align_left bt_bb_padding_normal\" style=\"; --column-width:6;\" data-width=\"6\" data-bt-override-class=\"{}\"><div class=\"bt_bb_column_content\"><div class=\"bt_bb_column_content_inner\"><div data-bb-version=\"5.4.2\" class=\"bt_bb_image wow animate__animated animate__fadeInRight img-radius-40 bt_bb_shape_square bt_bb_target_self bt_bb_align_inherit bt_bb_hover_style_simple bt_bb_content_display_always bt_bb_content_align_middle\" data-bt-override-class=\"{&quot;bt_bb_align_&quot;:{&quot;current_class&quot;:&quot;bt_bb_align_inherit&quot;,&quot;def&quot;:&quot;inherit&quot;},&quot;bt_bb_content_display_&quot;:{&quot;current_class&quot;:&quot;bt_bb_content_display_always&quot;,&quot;def&quot;:&quot;always&quot;},&quot;bt_bb_animation_&quot;:{&quot;current_class&quot;:&quot;bt_bb_animation_no_animation&quot;,&quot;def&quot;:&quot;no_animation&quot;}}\"><span><img loading=\"lazy\" decoding=\"async\" width=\"568\" height=\"368\" src=\"https:\/\/vinphaco.net\/wp-content\/uploads\/2025\/07\/Vinphaco-prodution-warehouse.png\" class=\"attachment-full size-full\" alt=\"Vinphaco-prodution-warehouse\" data-full_image_src=\"https:\/\/vinphaco.net\/wp-content\/uploads\/2025\/07\/Vinphaco-prodution-warehouse.png\" title=\"Vinphaco-prodution-warehouse\" srcset=\"https:\/\/vinphaco.net\/wp-content\/uploads\/2025\/07\/Vinphaco-prodution-warehouse.png 568w, https:\/\/vinphaco.net\/wp-content\/uploads\/2025\/07\/Vinphaco-prodution-warehouse-320x207.png 320w\" sizes=\"auto, (max-width: 568px) 100vw, 568px\" \/><\/span><\/div><\/div><\/div><\/div><\/div><\/div><div data-bb-version=\"5.2.6\" class=\"bt_bb_row  mb-80 equa-height middle\"  data-bt-override-class=\"{&quot;bt_bb_animation_&quot;:{&quot;current_class&quot;:&quot;bt_bb_animation_no_animation&quot;,&quot;def&quot;:&quot;no_animation&quot;}}\"><div class=\"bt_bb_row_holder\" ><div data-bb-version=\"5.2.6\"  class=\"bt_bb_column col-xxl-6 col-xl-6 col-xs-12 col-sm-6 col-md-6 col-lg-6 bt_bb_vertical_align_top bt_bb_align_left bt_bb_padding_normal\" style=\"; --column-width:6;\" data-width=\"6\" data-bt-override-class=\"{}\"><div class=\"bt_bb_column_content\"><div class=\"bt_bb_column_content_inner\"><div data-bb-version=\"5.4.2\" class=\"bt_bb_image wow animate__animated animate__fadeInLeft img-radius-40 bt_bb_shape_square bt_bb_target_self bt_bb_align_inherit bt_bb_hover_style_simple bt_bb_content_display_always bt_bb_content_align_middle\" data-bt-override-class=\"{&quot;bt_bb_align_&quot;:{&quot;current_class&quot;:&quot;bt_bb_align_inherit&quot;,&quot;def&quot;:&quot;inherit&quot;},&quot;bt_bb_content_display_&quot;:{&quot;current_class&quot;:&quot;bt_bb_content_display_always&quot;,&quot;def&quot;:&quot;always&quot;},&quot;bt_bb_animation_&quot;:{&quot;current_class&quot;:&quot;bt_bb_animation_no_animation&quot;,&quot;def&quot;:&quot;no_animation&quot;}}\"><span><img loading=\"lazy\" decoding=\"async\" width=\"568\" height=\"360\" src=\"https:\/\/vinphaco.net\/wp-content\/uploads\/2025\/08\/Vinphaco-finished-product-werahouse.png\" class=\"attachment-full size-full\" alt=\"Vinphaco-finished-product-werahouse\" data-full_image_src=\"https:\/\/vinphaco.net\/wp-content\/uploads\/2025\/08\/Vinphaco-finished-product-werahouse.png\" title=\"Vinphaco-finished-product-werahouse\" srcset=\"https:\/\/vinphaco.net\/wp-content\/uploads\/2025\/08\/Vinphaco-finished-product-werahouse.png 568w, https:\/\/vinphaco.net\/wp-content\/uploads\/2025\/08\/Vinphaco-finished-product-werahouse-320x203.png 320w\" sizes=\"auto, (max-width: 568px) 100vw, 568px\" \/><\/span><\/div><\/div><\/div><\/div><div data-bb-version=\"5.2.6\"  class=\"bt_bb_column col-xxl-6 col-xl-6 col-xs-12 col-sm-6 col-md-6 col-lg-6 bt_bb_vertical_align_top bt_bb_align_left bt_bb_padding_normal\" style=\"; --column-width:6;\" data-width=\"6\" data-bt-override-class=\"{}\"><div class=\"bt_bb_column_content\"><div class=\"bt_bb_column_content_inner\"><div data-bb-version=\"5.4.2\" class=\"box-text-icon line-no-icon bt_bb_box_text_icon bt_bb_box_text_icon wow animate__animated animate__fadeInRight\"  style=\"background-color: \"><div><div class=\"wrap-desc\"><div class=\"title\"><h3 style=\"\">Armaz\u00e9m de produtos acabados<\/h3><\/div><div class=\"desc\" style=\"\">Com uma \u00e1rea total de mais de 500 m\u00b2 e uma capacidade de mais de 350 paletes, este armaz\u00e9m guarda medicamentos completos prontos para distribui\u00e7\u00e3o. Funciona como o centro de distribui\u00e7\u00e3o central da empresa, abastecendo todas as filiais em Da Nang, Ho Chi Minh City e Can Tho, atendendo ao mercado nacional e \u00e0s exporta\u00e7\u00f5es. O armaz\u00e9m est\u00e1 equipado com sistemas de estantes, \u00e1reas de armazenamento dedicadas, controlo clim\u00e1tico da temperatura e da humidade, sistemas automatizados de monitoriza\u00e7\u00e3o e alarme e vigil\u00e2ncia por c\u00e2maras de seguran\u00e7a 24 horas por dia, 7 dias por semana. Procedimentos de gest\u00e3o rigorosos garantem que os produtos mant\u00eam uma qualidade \u00f3ptima antes da expedi\u00e7\u00e3o.   <\/div><\/div><\/div><\/div><\/div><\/div><\/div><\/div><\/div><\/div><!-- cell_inner --><\/div><!-- cell --><\/div><!-- port --><\/section><\/p>\n","protected":false},"excerpt":{"rendered":"","protected":false},"author":5,"featured_media":0,"parent":7402,"menu_order":0,"comment_status":"closed","ping_status":"closed","template":"","meta":{"_acf_changed":false,"footnotes":""},"class_list":["post-6120","page","type-page","status-publish","hentry"],"acf":[],"_links":{"self":[{"href":"https:\/\/vinphaco.net\/pt-pt\/wp-json\/wp\/v2\/pages\/6120","targetHints":{"allow":["GET"]}}],"collection":[{"href":"https:\/\/vinphaco.net\/pt-pt\/wp-json\/wp\/v2\/pages"}],"about":[{"href":"https:\/\/vinphaco.net\/pt-pt\/wp-json\/wp\/v2\/types\/page"}],"author":[{"embeddable":true,"href":"https:\/\/vinphaco.net\/pt-pt\/wp-json\/wp\/v2\/users\/5"}],"replies":[{"embeddable":true,"href":"https:\/\/vinphaco.net\/pt-pt\/wp-json\/wp\/v2\/comments?post=6120"}],"version-history":[{"count":10,"href":"https:\/\/vinphaco.net\/pt-pt\/wp-json\/wp\/v2\/pages\/6120\/revisions"}],"predecessor-version":[{"id":14068,"href":"https:\/\/vinphaco.net\/pt-pt\/wp-json\/wp\/v2\/pages\/6120\/revisions\/14068"}],"up":[{"embeddable":true,"href":"https:\/\/vinphaco.net\/pt-pt\/wp-json\/wp\/v2\/pages\/7402"}],"wp:attachment":[{"href":"https:\/\/vinphaco.net\/pt-pt\/wp-json\/wp\/v2\/media?parent=6120"}],"curies":[{"name":"wp","href":"https:\/\/api.w.org\/{rel}","templated":true}]}}