{"id":13603,"date":"2025-08-21T09:29:42","date_gmt":"2025-08-21T02:29:42","guid":{"rendered":"https:\/\/vinphaco.net\/product\/vintolox\/"},"modified":"2025-10-02T11:41:14","modified_gmt":"2025-10-02T04:41:14","slug":"vintolox","status":"publish","type":"product","link":"https:\/\/vinphaco.net\/pt-pt\/produto\/vintolox\/","title":{"rendered":"VINTOLOX"},"content":{"rendered":"","protected":false},"excerpt":{"rendered":"<p>O pantoprazol \u00e9 uma das quatro subst\u00e2ncias reputadas do grupo dos IBP (inibidores da bomba de prot\u00f5es) no tratamento da doen\u00e7a do refluxo gastroesof\u00e1gico (DRGE) ou na redu\u00e7\u00e3o do risco de ressangramento de \u00falceras g\u00e1stricas ou duodenais<\/p>\n","protected":false},"featured_media":11722,"template":"","meta":{"_acf_changed":false},"product_brand":[],"product_cat":[392],"product_tag":[353,354],"class_list":{"0":"post-13603","1":"product","2":"type-product","3":"status-publish","4":"has-post-thumbnail","6":"product_cat-etc-gastroenterologia","7":"product_tag-drug-pt-pt","8":"product_tag-etc-pt-pt","10":"first","11":"instock","12":"shipping-taxable","13":"product-type-simple"},"acf":{"product_detail":[{"name":"Forma de dosagem","value":"P\u00f3 liofilizado para inje\u00e7\u00e3o"},{"name":"Indica\u00e7\u00f5es","value":"O pantoprazol \u00e9 um IBP indicado para:\n- Tratamento a curto prazo da doen\u00e7a do refluxo gastroesof\u00e1gico (DRGE) com esofagite erosiva (EE) \n- Redu\u00e7\u00e3o do risco de ressangramento de \u00falceras g\u00e1stricas ou duodenais ap\u00f3s endoscopia terap\u00eautica para \u00falceras g\u00e1stricas ou duodenais hemorr\u00e1gicas agudas em adultos."},{"name":"Composi\u00e7\u00e3o","value":"Pantoprazol (Pantoprazol s\u00f3dico sesquihidratado) 40mg"}],"instructions_for_use":""},"_links":{"self":[{"href":"https:\/\/vinphaco.net\/pt-pt\/wp-json\/wp\/v2\/product\/13603","targetHints":{"allow":["GET"]}}],"collection":[{"href":"https:\/\/vinphaco.net\/pt-pt\/wp-json\/wp\/v2\/product"}],"about":[{"href":"https:\/\/vinphaco.net\/pt-pt\/wp-json\/wp\/v2\/types\/product"}],"wp:featuredmedia":[{"embeddable":true,"href":"https:\/\/vinphaco.net\/pt-pt\/wp-json\/wp\/v2\/media\/11722"}],"wp:attachment":[{"href":"https:\/\/vinphaco.net\/pt-pt\/wp-json\/wp\/v2\/media?parent=13603"}],"wp:term":[{"taxonomy":"product_brand","embeddable":true,"href":"https:\/\/vinphaco.net\/pt-pt\/wp-json\/wp\/v2\/product_brand?post=13603"},{"taxonomy":"product_cat","embeddable":true,"href":"https:\/\/vinphaco.net\/pt-pt\/wp-json\/wp\/v2\/product_cat?post=13603"},{"taxonomy":"product_tag","embeddable":true,"href":"https:\/\/vinphaco.net\/pt-pt\/wp-json\/wp\/v2\/product_tag?post=13603"}],"curies":[{"name":"wp","href":"https:\/\/api.w.org\/{rel}","templated":true}]}}