{"id":13606,"date":"2025-08-21T09:29:42","date_gmt":"2025-08-21T02:29:42","guid":{"rendered":"https:\/\/vinphaco.net\/product\/clindacina-600\/"},"modified":"2025-10-02T11:41:18","modified_gmt":"2025-10-02T04:41:18","slug":"clindacina-600","status":"publish","type":"product","link":"https:\/\/vinphaco.net\/pt-pt\/produto\/clindacina-600\/","title":{"rendered":"CLINDACINA 600"},"content":{"rendered":"","protected":false},"excerpt":{"rendered":"<p>Os produtos \u00e0 base de fosfato de clindamicina est\u00e3o indicados no tratamento de infec\u00e7\u00f5es graves causadas por bact\u00e9rias anaer\u00f3bias suscept\u00edveis.<\/p>\n","protected":false},"featured_media":11690,"template":"","meta":{"_acf_changed":false},"product_brand":[],"product_cat":[464],"product_tag":[353,354],"class_list":{"0":"post-13606","1":"product","2":"type-product","3":"status-publish","4":"has-post-thumbnail","6":"product_cat-etc-antibioticos-pt-pt","7":"product_tag-drug-pt-pt","8":"product_tag-etc-pt-pt","10":"first","11":"instock","12":"shipping-taxable","13":"product-type-simple"},"acf":{"product_detail":[{"name":"Forma de dosagem","value":"Solu\u00e7\u00e3o para inje\u00e7\u00e3o"},{"name":"Indica\u00e7\u00f5es","value":"Antibacteriano: infec\u00e7\u00f5es graves causadas por organismos Gram-positivos suscept\u00edveis, estafilococos, estreptococos, pneumococos e agentes patog\u00e9nicos anaer\u00f3bios suscept\u00edveis  "},{"name":"Composi\u00e7\u00e3o","value":"Clindamicina 600mg\/4ml"}],"instructions_for_use":""},"_links":{"self":[{"href":"https:\/\/vinphaco.net\/pt-pt\/wp-json\/wp\/v2\/product\/13606","targetHints":{"allow":["GET"]}}],"collection":[{"href":"https:\/\/vinphaco.net\/pt-pt\/wp-json\/wp\/v2\/product"}],"about":[{"href":"https:\/\/vinphaco.net\/pt-pt\/wp-json\/wp\/v2\/types\/product"}],"wp:featuredmedia":[{"embeddable":true,"href":"https:\/\/vinphaco.net\/pt-pt\/wp-json\/wp\/v2\/media\/11690"}],"wp:attachment":[{"href":"https:\/\/vinphaco.net\/pt-pt\/wp-json\/wp\/v2\/media?parent=13606"}],"wp:term":[{"taxonomy":"product_brand","embeddable":true,"href":"https:\/\/vinphaco.net\/pt-pt\/wp-json\/wp\/v2\/product_brand?post=13606"},{"taxonomy":"product_cat","embeddable":true,"href":"https:\/\/vinphaco.net\/pt-pt\/wp-json\/wp\/v2\/product_cat?post=13606"},{"taxonomy":"product_tag","embeddable":true,"href":"https:\/\/vinphaco.net\/pt-pt\/wp-json\/wp\/v2\/product_tag?post=13606"}],"curies":[{"name":"wp","href":"https:\/\/api.w.org\/{rel}","templated":true}]}}