{"id":13624,"date":"2025-08-21T09:29:42","date_gmt":"2025-08-21T02:29:42","guid":{"rendered":"https:\/\/vinphaco.net\/product\/nelcin-100\/"},"modified":"2025-08-21T09:29:42","modified_gmt":"2025-08-21T02:29:42","slug":"nelcin-100","status":"publish","type":"product","link":"https:\/\/vinphaco.net\/pt-pt\/produto\/nelcin-100\/","title":{"rendered":"NELCIN 100"},"content":{"rendered":"","protected":false},"excerpt":{"rendered":"<p>O Nelcin 100 \u00e9 um dos medicamentos antibacterianos eficazes que cont\u00e9m o ingrediente principal, o sulfato de Netilmicina.<\/p>\n","protected":false},"featured_media":11462,"template":"","meta":{"_acf_changed":false},"product_brand":[],"product_cat":[464],"product_tag":[353,354],"class_list":{"0":"post-13624","1":"product","2":"type-product","3":"status-publish","4":"has-post-thumbnail","6":"product_cat-etc-antibioticos-pt-pt","7":"product_tag-drug-pt-pt","8":"product_tag-etc-pt-pt","10":"first","11":"instock","12":"shipping-taxable","13":"product-type-simple"},"acf":{"product_detail":[{"name":"Forma de dosagem","value":"Solu\u00e7\u00e3o injet\u00e1vel"},{"name":"Indica\u00e7\u00f5es","value":"Indica\u00e7\u00f5es:\n-Tratamento de algumas infec\u00e7\u00f5es graves causadas por bact\u00e9rias Gram-negativas, incluindo bact\u00e9rias resistentes \u00e0 Gentamicina e Tobramicina, Amicacina, Canamicina.\n-Infec\u00e7\u00f5es do trato biliar.\n-Infec\u00e7\u00f5es \u00f3sseas e articulares.\n-Infec\u00e7\u00f5es do sistema nervoso central. -Infec\u00e7\u00f5es intra-abdominais. -Pneumonia causada por bact\u00e9rias Gram-negativas. -Bacteremia. -Infec\u00e7\u00f5es da pele e dos tecidos moles (incluindo queimaduras e infec\u00e7\u00f5es do sistema nervoso central).Infec\u00e7\u00f5es do sistema nervoso central.\n-Infec\u00e7\u00f5es intra-abdominais.\n-Pneumonia causada por bact\u00e9rias Gram-negativas.\n-Bacteremia.\n-Infec\u00e7\u00f5es da pele e dos tecidos moles (incluindo queimaduras).\n-Infec\u00e7\u00f5es recorrentes e complicadas do trato urin\u00e1rio, gonorreia aguda."},{"name":"Composi\u00e7\u00e3o","value":"Netilmicina (Sulfato de Netilmicina) 100mg\/2ml"}],"instructions_for_use":""},"_links":{"self":[{"href":"https:\/\/vinphaco.net\/pt-pt\/wp-json\/wp\/v2\/product\/13624","targetHints":{"allow":["GET"]}}],"collection":[{"href":"https:\/\/vinphaco.net\/pt-pt\/wp-json\/wp\/v2\/product"}],"about":[{"href":"https:\/\/vinphaco.net\/pt-pt\/wp-json\/wp\/v2\/types\/product"}],"wp:featuredmedia":[{"embeddable":true,"href":"https:\/\/vinphaco.net\/pt-pt\/wp-json\/wp\/v2\/media\/11462"}],"wp:attachment":[{"href":"https:\/\/vinphaco.net\/pt-pt\/wp-json\/wp\/v2\/media?parent=13624"}],"wp:term":[{"taxonomy":"product_brand","embeddable":true,"href":"https:\/\/vinphaco.net\/pt-pt\/wp-json\/wp\/v2\/product_brand?post=13624"},{"taxonomy":"product_cat","embeddable":true,"href":"https:\/\/vinphaco.net\/pt-pt\/wp-json\/wp\/v2\/product_cat?post=13624"},{"taxonomy":"product_tag","embeddable":true,"href":"https:\/\/vinphaco.net\/pt-pt\/wp-json\/wp\/v2\/product_tag?post=13624"}],"curies":[{"name":"wp","href":"https:\/\/api.w.org\/{rel}","templated":true}]}}