{"id":13628,"date":"2025-08-21T09:29:41","date_gmt":"2025-08-21T02:29:41","guid":{"rendered":"https:\/\/vinphaco.net\/product\/nisitanol\/"},"modified":"2025-10-02T11:40:34","modified_gmt":"2025-10-02T04:40:34","slug":"nisitanol","status":"publish","type":"product","link":"https:\/\/vinphaco.net\/pt-pt\/produto\/nisitanol\/","title":{"rendered":"NISITANOL"},"content":{"rendered":"","protected":false},"excerpt":{"rendered":"<p>O nisitanol trata as dores reum\u00e1ticas, as dores de dentes e as dores p\u00f3s-operat\u00f3rias<\/p>\n","protected":false},"featured_media":11298,"template":"","meta":{"_acf_changed":false},"product_brand":[],"product_cat":[352],"product_tag":[353,354],"class_list":{"0":"post-13628","1":"product","2":"type-product","3":"status-publish","4":"has-post-thumbnail","6":"product_cat-etc-corticosterioids-nsaids-pt-pt","7":"product_tag-drug-pt-pt","8":"product_tag-etc-pt-pt","10":"first","11":"instock","12":"shipping-taxable","13":"product-type-simple"},"acf":{"product_detail":[{"name":"Forma de dosagem","value":"Tablet  "},{"name":"Indica\u00e7\u00f5es","value":"Nisitanol \u00e9 indicado nos seguintes casos:\nTratamento da dor moderada devido a muitas causas, tais como: Dor reum\u00e1tica, dor de dentes, dor p\u00f3s-operat\u00f3ria, dor cr\u00f3nica."},{"name":"Composi\u00e7\u00e3o","value":"Nisitanol 20mg"}],"instructions_for_use":""},"_links":{"self":[{"href":"https:\/\/vinphaco.net\/pt-pt\/wp-json\/wp\/v2\/product\/13628","targetHints":{"allow":["GET"]}}],"collection":[{"href":"https:\/\/vinphaco.net\/pt-pt\/wp-json\/wp\/v2\/product"}],"about":[{"href":"https:\/\/vinphaco.net\/pt-pt\/wp-json\/wp\/v2\/types\/product"}],"wp:featuredmedia":[{"embeddable":true,"href":"https:\/\/vinphaco.net\/pt-pt\/wp-json\/wp\/v2\/media\/11298"}],"wp:attachment":[{"href":"https:\/\/vinphaco.net\/pt-pt\/wp-json\/wp\/v2\/media?parent=13628"}],"wp:term":[{"taxonomy":"product_brand","embeddable":true,"href":"https:\/\/vinphaco.net\/pt-pt\/wp-json\/wp\/v2\/product_brand?post=13628"},{"taxonomy":"product_cat","embeddable":true,"href":"https:\/\/vinphaco.net\/pt-pt\/wp-json\/wp\/v2\/product_cat?post=13628"},{"taxonomy":"product_tag","embeddable":true,"href":"https:\/\/vinphaco.net\/pt-pt\/wp-json\/wp\/v2\/product_tag?post=13628"}],"curies":[{"name":"wp","href":"https:\/\/api.w.org\/{rel}","templated":true}]}}