{"id":13642,"date":"2025-08-21T09:29:41","date_gmt":"2025-08-21T02:29:41","guid":{"rendered":"https:\/\/vinphaco.net\/product\/noradrenalina-5mg-5ml\/"},"modified":"2025-10-02T11:40:40","modified_gmt":"2025-10-02T04:40:40","slug":"noradrenalina-5mg-5ml","status":"publish","type":"product","link":"https:\/\/vinphaco.net\/pt-pt\/produto\/noradrenalina-5mg-5ml\/","title":{"rendered":"NORADRENALINA 5MG\/5ML"},"content":{"rendered":"","protected":false},"excerpt":{"rendered":"<p>A noradrenalina, tamb\u00e9m chamada norepinefrina, \u00e9 um neurotransmissor e uma hormona que desempenha um papel na tua resposta de luta ou fuga<\/p>\n","protected":false},"featured_media":11090,"template":"","meta":{"_acf_changed":false},"product_brand":[],"product_cat":[486],"product_tag":[353,354],"class_list":{"0":"post-13642","1":"product","2":"type-product","3":"status-publish","4":"has-post-thumbnail","6":"product_cat-etc-emergencia-e-acidente-vascular-cerebral","7":"product_tag-drug-pt-pt","8":"product_tag-etc-pt-pt","10":"first","11":"instock","12":"shipping-taxable","13":"product-type-simple"},"acf":{"product_detail":[{"name":"Forma de dosagem","value":"Solu\u00e7\u00e3o injet\u00e1vel"},{"name":"Indica\u00e7\u00f5es","value":"A noradrenalina est\u00e1 indicada em casos de emerg\u00eancia de hipotens\u00e3o aguda."},{"name":"Composi\u00e7\u00e3o","value":"Noradrenalina 5 mg\/5 ml"}],"instructions_for_use":""},"_links":{"self":[{"href":"https:\/\/vinphaco.net\/pt-pt\/wp-json\/wp\/v2\/product\/13642","targetHints":{"allow":["GET"]}}],"collection":[{"href":"https:\/\/vinphaco.net\/pt-pt\/wp-json\/wp\/v2\/product"}],"about":[{"href":"https:\/\/vinphaco.net\/pt-pt\/wp-json\/wp\/v2\/types\/product"}],"wp:featuredmedia":[{"embeddable":true,"href":"https:\/\/vinphaco.net\/pt-pt\/wp-json\/wp\/v2\/media\/11090"}],"wp:attachment":[{"href":"https:\/\/vinphaco.net\/pt-pt\/wp-json\/wp\/v2\/media?parent=13642"}],"wp:term":[{"taxonomy":"product_brand","embeddable":true,"href":"https:\/\/vinphaco.net\/pt-pt\/wp-json\/wp\/v2\/product_brand?post=13642"},{"taxonomy":"product_cat","embeddable":true,"href":"https:\/\/vinphaco.net\/pt-pt\/wp-json\/wp\/v2\/product_cat?post=13642"},{"taxonomy":"product_tag","embeddable":true,"href":"https:\/\/vinphaco.net\/pt-pt\/wp-json\/wp\/v2\/product_tag?post=13642"}],"curies":[{"name":"wp","href":"https:\/\/api.w.org\/{rel}","templated":true}]}}