{"id":13660,"date":"2025-08-21T09:29:41","date_gmt":"2025-08-21T02:29:41","guid":{"rendered":"https:\/\/vinphaco.net\/product\/paparina\/"},"modified":"2025-10-02T11:40:59","modified_gmt":"2025-10-02T04:40:59","slug":"paparina","status":"publish","type":"product","link":"https:\/\/vinphaco.net\/pt-pt\/produto\/paparina\/","title":{"rendered":"PAPARINA"},"content":{"rendered":"","protected":false},"excerpt":{"rendered":"<p>A papaverina \u00e9 um vasodilatador que relaxa os m\u00fasculos lisos dos teus vasos sangu\u00edneos para os ajudar a dilatar (alargar)<\/p>\n","protected":false},"featured_media":11394,"template":"","meta":{"_acf_changed":false},"product_brand":[],"product_cat":[486],"product_tag":[353,354],"class_list":{"0":"post-13660","1":"product","2":"type-product","3":"status-publish","4":"has-post-thumbnail","6":"product_cat-etc-emergencia-e-acidente-vascular-cerebral","7":"product_tag-drug-pt-pt","8":"product_tag-etc-pt-pt","10":"first","11":"instock","12":"shipping-taxable","13":"product-type-simple"},"acf":{"product_detail":[{"name":"Forma de dosagem","value":"Solu\u00e7\u00e3o injet\u00e1vel"},{"name":"Indica\u00e7\u00f5es","value":"A papaverina \u00e9 usada para tratar muitas condi\u00e7\u00f5es que causam espasmo do m\u00fasculo liso. Isto inclui dores no peito, problemas de circula\u00e7\u00e3o, ataque card\u00edaco, ou dist\u00farbios do est\u00f4mago ou da ves\u00edcula biliar. "},{"name":"Composi\u00e7\u00e3o","value":"Hidrocloreto de papaverina 40mg\/2ml"}],"instructions_for_use":""},"_links":{"self":[{"href":"https:\/\/vinphaco.net\/pt-pt\/wp-json\/wp\/v2\/product\/13660","targetHints":{"allow":["GET"]}}],"collection":[{"href":"https:\/\/vinphaco.net\/pt-pt\/wp-json\/wp\/v2\/product"}],"about":[{"href":"https:\/\/vinphaco.net\/pt-pt\/wp-json\/wp\/v2\/types\/product"}],"wp:featuredmedia":[{"embeddable":true,"href":"https:\/\/vinphaco.net\/pt-pt\/wp-json\/wp\/v2\/media\/11394"}],"wp:attachment":[{"href":"https:\/\/vinphaco.net\/pt-pt\/wp-json\/wp\/v2\/media?parent=13660"}],"wp:term":[{"taxonomy":"product_brand","embeddable":true,"href":"https:\/\/vinphaco.net\/pt-pt\/wp-json\/wp\/v2\/product_brand?post=13660"},{"taxonomy":"product_cat","embeddable":true,"href":"https:\/\/vinphaco.net\/pt-pt\/wp-json\/wp\/v2\/product_cat?post=13660"},{"taxonomy":"product_tag","embeddable":true,"href":"https:\/\/vinphaco.net\/pt-pt\/wp-json\/wp\/v2\/product_tag?post=13660"}],"curies":[{"name":"wp","href":"https:\/\/api.w.org\/{rel}","templated":true}]}}