{"id":13663,"date":"2025-08-21T09:29:40","date_gmt":"2025-08-21T02:29:40","guid":{"rendered":"https:\/\/vinphaco.net\/product\/fenidel\/"},"modified":"2025-10-02T11:40:34","modified_gmt":"2025-10-02T04:40:34","slug":"fenidel","status":"publish","type":"product","link":"https:\/\/vinphaco.net\/pt-pt\/produto\/fenidel\/","title":{"rendered":"FENIDEL"},"content":{"rendered":"","protected":false},"excerpt":{"rendered":"<p>FENIDEL 20 mg\/1 ml solu\u00e7\u00e3o injet\u00e1vel em ampolas \u00e9 utilizado como tratamento de curto prazo para aliviar certos sintomas durante epis\u00f3dios de artrite reumatoide e espondiloartrite anquilosante (doen\u00e7as reum\u00e1ticas da coluna vertebral), tais como incha\u00e7o, rigidez e dor nas articula\u00e7\u00f5es.n<\/p>\n","protected":false},"featured_media":6923,"template":"","meta":{"_acf_changed":false},"product_brand":[],"product_cat":[352],"product_tag":[353,354],"class_list":{"0":"post-13663","1":"product","2":"type-product","3":"status-publish","4":"has-post-thumbnail","6":"product_cat-etc-corticosterioids-nsaids-pt-pt","7":"product_tag-drug-pt-pt","8":"product_tag-etc-pt-pt","10":"first","11":"instock","12":"shipping-taxable","13":"product-type-simple"},"acf":{"product_detail":[{"name":"Forma de dosagem","value":"Solu\u00e7\u00e3o injet\u00e1vel"},{"name":"Indica\u00e7\u00f5es","value":"O piroxicam est\u00e1 indicado no al\u00edvio de determinados sintomas durante epis\u00f3dios de artrite reumatoide e espondiloartrite anquilosante (doen\u00e7as reum\u00e1ticas da coluna vertebral), tais como incha\u00e7o, rigidez e dores nas articula\u00e7\u00f5es.\n"},{"name":"Composi\u00e7\u00e3o","value":"Piroxicam 20mg\/1ml"}],"instructions_for_use":""},"_links":{"self":[{"href":"https:\/\/vinphaco.net\/pt-pt\/wp-json\/wp\/v2\/product\/13663","targetHints":{"allow":["GET"]}}],"collection":[{"href":"https:\/\/vinphaco.net\/pt-pt\/wp-json\/wp\/v2\/product"}],"about":[{"href":"https:\/\/vinphaco.net\/pt-pt\/wp-json\/wp\/v2\/types\/product"}],"wp:featuredmedia":[{"embeddable":true,"href":"https:\/\/vinphaco.net\/pt-pt\/wp-json\/wp\/v2\/media\/6923"}],"wp:attachment":[{"href":"https:\/\/vinphaco.net\/pt-pt\/wp-json\/wp\/v2\/media?parent=13663"}],"wp:term":[{"taxonomy":"product_brand","embeddable":true,"href":"https:\/\/vinphaco.net\/pt-pt\/wp-json\/wp\/v2\/product_brand?post=13663"},{"taxonomy":"product_cat","embeddable":true,"href":"https:\/\/vinphaco.net\/pt-pt\/wp-json\/wp\/v2\/product_cat?post=13663"},{"taxonomy":"product_tag","embeddable":true,"href":"https:\/\/vinphaco.net\/pt-pt\/wp-json\/wp\/v2\/product_tag?post=13663"}],"curies":[{"name":"wp","href":"https:\/\/api.w.org\/{rel}","templated":true}]}}