{"id":13682,"date":"2025-08-21T09:29:40","date_gmt":"2025-08-21T02:29:40","guid":{"rendered":"https:\/\/vinphaco.net\/product\/vinfatoxina-2\/"},"modified":"2025-08-21T09:29:40","modified_gmt":"2025-08-21T02:29:40","slug":"vinfatoxina-2","status":"publish","type":"product","link":"https:\/\/vinphaco.net\/pt-pt\/produto\/vinfatoxina-2\/","title":{"rendered":"VINFATOXINA"},"content":{"rendered":"","protected":false},"excerpt":{"rendered":"<p>A vinfatoxina \u00e9 uma solu\u00e7\u00e3o injet\u00e1vel que cont\u00e9m oxitocina, que tem o efeito de induzir o parto, parar a hemorragia ap\u00f3s o nascimento e prevenir o nascimento prematuro.<\/p>\n","protected":false},"featured_media":10813,"template":"","meta":{"_acf_changed":false},"product_brand":[],"product_cat":[381],"product_tag":[353,354],"class_list":{"0":"post-13682","1":"product","2":"type-product","3":"status-publish","4":"has-post-thumbnail","6":"product_cat-etc-anestesia-e-obstetricia","7":"product_tag-drug-pt-pt","8":"product_tag-etc-pt-pt","10":"first","11":"instock","12":"shipping-taxable","13":"product-type-simple"},"acf":{"product_detail":[{"name":"Forma de dosagem","value":"Solu\u00e7\u00e3o injet\u00e1vel"},{"name":"Indica\u00e7\u00f5es","value":"Indica\u00e7\u00f5es:\n- Medicamentos para a fertilidade. Preven\u00e7\u00e3o e controlo da hemorragia p\u00f3s-parto. \n- Assegurar as contrac\u00e7\u00f5es uterinas durante a cesariana.\n- Aborto incompleto e febre do aborto."},{"name":"Composi\u00e7\u00e3o","value":"Oxitocina 5UI\/1ml"}],"instructions_for_use":""},"_links":{"self":[{"href":"https:\/\/vinphaco.net\/pt-pt\/wp-json\/wp\/v2\/product\/13682","targetHints":{"allow":["GET"]}}],"collection":[{"href":"https:\/\/vinphaco.net\/pt-pt\/wp-json\/wp\/v2\/product"}],"about":[{"href":"https:\/\/vinphaco.net\/pt-pt\/wp-json\/wp\/v2\/types\/product"}],"wp:featuredmedia":[{"embeddable":true,"href":"https:\/\/vinphaco.net\/pt-pt\/wp-json\/wp\/v2\/media\/10813"}],"wp:attachment":[{"href":"https:\/\/vinphaco.net\/pt-pt\/wp-json\/wp\/v2\/media?parent=13682"}],"wp:term":[{"taxonomy":"product_brand","embeddable":true,"href":"https:\/\/vinphaco.net\/pt-pt\/wp-json\/wp\/v2\/product_brand?post=13682"},{"taxonomy":"product_cat","embeddable":true,"href":"https:\/\/vinphaco.net\/pt-pt\/wp-json\/wp\/v2\/product_cat?post=13682"},{"taxonomy":"product_tag","embeddable":true,"href":"https:\/\/vinphaco.net\/pt-pt\/wp-json\/wp\/v2\/product_tag?post=13682"}],"curies":[{"name":"wp","href":"https:\/\/api.w.org\/{rel}","templated":true}]}}