{"id":13685,"date":"2025-08-21T09:29:39","date_gmt":"2025-08-21T02:29:39","guid":{"rendered":"https:\/\/vinphaco.net\/product\/degas\/"},"modified":"2025-10-02T11:39:55","modified_gmt":"2025-10-02T04:39:55","slug":"degas","status":"publish","type":"product","link":"https:\/\/vinphaco.net\/pt-pt\/produto\/degas\/","title":{"rendered":"DEGAS"},"content":{"rendered":"","protected":false},"excerpt":{"rendered":"<p>O Degas \u00e9 utilizado para prevenir n\u00e1useas e v\u00f3mitos na quimioterapia do cancro e para prevenir n\u00e1useas ou v\u00f3mitos ap\u00f3s a cirurgia.<\/p>\n","protected":false},"featured_media":10792,"template":"","meta":{"_acf_changed":false},"product_brand":[],"product_cat":[392],"product_tag":[353,354],"class_list":{"0":"post-13685","1":"product","2":"type-product","3":"status-publish","4":"has-post-thumbnail","6":"product_cat-etc-gastroenterologia","7":"product_tag-drug-pt-pt","8":"product_tag-etc-pt-pt","10":"first","11":"instock","12":"shipping-taxable","13":"product-type-simple"},"acf":{"product_detail":[{"name":"Forma de dosagem","value":"Solu\u00e7\u00e3o injet\u00e1vel"},{"name":"Indica\u00e7\u00f5es","value":"Indica\u00e7\u00f5es:\n- N\u00e1useas e v\u00f3mitos devidos a quimioterapia e radioterapia.\n- Preven\u00e7\u00e3o de n\u00e1useas e v\u00f3mitos p\u00f3s-operat\u00f3rios.\n- Tratamento de n\u00e1useas e v\u00f3mitos p\u00f3s-operat\u00f3rios"},{"name":"Composi\u00e7\u00e3o","value":"Ondansetron ( ondansetron hydroclorid) 8mg\/4ml"}],"instructions_for_use":""},"_links":{"self":[{"href":"https:\/\/vinphaco.net\/pt-pt\/wp-json\/wp\/v2\/product\/13685","targetHints":{"allow":["GET"]}}],"collection":[{"href":"https:\/\/vinphaco.net\/pt-pt\/wp-json\/wp\/v2\/product"}],"about":[{"href":"https:\/\/vinphaco.net\/pt-pt\/wp-json\/wp\/v2\/types\/product"}],"wp:featuredmedia":[{"embeddable":true,"href":"https:\/\/vinphaco.net\/pt-pt\/wp-json\/wp\/v2\/media\/10792"}],"wp:attachment":[{"href":"https:\/\/vinphaco.net\/pt-pt\/wp-json\/wp\/v2\/media?parent=13685"}],"wp:term":[{"taxonomy":"product_brand","embeddable":true,"href":"https:\/\/vinphaco.net\/pt-pt\/wp-json\/wp\/v2\/product_brand?post=13685"},{"taxonomy":"product_cat","embeddable":true,"href":"https:\/\/vinphaco.net\/pt-pt\/wp-json\/wp\/v2\/product_cat?post=13685"},{"taxonomy":"product_tag","embeddable":true,"href":"https:\/\/vinphaco.net\/pt-pt\/wp-json\/wp\/v2\/product_tag?post=13685"}],"curies":[{"name":"wp","href":"https:\/\/api.w.org\/{rel}","templated":true}]}}