{"id":13700,"date":"2025-08-21T09:29:39","date_gmt":"2025-08-21T02:29:39","guid":{"rendered":"https:\/\/vinphaco.net\/product\/octreotid\/"},"modified":"2025-10-02T11:39:44","modified_gmt":"2025-10-02T04:39:44","slug":"octreotid","status":"publish","type":"product","link":"https:\/\/vinphaco.net\/pt-pt\/produto\/octreotid\/","title":{"rendered":"OCTREOTID"},"content":{"rendered":"","protected":false},"excerpt":{"rendered":"<p>Octreotido 0,1 mg\/ml \u00e9 utilizado para tratar a diarreia grave e algumas outras condi\u00e7\u00f5es.<\/p>\n","protected":false},"featured_media":6976,"template":"","meta":{"_acf_changed":false},"product_brand":[],"product_cat":[385],"product_tag":[353,354],"class_list":{"0":"post-13700","1":"product","2":"type-product","3":"status-publish","4":"has-post-thumbnail","6":"product_cat-etc-outros","7":"product_tag-drug-pt-pt","8":"product_tag-etc-pt-pt","10":"first","11":"instock","12":"shipping-taxable","13":"product-type-simple"},"acf":{"product_detail":[{"name":"Forma de dosagem","value":"Solu\u00e7\u00e3o injet\u00e1vel"},{"name":"Indica\u00e7\u00f5es","value":"A inje\u00e7\u00e3o de octreotido \u00e9 utilizada para tratar a diarreia grave e outros sintomas que ocorrem com certos tumores intestinais (por exemplo, tumores do p\u00e9ptido intestinal vasoativo ou VIPomas) ou tumores carcin\u00f3ides metast\u00e1ticos (tumores que j\u00e1 se espalharam pelo corpo)."},{"name":"Composi\u00e7\u00e3o","value":"Octreotida (como acetato de Octreotida) 0,1mg\/1ml"}],"instructions_for_use":""},"_links":{"self":[{"href":"https:\/\/vinphaco.net\/pt-pt\/wp-json\/wp\/v2\/product\/13700","targetHints":{"allow":["GET"]}}],"collection":[{"href":"https:\/\/vinphaco.net\/pt-pt\/wp-json\/wp\/v2\/product"}],"about":[{"href":"https:\/\/vinphaco.net\/pt-pt\/wp-json\/wp\/v2\/types\/product"}],"wp:featuredmedia":[{"embeddable":true,"href":"https:\/\/vinphaco.net\/pt-pt\/wp-json\/wp\/v2\/media\/6976"}],"wp:attachment":[{"href":"https:\/\/vinphaco.net\/pt-pt\/wp-json\/wp\/v2\/media?parent=13700"}],"wp:term":[{"taxonomy":"product_brand","embeddable":true,"href":"https:\/\/vinphaco.net\/pt-pt\/wp-json\/wp\/v2\/product_brand?post=13700"},{"taxonomy":"product_cat","embeddable":true,"href":"https:\/\/vinphaco.net\/pt-pt\/wp-json\/wp\/v2\/product_cat?post=13700"},{"taxonomy":"product_tag","embeddable":true,"href":"https:\/\/vinphaco.net\/pt-pt\/wp-json\/wp\/v2\/product_tag?post=13700"}],"curies":[{"name":"wp","href":"https:\/\/api.w.org\/{rel}","templated":true}]}}