{"id":13712,"date":"2025-08-21T09:29:38","date_gmt":"2025-08-21T02:29:38","guid":{"rendered":"https:\/\/vinphaco.net\/product\/vincomid\/"},"modified":"2025-10-02T10:52:32","modified_gmt":"2025-10-02T03:52:32","slug":"vincomid","status":"publish","type":"product","link":"https:\/\/vinphaco.net\/pt-pt\/produto\/vincomid\/","title":{"rendered":"VINCOMID"},"content":{"rendered":"","protected":false},"excerpt":{"rendered":"<p>A inje\u00e7\u00e3o de Vincomid 10mg\/2ml previne n\u00e1useas e v\u00f3mitos p\u00f3s-operat\u00f3rios e induzidos por radioterapia<\/p>\n","protected":false},"featured_media":10771,"template":"","meta":{"_acf_changed":false},"product_brand":[],"product_cat":[392],"product_tag":[353,354],"class_list":{"0":"post-13712","1":"product","2":"type-product","3":"status-publish","4":"has-post-thumbnail","6":"product_cat-etc-gastroenterologia","7":"product_tag-drug-pt-pt","8":"product_tag-etc-pt-pt","10":"first","11":"instock","12":"shipping-taxable","13":"product-type-simple"},"acf":{"product_detail":[{"name":"Forma de dosagem","value":"Solu\u00e7\u00e3o injet\u00e1vel"},{"name":"Indica\u00e7\u00f5es","value":"Indica\u00e7\u00f5es\nV\u00f3mitos\/N\u00e1useas, refluxo gastroesof\u00e1gico, dist\u00farbios da motilidade gastrointestinal"},{"name":"Composi\u00e7\u00e3o","value":"Metoclopramida HCl 10mg\/2ml"}],"instructions_for_use":""},"_links":{"self":[{"href":"https:\/\/vinphaco.net\/pt-pt\/wp-json\/wp\/v2\/product\/13712","targetHints":{"allow":["GET"]}}],"collection":[{"href":"https:\/\/vinphaco.net\/pt-pt\/wp-json\/wp\/v2\/product"}],"about":[{"href":"https:\/\/vinphaco.net\/pt-pt\/wp-json\/wp\/v2\/types\/product"}],"wp:featuredmedia":[{"embeddable":true,"href":"https:\/\/vinphaco.net\/pt-pt\/wp-json\/wp\/v2\/media\/10771"}],"wp:attachment":[{"href":"https:\/\/vinphaco.net\/pt-pt\/wp-json\/wp\/v2\/media?parent=13712"}],"wp:term":[{"taxonomy":"product_brand","embeddable":true,"href":"https:\/\/vinphaco.net\/pt-pt\/wp-json\/wp\/v2\/product_brand?post=13712"},{"taxonomy":"product_cat","embeddable":true,"href":"https:\/\/vinphaco.net\/pt-pt\/wp-json\/wp\/v2\/product_cat?post=13712"},{"taxonomy":"product_tag","embeddable":true,"href":"https:\/\/vinphaco.net\/pt-pt\/wp-json\/wp\/v2\/product_tag?post=13712"}],"curies":[{"name":"wp","href":"https:\/\/api.w.org\/{rel}","templated":true}]}}