{"id":13726,"date":"2025-08-21T09:29:38","date_gmt":"2025-08-21T02:29:38","guid":{"rendered":"https:\/\/vinphaco.net\/product\/levocina\/"},"modified":"2025-10-02T10:52:43","modified_gmt":"2025-10-02T03:52:43","slug":"levocina","status":"publish","type":"product","link":"https:\/\/vinphaco.net\/pt-pt\/produto\/levocina\/","title":{"rendered":"LEVOCINA"},"content":{"rendered":"","protected":false},"excerpt":{"rendered":"<p>Levocin \u00e9 um medicamento indicado para anestesia, al\u00edvio da dor, em cirurgia para adultos, usado no al\u00edvio da dor aguda ap\u00f3s a cirurgia.<\/p>\n","protected":false},"featured_media":7669,"template":"","meta":{"_acf_changed":false},"product_brand":[],"product_cat":[381],"product_tag":[353,354],"class_list":{"0":"post-13726","1":"product","2":"type-product","3":"status-publish","4":"has-post-thumbnail","6":"product_cat-etc-anestesia-e-obstetricia","7":"product_tag-drug-pt-pt","8":"product_tag-etc-pt-pt","10":"first","11":"instock","12":"shipping-taxable","13":"product-type-simple"},"acf":{"product_detail":[{"name":"Forma de dosagem","value":"Solu\u00e7\u00e3o injet\u00e1vel"},{"name":"Indica\u00e7\u00f5es","value":"Anestesia; Al\u00edvio da dor"},{"name":"Composi\u00e7\u00e3o","value":"Levobupivaca\u00edna (Cloridrato de levobupivaca\u00edna) 50mg\/10ml"}],"instructions_for_use":""},"_links":{"self":[{"href":"https:\/\/vinphaco.net\/pt-pt\/wp-json\/wp\/v2\/product\/13726","targetHints":{"allow":["GET"]}}],"collection":[{"href":"https:\/\/vinphaco.net\/pt-pt\/wp-json\/wp\/v2\/product"}],"about":[{"href":"https:\/\/vinphaco.net\/pt-pt\/wp-json\/wp\/v2\/types\/product"}],"wp:featuredmedia":[{"embeddable":true,"href":"https:\/\/vinphaco.net\/pt-pt\/wp-json\/wp\/v2\/media\/7669"}],"wp:attachment":[{"href":"https:\/\/vinphaco.net\/pt-pt\/wp-json\/wp\/v2\/media?parent=13726"}],"wp:term":[{"taxonomy":"product_brand","embeddable":true,"href":"https:\/\/vinphaco.net\/pt-pt\/wp-json\/wp\/v2\/product_brand?post=13726"},{"taxonomy":"product_cat","embeddable":true,"href":"https:\/\/vinphaco.net\/pt-pt\/wp-json\/wp\/v2\/product_cat?post=13726"},{"taxonomy":"product_tag","embeddable":true,"href":"https:\/\/vinphaco.net\/pt-pt\/wp-json\/wp\/v2\/product_tag?post=13726"}],"curies":[{"name":"wp","href":"https:\/\/api.w.org\/{rel}","templated":true}]}}