{"id":13730,"date":"2025-08-21T09:29:38","date_gmt":"2025-08-21T02:29:38","guid":{"rendered":"https:\/\/vinphaco.net\/product\/vin-hepa-1g\/"},"modified":"2025-10-02T11:39:41","modified_gmt":"2025-10-02T04:39:41","slug":"vin-hepa-1g","status":"publish","type":"product","link":"https:\/\/vinphaco.net\/pt-pt\/produto\/vin-hepa-1g\/","title":{"rendered":"VIN-HEPA 1G"},"content":{"rendered":"","protected":false},"excerpt":{"rendered":"<p>Vin-Hepa 1000mg\/5ml \u00e9 utilizado no tratamento de doen\u00e7as do f\u00edgado (cirrose, hepatite aguda, hepatite cr\u00f3nica, f\u00edgado gordo,&#8230;)<\/p>\n","protected":false},"featured_media":12993,"template":"","meta":{"_acf_changed":false},"product_brand":[],"product_cat":[392],"product_tag":[353,354],"class_list":{"0":"post-13730","1":"product","2":"type-product","3":"status-publish","4":"has-post-thumbnail","6":"product_cat-etc-gastroenterologia","7":"product_tag-drug-pt-pt","8":"product_tag-etc-pt-pt","10":"first","11":"instock","12":"shipping-taxable","13":"product-type-simple"},"acf":{"product_detail":[{"name":"Forma de dosagem","value":"Solu\u00e7\u00e3o injet\u00e1vel"},{"name":"Indica\u00e7\u00f5es","value":"A L-Ornitina L-Aspartato \u00e9 indicada para o tratamento de encefalopatia hep\u00e1tica, insufici\u00eancia hep\u00e1tica aguda, hiperamonemia devida a hepatite aguda e cr\u00f3nica, f\u00edgado gordo, les\u00f5es hep\u00e1ticas alco\u00f3licas, adjuvante de medicamentos hepatot\u00f3xicos, cirrose hep\u00e1tica, convalescen\u00e7a p\u00f3s-hepatite, etc"},{"name":"Composi\u00e7\u00e3o","value":"L - Ornitina L - Aspartato 1000mg\/5ml"}],"instructions_for_use":""},"_links":{"self":[{"href":"https:\/\/vinphaco.net\/pt-pt\/wp-json\/wp\/v2\/product\/13730","targetHints":{"allow":["GET"]}}],"collection":[{"href":"https:\/\/vinphaco.net\/pt-pt\/wp-json\/wp\/v2\/product"}],"about":[{"href":"https:\/\/vinphaco.net\/pt-pt\/wp-json\/wp\/v2\/types\/product"}],"wp:featuredmedia":[{"embeddable":true,"href":"https:\/\/vinphaco.net\/pt-pt\/wp-json\/wp\/v2\/media\/12993"}],"wp:attachment":[{"href":"https:\/\/vinphaco.net\/pt-pt\/wp-json\/wp\/v2\/media?parent=13730"}],"wp:term":[{"taxonomy":"product_brand","embeddable":true,"href":"https:\/\/vinphaco.net\/pt-pt\/wp-json\/wp\/v2\/product_brand?post=13730"},{"taxonomy":"product_cat","embeddable":true,"href":"https:\/\/vinphaco.net\/pt-pt\/wp-json\/wp\/v2\/product_cat?post=13730"},{"taxonomy":"product_tag","embeddable":true,"href":"https:\/\/vinphaco.net\/pt-pt\/wp-json\/wp\/v2\/product_tag?post=13730"}],"curies":[{"name":"wp","href":"https:\/\/api.w.org\/{rel}","templated":true}]}}