{"id":13748,"date":"2025-08-21T09:29:37","date_gmt":"2025-08-21T02:29:37","guid":{"rendered":"https:\/\/vinphaco.net\/product\/vinrolac-15mg\/"},"modified":"2025-10-02T10:52:08","modified_gmt":"2025-10-02T03:52:08","slug":"vinrolac-15mg","status":"publish","type":"product","link":"https:\/\/vinphaco.net\/pt-pt\/produto\/vinrolac-15mg\/","title":{"rendered":"VINROLAC 15MG"},"content":{"rendered":"","protected":false},"excerpt":{"rendered":"<p>Vinrolac 15mg\/ml \u00e9 um medicamento utilizado para ajudar a aliviar rapidamente a dor moderada a grave ap\u00f3s uma cirurgia.<\/p>\n","protected":false},"featured_media":7011,"template":"","meta":{"_acf_changed":false},"product_brand":[],"product_cat":[352],"product_tag":[353,354],"class_list":{"0":"post-13748","1":"product","2":"type-product","3":"status-publish","4":"has-post-thumbnail","6":"product_cat-etc-corticosterioids-nsaids-pt-pt","7":"product_tag-drug-pt-pt","8":"product_tag-etc-pt-pt","10":"first","11":"instock","12":"shipping-taxable","13":"product-type-simple"},"acf":{"product_detail":[{"name":"Forma de dosagem","value":"Solu\u00e7\u00e3o injet\u00e1vel"},{"name":"Indica\u00e7\u00f5es","value":"'- Tratamento a curto prazo da dor moderada a grave ap\u00f3s uma cirurgia (em alternativa \u00e0s prepara\u00e7\u00f5es opi\u00f3ides).\n- Tratamento t\u00f3pico dos sintomas da conjuntivite al\u00e9rgica sazonal."},{"name":"Composi\u00e7\u00e3o","value":"Cetorolac trometamina 15mg\/1ml"}],"instructions_for_use":""},"_links":{"self":[{"href":"https:\/\/vinphaco.net\/pt-pt\/wp-json\/wp\/v2\/product\/13748","targetHints":{"allow":["GET"]}}],"collection":[{"href":"https:\/\/vinphaco.net\/pt-pt\/wp-json\/wp\/v2\/product"}],"about":[{"href":"https:\/\/vinphaco.net\/pt-pt\/wp-json\/wp\/v2\/types\/product"}],"wp:featuredmedia":[{"embeddable":true,"href":"https:\/\/vinphaco.net\/pt-pt\/wp-json\/wp\/v2\/media\/7011"}],"wp:attachment":[{"href":"https:\/\/vinphaco.net\/pt-pt\/wp-json\/wp\/v2\/media?parent=13748"}],"wp:term":[{"taxonomy":"product_brand","embeddable":true,"href":"https:\/\/vinphaco.net\/pt-pt\/wp-json\/wp\/v2\/product_brand?post=13748"},{"taxonomy":"product_cat","embeddable":true,"href":"https:\/\/vinphaco.net\/pt-pt\/wp-json\/wp\/v2\/product_cat?post=13748"},{"taxonomy":"product_tag","embeddable":true,"href":"https:\/\/vinphaco.net\/pt-pt\/wp-json\/wp\/v2\/product_tag?post=13748"}],"curies":[{"name":"wp","href":"https:\/\/api.w.org\/{rel}","templated":true}]}}