{"id":13755,"date":"2025-08-21T09:29:37","date_gmt":"2025-08-21T02:29:37","guid":{"rendered":"https:\/\/vinphaco.net\/product\/dimedrol\/"},"modified":"2025-10-02T10:52:23","modified_gmt":"2025-10-02T03:52:23","slug":"dimedrol","status":"publish","type":"product","link":"https:\/\/vinphaco.net\/pt-pt\/produto\/dimedrol\/","title":{"rendered":"DIMEDROL"},"content":{"rendered":"","protected":false},"excerpt":{"rendered":"<p>A difenidramina tem efeitos anti-histam\u00ednicos H1, sedativos, antiem\u00e9ticos e antiespasm\u00f3dicos.<\/p>\n","protected":false},"featured_media":12982,"template":"","meta":{"_acf_changed":false},"product_brand":[],"product_cat":[385],"product_tag":[353,354],"class_list":{"0":"post-13755","1":"product","2":"type-product","3":"status-publish","4":"has-post-thumbnail","6":"product_cat-etc-outros","7":"product_tag-drug-pt-pt","8":"product_tag-etc-pt-pt","10":"first","11":"instock","12":"shipping-taxable","13":"product-type-simple"},"acf":{"product_detail":[{"name":"Forma de dosagem","value":"Solu\u00e7\u00e3o injet\u00e1vel"},{"name":"Indica\u00e7\u00f5es","value":"Indica\u00e7\u00f5es:\nDoen\u00e7as al\u00e9rgicas.\nUtilizado no choque anafil\u00e1tico como adjuvante da adrenalina e de outros medicamentos anti-anafil\u00e1cticos."},{"name":"Composi\u00e7\u00e3o","value":"Diphenhydramin HCl 10mg\/ml"}],"instructions_for_use":""},"_links":{"self":[{"href":"https:\/\/vinphaco.net\/pt-pt\/wp-json\/wp\/v2\/product\/13755","targetHints":{"allow":["GET"]}}],"collection":[{"href":"https:\/\/vinphaco.net\/pt-pt\/wp-json\/wp\/v2\/product"}],"about":[{"href":"https:\/\/vinphaco.net\/pt-pt\/wp-json\/wp\/v2\/types\/product"}],"wp:featuredmedia":[{"embeddable":true,"href":"https:\/\/vinphaco.net\/pt-pt\/wp-json\/wp\/v2\/media\/12982"}],"wp:attachment":[{"href":"https:\/\/vinphaco.net\/pt-pt\/wp-json\/wp\/v2\/media?parent=13755"}],"wp:term":[{"taxonomy":"product_brand","embeddable":true,"href":"https:\/\/vinphaco.net\/pt-pt\/wp-json\/wp\/v2\/product_brand?post=13755"},{"taxonomy":"product_cat","embeddable":true,"href":"https:\/\/vinphaco.net\/pt-pt\/wp-json\/wp\/v2\/product_cat?post=13755"},{"taxonomy":"product_tag","embeddable":true,"href":"https:\/\/vinphaco.net\/pt-pt\/wp-json\/wp\/v2\/product_tag?post=13755"}],"curies":[{"name":"wp","href":"https:\/\/api.w.org\/{rel}","templated":true}]}}