{"id":13770,"date":"2025-08-21T09:29:37","date_gmt":"2025-08-21T02:29:37","guid":{"rendered":"https:\/\/vinphaco.net\/product\/cammic\/"},"modified":"2025-09-29T13:54:42","modified_gmt":"2025-09-29T06:54:42","slug":"cammic","status":"publish","type":"product","link":"https:\/\/vinphaco.net\/pt-pt\/produto\/cammic\/","title":{"rendered":"Cammic"},"content":{"rendered":"","protected":false},"excerpt":{"rendered":"<p>O \u00e1cido tranex\u00e2mico est\u00e1 indicado para utiliza\u00e7\u00e3o a curto prazo em caso de hemorragia ou risco de hemorragia em pessoas com fibrin\u00f3lise ou fibrinogen\u00f3lise aumentadas.  <\/p>\n","protected":false},"featured_media":12974,"template":"","meta":{"_acf_changed":false},"product_brand":[],"product_cat":[385],"product_tag":[353,354],"class_list":{"0":"post-13770","1":"product","2":"type-product","3":"status-publish","4":"has-post-thumbnail","6":"product_cat-etc-outros","7":"product_tag-drug-pt-pt","8":"product_tag-etc-pt-pt","10":"first","11":"instock","12":"shipping-taxable","13":"product-type-simple"},"acf":{"product_detail":[{"name":"Forma de dosagem","value":"Tablet  "},{"name":"Indica\u00e7\u00f5es","value":"Fibrin\u00f3lise local como ocorre nas seguintes condi\u00e7\u00f5es:\n1. Prostatectomia e cirurgia da bexiga, menorragia, epistaxe, coniza\u00e7\u00e3o do colo do \u00fatero, hifema traum\u00e1tico\n2. Gest\u00e3o da extra\u00e7\u00e3o dent\u00e1ria em hemof\u00edlicos.\n3. Edema angioneur\u00f3tico heredit\u00e1rio."},{"name":"Composi\u00e7\u00e3o","value":"\u00c1cido tranex\u00e2mico 500 mg"}],"instructions_for_use":""},"_links":{"self":[{"href":"https:\/\/vinphaco.net\/pt-pt\/wp-json\/wp\/v2\/product\/13770","targetHints":{"allow":["GET"]}}],"collection":[{"href":"https:\/\/vinphaco.net\/pt-pt\/wp-json\/wp\/v2\/product"}],"about":[{"href":"https:\/\/vinphaco.net\/pt-pt\/wp-json\/wp\/v2\/types\/product"}],"wp:featuredmedia":[{"embeddable":true,"href":"https:\/\/vinphaco.net\/pt-pt\/wp-json\/wp\/v2\/media\/12974"}],"wp:attachment":[{"href":"https:\/\/vinphaco.net\/pt-pt\/wp-json\/wp\/v2\/media?parent=13770"}],"wp:term":[{"taxonomy":"product_brand","embeddable":true,"href":"https:\/\/vinphaco.net\/pt-pt\/wp-json\/wp\/v2\/product_brand?post=13770"},{"taxonomy":"product_cat","embeddable":true,"href":"https:\/\/vinphaco.net\/pt-pt\/wp-json\/wp\/v2\/product_cat?post=13770"},{"taxonomy":"product_tag","embeddable":true,"href":"https:\/\/vinphaco.net\/pt-pt\/wp-json\/wp\/v2\/product_tag?post=13770"}],"curies":[{"name":"wp","href":"https:\/\/api.w.org\/{rel}","templated":true}]}}