{"id":13774,"date":"2025-08-21T09:29:36","date_gmt":"2025-08-21T02:29:36","guid":{"rendered":"https:\/\/vinphaco.net\/product\/vincolin\/"},"modified":"2025-10-02T10:52:01","modified_gmt":"2025-10-02T03:52:01","slug":"vincolin","status":"publish","type":"product","link":"https:\/\/vinphaco.net\/pt-pt\/produto\/vincolin\/","title":{"rendered":"VINCOLIN"},"content":{"rendered":"","protected":false},"excerpt":{"rendered":"<p>A citicolina \u00e9 um medicamento protetor dos nervos utilizado em v\u00e1rias doen\u00e7as e les\u00f5es cerebrais.<\/p>\n","protected":false},"featured_media":12966,"template":"","meta":{"_acf_changed":false},"product_brand":[],"product_cat":[602],"product_tag":[353,354],"class_list":{"0":"post-13774","1":"product","2":"type-product","3":"status-publish","4":"has-post-thumbnail","6":"product_cat-etc-neurologia","7":"product_tag-drug-pt-pt","8":"product_tag-etc-pt-pt","10":"first","11":"instock","12":"shipping-taxable","13":"product-type-simple"},"acf":{"product_detail":[{"name":"Forma de dosagem","value":"Solu\u00e7\u00e3o injet\u00e1vel"},{"name":"Indica\u00e7\u00f5es","value":"A citicolina tem sido investigada para o tratamento da depress\u00e3o, esquizofrenia, acidente vascular cerebral, doen\u00e7a de Parkinson, les\u00f5es cerebrais e d\u00e9fices cognitivos (ou seja, dem\u00eancia ligeira a moderada e doen\u00e7a de Alzheimer, dist\u00farbios cerebrovasculares)"},{"name":"Composi\u00e7\u00e3o","value":"Citicolina (Citicolina de s\u00f3dio) 500mg\/2ml"}],"instructions_for_use":""},"_links":{"self":[{"href":"https:\/\/vinphaco.net\/pt-pt\/wp-json\/wp\/v2\/product\/13774","targetHints":{"allow":["GET"]}}],"collection":[{"href":"https:\/\/vinphaco.net\/pt-pt\/wp-json\/wp\/v2\/product"}],"about":[{"href":"https:\/\/vinphaco.net\/pt-pt\/wp-json\/wp\/v2\/types\/product"}],"wp:featuredmedia":[{"embeddable":true,"href":"https:\/\/vinphaco.net\/pt-pt\/wp-json\/wp\/v2\/media\/12966"}],"wp:attachment":[{"href":"https:\/\/vinphaco.net\/pt-pt\/wp-json\/wp\/v2\/media?parent=13774"}],"wp:term":[{"taxonomy":"product_brand","embeddable":true,"href":"https:\/\/vinphaco.net\/pt-pt\/wp-json\/wp\/v2\/product_brand?post=13774"},{"taxonomy":"product_cat","embeddable":true,"href":"https:\/\/vinphaco.net\/pt-pt\/wp-json\/wp\/v2\/product_cat?post=13774"},{"taxonomy":"product_tag","embeddable":true,"href":"https:\/\/vinphaco.net\/pt-pt\/wp-json\/wp\/v2\/product_tag?post=13774"}],"curies":[{"name":"wp","href":"https:\/\/api.w.org\/{rel}","templated":true}]}}