{"id":13777,"date":"2025-08-21T09:29:36","date_gmt":"2025-08-21T02:29:36","guid":{"rendered":"https:\/\/vinphaco.net\/product\/atropina-sulfat\/"},"modified":"2025-10-02T10:51:49","modified_gmt":"2025-10-02T03:51:49","slug":"atropina-sulfat","status":"publish","type":"product","link":"https:\/\/vinphaco.net\/pt-pt\/produto\/atropina-sulfat\/","title":{"rendered":"ATROPINA SULFAT"},"content":{"rendered":"","protected":false},"excerpt":{"rendered":"<p>A atropina \u00e9 um antagonista competitivo dos receptores muscar\u00ednicos da acetilcolina (medicamento antimuscar\u00ednico)<\/p>\n","protected":false},"featured_media":12958,"template":"","meta":{"_acf_changed":false},"product_brand":[],"product_cat":[385],"product_tag":[353,354],"class_list":{"0":"post-13777","1":"product","2":"type-product","3":"status-publish","4":"has-post-thumbnail","6":"product_cat-etc-outros","7":"product_tag-drug-pt-pt","8":"product_tag-etc-pt-pt","10":"first","11":"instock","12":"shipping-taxable","13":"product-type-simple"},"acf":{"product_detail":[{"name":"Forma de dosagem","value":"Solu\u00e7\u00e3o injet\u00e1vel"},{"name":"Indica\u00e7\u00f5es","value":"Indica\u00e7\u00f5es do Sulfato de Atropina: \n- Oftalmologia \u2192 midr\u00edase, cicloplegia, uve\u00edte\n- Cardiologia \u2192 bradicardia, bloqueio AV\n- Anestesia \u2192 pr\u00e9-medica\u00e7\u00e3o (\u2193 secre\u00e7\u00f5es, reflexo vagal)\n- Toxicologia \u2192 ant\u00eddoto para envenenamento por organofosforados e muscarina\n- GI\/Urin\u00e1rio \u2192 antiespasm\u00f3dico (c\u00f3licas, bexiga hiperactiva)"},{"name":"Composi\u00e7\u00e3o","value":"Sulfato de atropina 0,25mg\/1ml"}],"instructions_for_use":""},"_links":{"self":[{"href":"https:\/\/vinphaco.net\/pt-pt\/wp-json\/wp\/v2\/product\/13777","targetHints":{"allow":["GET"]}}],"collection":[{"href":"https:\/\/vinphaco.net\/pt-pt\/wp-json\/wp\/v2\/product"}],"about":[{"href":"https:\/\/vinphaco.net\/pt-pt\/wp-json\/wp\/v2\/types\/product"}],"wp:featuredmedia":[{"embeddable":true,"href":"https:\/\/vinphaco.net\/pt-pt\/wp-json\/wp\/v2\/media\/12958"}],"wp:attachment":[{"href":"https:\/\/vinphaco.net\/pt-pt\/wp-json\/wp\/v2\/media?parent=13777"}],"wp:term":[{"taxonomy":"product_brand","embeddable":true,"href":"https:\/\/vinphaco.net\/pt-pt\/wp-json\/wp\/v2\/product_brand?post=13777"},{"taxonomy":"product_cat","embeddable":true,"href":"https:\/\/vinphaco.net\/pt-pt\/wp-json\/wp\/v2\/product_cat?post=13777"},{"taxonomy":"product_tag","embeddable":true,"href":"https:\/\/vinphaco.net\/pt-pt\/wp-json\/wp\/v2\/product_tag?post=13777"}],"curies":[{"name":"wp","href":"https:\/\/api.w.org\/{rel}","templated":true}]}}