{"id":13781,"date":"2025-08-21T09:29:36","date_gmt":"2025-08-21T02:29:36","guid":{"rendered":"https:\/\/vinphaco.net\/product\/vinfacina-500\/"},"modified":"2025-10-02T10:51:44","modified_gmt":"2025-10-02T03:51:44","slug":"vinfacina-500","status":"publish","type":"product","link":"https:\/\/vinphaco.net\/pt-pt\/produto\/vinfacina-500\/","title":{"rendered":"VINFACINA 500"},"content":{"rendered":"","protected":false},"excerpt":{"rendered":"<p>A amicacina pertence ao grupo dos antibi\u00f3ticos aminoglicos\u00eddeos, que \u00e9 um antibi\u00f3tico indicado para o tratamento de infec\u00e7\u00f5es graves ou severas  <\/p>\n","protected":false},"featured_media":10728,"template":"","meta":{"_acf_changed":false},"product_brand":[],"product_cat":[464],"product_tag":[353,354],"class_list":{"0":"post-13781","1":"product","2":"type-product","3":"status-publish","4":"has-post-thumbnail","6":"product_cat-etc-antibioticos-pt-pt","7":"product_tag-drug-pt-pt","8":"product_tag-etc-pt-pt","10":"first","11":"instock","12":"shipping-taxable","13":"product-type-simple"},"acf":{"product_detail":[{"name":"Forma de dosagem","value":"Solu\u00e7\u00e3o injet\u00e1vel"},{"name":"Indica\u00e7\u00f5es","value":"A amicacina \u00e9 utilizada no tratamento de: \n- Infec\u00e7\u00f5es graves (por exemplo: infe\u00e7\u00e3o da corrente sangu\u00ednea, infe\u00e7\u00e3o \u00f3ssea, infe\u00e7\u00e3o do trato respirat\u00f3rio, endocarrdite) devidas a organismos gram-negativos\n- Fibrose c\u00edstica, exacerba\u00e7\u00e3o pulmonar aguda, infe\u00e7\u00e3o pelo complexo mycobacterium avium, peste, etc."},{"name":"Composi\u00e7\u00e3o","value":"Amikacin (Sulfato de amicacina) 500mg\/2ml"}],"instructions_for_use":""},"_links":{"self":[{"href":"https:\/\/vinphaco.net\/pt-pt\/wp-json\/wp\/v2\/product\/13781","targetHints":{"allow":["GET"]}}],"collection":[{"href":"https:\/\/vinphaco.net\/pt-pt\/wp-json\/wp\/v2\/product"}],"about":[{"href":"https:\/\/vinphaco.net\/pt-pt\/wp-json\/wp\/v2\/types\/product"}],"wp:featuredmedia":[{"embeddable":true,"href":"https:\/\/vinphaco.net\/pt-pt\/wp-json\/wp\/v2\/media\/10728"}],"wp:attachment":[{"href":"https:\/\/vinphaco.net\/pt-pt\/wp-json\/wp\/v2\/media?parent=13781"}],"wp:term":[{"taxonomy":"product_brand","embeddable":true,"href":"https:\/\/vinphaco.net\/pt-pt\/wp-json\/wp\/v2\/product_brand?post=13781"},{"taxonomy":"product_cat","embeddable":true,"href":"https:\/\/vinphaco.net\/pt-pt\/wp-json\/wp\/v2\/product_cat?post=13781"},{"taxonomy":"product_tag","embeddable":true,"href":"https:\/\/vinphaco.net\/pt-pt\/wp-json\/wp\/v2\/product_tag?post=13781"}],"curies":[{"name":"wp","href":"https:\/\/api.w.org\/{rel}","templated":true}]}}