{"id":13799,"date":"2025-08-21T09:29:35","date_gmt":"2025-08-21T02:29:35","guid":{"rendered":"https:\/\/vinphaco.net\/product\/adrenalina-1mg-10ml\/"},"modified":"2025-10-02T10:50:45","modified_gmt":"2025-10-02T03:50:45","slug":"adrenalina-1mg-10ml","status":"publish","type":"product","link":"https:\/\/vinphaco.net\/pt-pt\/produto\/adrenalina-1mg-10ml\/","title":{"rendered":"ADRENALINA 1MG\/10ML"},"content":{"rendered":"","protected":false},"excerpt":{"rendered":"<p>A adrenalina (epinefrina) \u00e9 um agente adren\u00e9rgico e estimulante card\u00edaco. Pertence ao grupo de compostos end\u00f3genos conhecidos como catecolaminas. As ac\u00e7\u00f5es da enpinefrina assemelham-se aos efeitos da estimula\u00e7\u00e3o dos nervos adren\u00e9rgicos    <\/p>\n","protected":false},"featured_media":7271,"template":"","meta":{"_acf_changed":false},"product_brand":[],"product_cat":[486],"product_tag":[353,354],"class_list":{"0":"post-13799","1":"product","2":"type-product","3":"status-publish","4":"has-post-thumbnail","6":"product_cat-etc-emergencia-e-acidente-vascular-cerebral","7":"product_tag-drug-pt-pt","8":"product_tag-etc-pt-pt","10":"first","11":"instock","12":"shipping-taxable","13":"product-type-simple"},"acf":{"product_detail":[{"name":"Forma de dosagem","value":"Solu\u00e7\u00e3o injet\u00e1vel"},{"name":"Indica\u00e7\u00f5es","value":"A adrenalina est\u00e1 indicada nos casos:\n'- Anafilaxia\n- Ataque asm\u00e1tico agudo\n- Assistolia\/Paragem sem pulso\n- Bradicardia sintom\u00e1tica\n- Garupa"},{"name":"Composi\u00e7\u00e3o","value":"Adrenalina 1mg\/10ml"}],"instructions_for_use":""},"_links":{"self":[{"href":"https:\/\/vinphaco.net\/pt-pt\/wp-json\/wp\/v2\/product\/13799","targetHints":{"allow":["GET"]}}],"collection":[{"href":"https:\/\/vinphaco.net\/pt-pt\/wp-json\/wp\/v2\/product"}],"about":[{"href":"https:\/\/vinphaco.net\/pt-pt\/wp-json\/wp\/v2\/types\/product"}],"wp:featuredmedia":[{"embeddable":true,"href":"https:\/\/vinphaco.net\/pt-pt\/wp-json\/wp\/v2\/media\/7271"}],"wp:attachment":[{"href":"https:\/\/vinphaco.net\/pt-pt\/wp-json\/wp\/v2\/media?parent=13799"}],"wp:term":[{"taxonomy":"product_brand","embeddable":true,"href":"https:\/\/vinphaco.net\/pt-pt\/wp-json\/wp\/v2\/product_brand?post=13799"},{"taxonomy":"product_cat","embeddable":true,"href":"https:\/\/vinphaco.net\/pt-pt\/wp-json\/wp\/v2\/product_cat?post=13799"},{"taxonomy":"product_tag","embeddable":true,"href":"https:\/\/vinphaco.net\/pt-pt\/wp-json\/wp\/v2\/product_tag?post=13799"}],"curies":[{"name":"wp","href":"https:\/\/api.w.org\/{rel}","templated":true}]}}