{"id":13803,"date":"2025-08-21T09:29:35","date_gmt":"2025-08-21T02:29:35","guid":{"rendered":"https:\/\/vinphaco.net\/product\/cammic-2\/"},"modified":"2025-10-02T10:50:50","modified_gmt":"2025-10-02T03:50:50","slug":"cammic-2","status":"publish","type":"product","link":"https:\/\/vinphaco.net\/pt-pt\/produto\/cammic-2\/","title":{"rendered":"CAMMIC"},"content":{"rendered":"","protected":false},"excerpt":{"rendered":"<p>O \u00e1cido tranex\u00e2mico \u00e9 um medicamento antifibrinol\u00edtico que previne a hemorragia excessiva causada por traumatismo, cirurgia, menstrua\u00e7\u00e3o e outras causas<\/p>\n","protected":false},"featured_media":7842,"template":"","meta":{"_acf_changed":false},"product_brand":[],"product_cat":[385],"product_tag":[353,354],"class_list":{"0":"post-13803","1":"product","2":"type-product","3":"status-publish","4":"has-post-thumbnail","6":"product_cat-etc-outros","7":"product_tag-drug-pt-pt","8":"product_tag-etc-pt-pt","10":"first","11":"instock","12":"shipping-taxable","13":"product-type-simple"},"acf":{"product_detail":[{"name":"Forma de dosagem","value":"Solu\u00e7\u00e3o injet\u00e1vel"},{"name":"Indica\u00e7\u00f5es","value":"Preven\u00e7\u00e3o e tratamento das hemorragias devidas \u00e0 fibrin\u00f3lise geral ou local em adultos e crian\u00e7as a partir de um ano, incluindo: \n\n- Menorragia e metrorragia, hemorragia gastrointestinal, perturba\u00e7\u00f5es urin\u00e1rias hemorr\u00e1gicas,\n- Cirurgia: Otorrinolaringologia, Ginecologia, Interven\u00e7\u00e3o cir\u00fargica importante  "},{"name":"Composi\u00e7\u00e3o","value":"\u00c1cido tranex\u00e2mico 500mg\/5ml"}],"instructions_for_use":""},"_links":{"self":[{"href":"https:\/\/vinphaco.net\/pt-pt\/wp-json\/wp\/v2\/product\/13803","targetHints":{"allow":["GET"]}}],"collection":[{"href":"https:\/\/vinphaco.net\/pt-pt\/wp-json\/wp\/v2\/product"}],"about":[{"href":"https:\/\/vinphaco.net\/pt-pt\/wp-json\/wp\/v2\/types\/product"}],"wp:featuredmedia":[{"embeddable":true,"href":"https:\/\/vinphaco.net\/pt-pt\/wp-json\/wp\/v2\/media\/7842"}],"wp:attachment":[{"href":"https:\/\/vinphaco.net\/pt-pt\/wp-json\/wp\/v2\/media?parent=13803"}],"wp:term":[{"taxonomy":"product_brand","embeddable":true,"href":"https:\/\/vinphaco.net\/pt-pt\/wp-json\/wp\/v2\/product_brand?post=13803"},{"taxonomy":"product_cat","embeddable":true,"href":"https:\/\/vinphaco.net\/pt-pt\/wp-json\/wp\/v2\/product_cat?post=13803"},{"taxonomy":"product_tag","embeddable":true,"href":"https:\/\/vinphaco.net\/pt-pt\/wp-json\/wp\/v2\/product_tag?post=13803"}],"curies":[{"name":"wp","href":"https:\/\/api.w.org\/{rel}","templated":true}]}}