{"id":13825,"date":"2025-08-21T09:29:35","date_gmt":"2025-08-21T02:29:35","guid":{"rendered":"https:\/\/vinphaco.net\/product\/vinsolon-500\/"},"modified":"2025-10-02T10:51:30","modified_gmt":"2025-10-02T03:51:30","slug":"vinsolon-500","status":"publish","type":"product","link":"https:\/\/vinphaco.net\/pt-pt\/produto\/vinsolon-500\/","title":{"rendered":"VINSOLON 500"},"content":{"rendered":"","protected":false},"excerpt":{"rendered":"<p>O Vinsolon 500 \u00e9 um glucocorticoide anti-inflamat\u00f3rio que cont\u00e9m metilprednisolona como subst\u00e2ncia ativa.<\/p>\n","protected":false},"featured_media":12937,"template":"","meta":{"_acf_changed":false},"product_brand":[],"product_cat":[352],"product_tag":[353,354],"class_list":{"0":"post-13825","1":"product","2":"type-product","3":"status-publish","4":"has-post-thumbnail","6":"product_cat-etc-corticosterioids-nsaids-pt-pt","7":"product_tag-drug-pt-pt","8":"product_tag-etc-pt-pt","10":"first","11":"instock","12":"shipping-taxable","13":"product-type-simple"},"acf":{"product_detail":[{"name":"Forma de dosagem","value":"P\u00f3 liofilizado para inje\u00e7\u00e3o"},{"name":"Indica\u00e7\u00f5es","value":"O succinato s\u00f3dico de metilprednisolona \u00e9 indicado nas seguintes condi\u00e7\u00f5es:\nDoen\u00e7as end\u00f3crinas, doen\u00e7as reum\u00e1ticas, doen\u00e7as gastrointestinais, doen\u00e7as respirat\u00f3rias, doen\u00e7as hematol\u00f3gicas, doen\u00e7as dermatol\u00f3gicas, etc"},{"name":"Composi\u00e7\u00e3o","value":"Metil prednisolona (Succinato s\u00f3dico de metil prednisolona) 500mg\n Solvente: Alcol benz\u00edlico 72mg, \u00e1gua para inject\u00e1veis q.s.p. 8mg"}],"instructions_for_use":""},"_links":{"self":[{"href":"https:\/\/vinphaco.net\/pt-pt\/wp-json\/wp\/v2\/product\/13825","targetHints":{"allow":["GET"]}}],"collection":[{"href":"https:\/\/vinphaco.net\/pt-pt\/wp-json\/wp\/v2\/product"}],"about":[{"href":"https:\/\/vinphaco.net\/pt-pt\/wp-json\/wp\/v2\/types\/product"}],"wp:featuredmedia":[{"embeddable":true,"href":"https:\/\/vinphaco.net\/pt-pt\/wp-json\/wp\/v2\/media\/12937"}],"wp:attachment":[{"href":"https:\/\/vinphaco.net\/pt-pt\/wp-json\/wp\/v2\/media?parent=13825"}],"wp:term":[{"taxonomy":"product_brand","embeddable":true,"href":"https:\/\/vinphaco.net\/pt-pt\/wp-json\/wp\/v2\/product_brand?post=13825"},{"taxonomy":"product_cat","embeddable":true,"href":"https:\/\/vinphaco.net\/pt-pt\/wp-json\/wp\/v2\/product_cat?post=13825"},{"taxonomy":"product_tag","embeddable":true,"href":"https:\/\/vinphaco.net\/pt-pt\/wp-json\/wp\/v2\/product_tag?post=13825"}],"curies":[{"name":"wp","href":"https:\/\/api.w.org\/{rel}","templated":true}]}}