{"id":13840,"date":"2025-08-21T09:29:34","date_gmt":"2025-08-21T02:29:34","guid":{"rendered":"https:\/\/vinphaco.net\/product\/vinphason\/"},"modified":"2025-10-02T10:50:33","modified_gmt":"2025-10-02T03:50:33","slug":"vinphason","status":"publish","type":"product","link":"https:\/\/vinphaco.net\/pt-pt\/produto\/vinphason\/","title":{"rendered":"VINPHASON"},"content":{"rendered":"","protected":false},"excerpt":{"rendered":"<p>Vinphason \u00e9 um glucocorticoide anti-inflamat\u00f3rio que cont\u00e9m succinato s\u00f3dico de hidrocortisona como ingrediente ativo.<\/p>\n","protected":false},"featured_media":10649,"template":"","meta":{"_acf_changed":false},"product_brand":[],"product_cat":[352],"product_tag":[353,354],"class_list":{"0":"post-13840","1":"product","2":"type-product","3":"status-publish","4":"has-post-thumbnail","6":"product_cat-etc-corticosterioids-nsaids-pt-pt","7":"product_tag-drug-pt-pt","8":"product_tag-etc-pt-pt","10":"first","11":"instock","12":"shipping-taxable","13":"product-type-simple"},"acf":{"product_detail":[{"name":"Forma de dosagem","value":"P\u00f3 liofilizado para inje\u00e7\u00e3o"},{"name":"Indica\u00e7\u00f5es","value":"Hydrocortison \u00e9 indicado como se segue: Estados al\u00e9rgicos, Doen\u00e7as dermatol\u00f3gicas, Doen\u00e7as end\u00f3crinas, Doen\u00e7as gastrointestinais, Doen\u00e7as hematol\u00f3gicas, Doen\u00e7as reum\u00e1ticas e etc"},{"name":"Composi\u00e7\u00e3o","value":"Hydrocortison (Hydrocortison Natri succinat) 100 mg"}],"instructions_for_use":""},"_links":{"self":[{"href":"https:\/\/vinphaco.net\/pt-pt\/wp-json\/wp\/v2\/product\/13840","targetHints":{"allow":["GET"]}}],"collection":[{"href":"https:\/\/vinphaco.net\/pt-pt\/wp-json\/wp\/v2\/product"}],"about":[{"href":"https:\/\/vinphaco.net\/pt-pt\/wp-json\/wp\/v2\/types\/product"}],"wp:featuredmedia":[{"embeddable":true,"href":"https:\/\/vinphaco.net\/pt-pt\/wp-json\/wp\/v2\/media\/10649"}],"wp:attachment":[{"href":"https:\/\/vinphaco.net\/pt-pt\/wp-json\/wp\/v2\/media?parent=13840"}],"wp:term":[{"taxonomy":"product_brand","embeddable":true,"href":"https:\/\/vinphaco.net\/pt-pt\/wp-json\/wp\/v2\/product_brand?post=13840"},{"taxonomy":"product_cat","embeddable":true,"href":"https:\/\/vinphaco.net\/pt-pt\/wp-json\/wp\/v2\/product_cat?post=13840"},{"taxonomy":"product_tag","embeddable":true,"href":"https:\/\/vinphaco.net\/pt-pt\/wp-json\/wp\/v2\/product_tag?post=13840"}],"curies":[{"name":"wp","href":"https:\/\/api.w.org\/{rel}","templated":true}]}}