{"id":13848,"date":"2025-08-21T09:29:34","date_gmt":"2025-08-21T02:29:34","guid":{"rendered":"https:\/\/vinphaco.net\/product\/biazix\/"},"modified":"2025-09-29T16:27:59","modified_gmt":"2025-09-29T09:27:59","slug":"biazix","status":"publish","type":"product","link":"https:\/\/vinphaco.net\/pt-pt\/produto\/biazix\/","title":{"rendered":"BIAZIX"},"content":{"rendered":"","protected":false},"excerpt":{"rendered":"<p>A azitromicina \u00e9 um antibi\u00f3tico para tratar algumas doen\u00e7as inflamat\u00f3rias relacionadas com microrganismos espec\u00edficos  <\/p>\n","protected":false},"featured_media":12259,"template":"","meta":{"_acf_changed":false},"product_brand":[],"product_cat":[464],"product_tag":[353,354],"class_list":{"0":"post-13848","1":"product","2":"type-product","3":"status-publish","4":"has-post-thumbnail","6":"product_cat-etc-antibioticos-pt-pt","7":"product_tag-drug-pt-pt","8":"product_tag-etc-pt-pt","10":"first","11":"instock","12":"shipping-taxable","13":"product-type-simple"},"acf":{"product_detail":[{"name":"Forma de dosagem","value":"P\u00f3 liofilizado para inje\u00e7\u00e3o"},{"name":"Indica\u00e7\u00f5es","value":"Para o tratamento da pneumonia adquirida na comunidade ou da doen\u00e7a inflamat\u00f3ria p\u00e9lvica (DIP) devido a microrganismos suscept\u00edveis  "},{"name":"Composi\u00e7\u00e3o","value":"Azitromicina (como Azitromicina \n dihidratada) 500mg\n Solvente: \u00e1gua para inject\u00e1veis 5ml"}],"instructions_for_use":""},"_links":{"self":[{"href":"https:\/\/vinphaco.net\/pt-pt\/wp-json\/wp\/v2\/product\/13848","targetHints":{"allow":["GET"]}}],"collection":[{"href":"https:\/\/vinphaco.net\/pt-pt\/wp-json\/wp\/v2\/product"}],"about":[{"href":"https:\/\/vinphaco.net\/pt-pt\/wp-json\/wp\/v2\/types\/product"}],"wp:featuredmedia":[{"embeddable":true,"href":"https:\/\/vinphaco.net\/pt-pt\/wp-json\/wp\/v2\/media\/12259"}],"wp:attachment":[{"href":"https:\/\/vinphaco.net\/pt-pt\/wp-json\/wp\/v2\/media?parent=13848"}],"wp:term":[{"taxonomy":"product_brand","embeddable":true,"href":"https:\/\/vinphaco.net\/pt-pt\/wp-json\/wp\/v2\/product_brand?post=13848"},{"taxonomy":"product_cat","embeddable":true,"href":"https:\/\/vinphaco.net\/pt-pt\/wp-json\/wp\/v2\/product_cat?post=13848"},{"taxonomy":"product_tag","embeddable":true,"href":"https:\/\/vinphaco.net\/pt-pt\/wp-json\/wp\/v2\/product_tag?post=13848"}],"curies":[{"name":"wp","href":"https:\/\/api.w.org\/{rel}","templated":true}]}}