{"id":13878,"date":"2025-08-21T09:29:46","date_gmt":"2025-08-21T02:29:46","guid":{"rendered":"https:\/\/vinphaco.net\/product\/vinocam\/"},"modified":"2025-10-08T09:39:10","modified_gmt":"2025-10-08T02:39:10","slug":"vinocam","status":"publish","type":"product","link":"https:\/\/vinphaco.net\/pt-pt\/produto\/vinocam\/","title":{"rendered":"VINOCAM"},"content":{"rendered":"","protected":false},"excerpt":{"rendered":"<p>Tenoxicam \u00e9 um analg\u00e9sico anti-inflamat\u00f3rio utilizado para tratar a dor ligeira a moderada, bem como os sinais e sintomas da artrite reumatoide e da osteoartrite<\/p>\n","protected":false},"featured_media":11514,"template":"","meta":{"_acf_changed":false},"product_brand":[],"product_cat":[352],"product_tag":[353,354],"class_list":{"0":"post-13878","1":"product","2":"type-product","3":"status-publish","4":"has-post-thumbnail","6":"product_cat-etc-corticosterioids-nsaids-pt-pt","7":"product_tag-drug-pt-pt","8":"product_tag-etc-pt-pt","10":"first","11":"instock","12":"shipping-taxable","13":"product-type-simple"},"acf":{"product_detail":[{"name":"Forma de dosagem","value":"P\u00f3 liofilizado para inje\u00e7\u00e3o"},{"name":"Indica\u00e7\u00f5es","value":""},{"name":"Composi\u00e7\u00e3o","value":"Tenoxicam 20mgSolvente: \u00c1gua para inject\u00e1veis q.s.p. 5ml"}],"instructions_for_use":""},"_links":{"self":[{"href":"https:\/\/vinphaco.net\/pt-pt\/wp-json\/wp\/v2\/product\/13878","targetHints":{"allow":["GET"]}}],"collection":[{"href":"https:\/\/vinphaco.net\/pt-pt\/wp-json\/wp\/v2\/product"}],"about":[{"href":"https:\/\/vinphaco.net\/pt-pt\/wp-json\/wp\/v2\/types\/product"}],"wp:featuredmedia":[{"embeddable":true,"href":"https:\/\/vinphaco.net\/pt-pt\/wp-json\/wp\/v2\/media\/11514"}],"wp:attachment":[{"href":"https:\/\/vinphaco.net\/pt-pt\/wp-json\/wp\/v2\/media?parent=13878"}],"wp:term":[{"taxonomy":"product_brand","embeddable":true,"href":"https:\/\/vinphaco.net\/pt-pt\/wp-json\/wp\/v2\/product_brand?post=13878"},{"taxonomy":"product_cat","embeddable":true,"href":"https:\/\/vinphaco.net\/pt-pt\/wp-json\/wp\/v2\/product_cat?post=13878"},{"taxonomy":"product_tag","embeddable":true,"href":"https:\/\/vinphaco.net\/pt-pt\/wp-json\/wp\/v2\/product_tag?post=13878"}],"curies":[{"name":"wp","href":"https:\/\/api.w.org\/{rel}","templated":true}]}}