{"id":13882,"date":"2025-08-21T09:29:46","date_gmt":"2025-08-21T02:29:46","guid":{"rendered":"https:\/\/vinphaco.net\/product\/diclofenac\/"},"modified":"2025-10-08T09:39:15","modified_gmt":"2025-10-08T02:39:15","slug":"diclofenac","status":"publish","type":"product","link":"https:\/\/vinphaco.net\/pt-pt\/produto\/diclofenac\/","title":{"rendered":"DICLOFENAC"},"content":{"rendered":"","protected":false},"excerpt":{"rendered":"<p>O diclofenac de s\u00f3dio \u00e9 um medicamento anti-inflamat\u00f3rio n\u00e3o esteroide (AINE), utilizado para reduzir a dor e a inflama\u00e7\u00e3o.<\/p>\n","protected":false},"featured_media":11346,"template":"","meta":{"_acf_changed":false},"product_brand":[],"product_cat":[352],"product_tag":[353,354],"class_list":{"0":"post-13882","1":"product","2":"type-product","3":"status-publish","4":"has-post-thumbnail","6":"product_cat-etc-corticosterioids-nsaids-pt-pt","7":"product_tag-drug-pt-pt","8":"product_tag-etc-pt-pt","10":"first","11":"instock","12":"shipping-taxable","13":"product-type-simple"},"acf":{"product_detail":[{"name":"Forma de dosagem","value":"Solu\u00e7\u00e3o injet\u00e1vel"},{"name":"Indica\u00e7\u00f5es","value":""},{"name":"Composi\u00e7\u00e3o","value":"Diclofenac 75 mg\/3 ml"}],"instructions_for_use":""},"_links":{"self":[{"href":"https:\/\/vinphaco.net\/pt-pt\/wp-json\/wp\/v2\/product\/13882","targetHints":{"allow":["GET"]}}],"collection":[{"href":"https:\/\/vinphaco.net\/pt-pt\/wp-json\/wp\/v2\/product"}],"about":[{"href":"https:\/\/vinphaco.net\/pt-pt\/wp-json\/wp\/v2\/types\/product"}],"wp:featuredmedia":[{"embeddable":true,"href":"https:\/\/vinphaco.net\/pt-pt\/wp-json\/wp\/v2\/media\/11346"}],"wp:attachment":[{"href":"https:\/\/vinphaco.net\/pt-pt\/wp-json\/wp\/v2\/media?parent=13882"}],"wp:term":[{"taxonomy":"product_brand","embeddable":true,"href":"https:\/\/vinphaco.net\/pt-pt\/wp-json\/wp\/v2\/product_brand?post=13882"},{"taxonomy":"product_cat","embeddable":true,"href":"https:\/\/vinphaco.net\/pt-pt\/wp-json\/wp\/v2\/product_cat?post=13882"},{"taxonomy":"product_tag","embeddable":true,"href":"https:\/\/vinphaco.net\/pt-pt\/wp-json\/wp\/v2\/product_tag?post=13882"}],"curies":[{"name":"wp","href":"https:\/\/api.w.org\/{rel}","templated":true}]}}