{"id":13900,"date":"2025-08-21T09:29:45","date_gmt":"2025-08-21T02:29:45","guid":{"rendered":"https:\/\/vinphaco.net\/product\/otevin-50\/"},"modified":"2025-09-29T13:49:17","modified_gmt":"2025-09-29T06:49:17","slug":"otevin-50","status":"publish","type":"product","link":"https:\/\/vinphaco.net\/pt-pt\/produto\/otevin-50\/","title":{"rendered":"OTEVIN 50"},"content":{"rendered":"","protected":false},"excerpt":{"rendered":"<p>Octreotido 50 mcg\/ml \u00e9 utilizado para tratar a diarreia grave e algumas outras condi\u00e7\u00f5es.<\/p>\n","protected":false},"featured_media":11322,"template":"","meta":{"_acf_changed":false},"product_brand":[],"product_cat":[385],"product_tag":[353,354],"class_list":{"0":"post-13900","1":"product","2":"type-product","3":"status-publish","4":"has-post-thumbnail","6":"product_cat-etc-outros","7":"product_tag-drug-pt-pt","8":"product_tag-etc-pt-pt","10":"first","11":"instock","12":"shipping-taxable","13":"product-type-simple"},"acf":{"product_detail":[{"name":"Forma de dosagem","value":"Solu\u00e7\u00e3o para inje\u00e7\u00e3o"},{"name":"Indica\u00e7\u00f5es","value":"A inje\u00e7\u00e3o de cloridrato de palonosetrona \u00e9 indicada em adultos para a preven\u00e7\u00e3o de:\n- N\u00e1useas e v\u00f3mitos agudos e retardados associados a cursos iniciais e repetidos de quimioterapia oncol\u00f3gica moderadamente emetog\u00e9nica (MEC).\n- N\u00e1useas e v\u00f3mitos agudos associados a cursos iniciais e repetidos de quimioterapia oncol\u00f3gica altamente emetog\u00e9nica (HEC).\n- N\u00e1useas e v\u00f3mitos p\u00f3s-operat\u00f3rios (NVPO) at\u00e9 24 horas ap\u00f3s a cirurgia. A efic\u00e1cia para al\u00e9m das 24 horas n\u00e3o foi demonstrada. "},{"name":"Composi\u00e7\u00e3o","value":"Palonosetron (cloridrato de palonosetron) 0,25mg\/5ml"}],"instructions_for_use":""},"_links":{"self":[{"href":"https:\/\/vinphaco.net\/pt-pt\/wp-json\/wp\/v2\/product\/13900","targetHints":{"allow":["GET"]}}],"collection":[{"href":"https:\/\/vinphaco.net\/pt-pt\/wp-json\/wp\/v2\/product"}],"about":[{"href":"https:\/\/vinphaco.net\/pt-pt\/wp-json\/wp\/v2\/types\/product"}],"wp:featuredmedia":[{"embeddable":true,"href":"https:\/\/vinphaco.net\/pt-pt\/wp-json\/wp\/v2\/media\/11322"}],"wp:attachment":[{"href":"https:\/\/vinphaco.net\/pt-pt\/wp-json\/wp\/v2\/media?parent=13900"}],"wp:term":[{"taxonomy":"product_brand","embeddable":true,"href":"https:\/\/vinphaco.net\/pt-pt\/wp-json\/wp\/v2\/product_brand?post=13900"},{"taxonomy":"product_cat","embeddable":true,"href":"https:\/\/vinphaco.net\/pt-pt\/wp-json\/wp\/v2\/product_cat?post=13900"},{"taxonomy":"product_tag","embeddable":true,"href":"https:\/\/vinphaco.net\/pt-pt\/wp-json\/wp\/v2\/product_tag?post=13900"}],"curies":[{"name":"wp","href":"https:\/\/api.w.org\/{rel}","templated":true}]}}