{"id":14145,"date":"2025-08-21T09:29:45","date_gmt":"2025-08-21T02:29:45","guid":{"rendered":"https:\/\/vinphaco.net\/product\/bucarvin\/"},"modified":"2025-09-29T13:51:39","modified_gmt":"2025-09-29T06:51:39","slug":"bucarvin","status":"publish","type":"product","link":"https:\/\/vinphaco.net\/pt-pt\/produto\/bucarvin\/","title":{"rendered":"BUCARVIN"},"content":{"rendered":"","protected":false},"excerpt":{"rendered":"<p>A bupivaca\u00edna \u00e9 utilizada para diminuir a sensibilidade numa pequena \u00e1rea espec\u00edfica, como nos bloqueios nervosos ou na anestesia epidural<\/p>\n","protected":false},"featured_media":11154,"template":"","meta":{"_acf_changed":false},"product_brand":[],"product_cat":[381],"product_tag":[353,354],"class_list":{"0":"post-14145","1":"product","2":"type-product","3":"status-publish","4":"has-post-thumbnail","6":"product_cat-etc-anestesia-e-obstetricia","7":"product_tag-drug-pt-pt","8":"product_tag-etc-pt-pt","10":"first","11":"instock","12":"shipping-taxable","13":"product-type-simple"},"acf":{"product_detail":[{"name":"Forma de dosagem","value":"Solu\u00e7\u00e3o para inje\u00e7\u00e3o"},{"name":"Indica\u00e7\u00f5es","value":"Anestesia cir\u00fargica em adultos e adolescentes\n- Tratamento da dor aguda em adultos, beb\u00e9s e crian\u00e7as com mais de 1 ano de idade"},{"name":"Composi\u00e7\u00e3o","value":"Bupivaca\u00edna hidroclorid 20mg\/4ml"}],"instructions_for_use":""},"_links":{"self":[{"href":"https:\/\/vinphaco.net\/pt-pt\/wp-json\/wp\/v2\/product\/14145","targetHints":{"allow":["GET"]}}],"collection":[{"href":"https:\/\/vinphaco.net\/pt-pt\/wp-json\/wp\/v2\/product"}],"about":[{"href":"https:\/\/vinphaco.net\/pt-pt\/wp-json\/wp\/v2\/types\/product"}],"wp:featuredmedia":[{"embeddable":true,"href":"https:\/\/vinphaco.net\/pt-pt\/wp-json\/wp\/v2\/media\/11154"}],"wp:attachment":[{"href":"https:\/\/vinphaco.net\/pt-pt\/wp-json\/wp\/v2\/media?parent=14145"}],"wp:term":[{"taxonomy":"product_brand","embeddable":true,"href":"https:\/\/vinphaco.net\/pt-pt\/wp-json\/wp\/v2\/product_brand?post=14145"},{"taxonomy":"product_cat","embeddable":true,"href":"https:\/\/vinphaco.net\/pt-pt\/wp-json\/wp\/v2\/product_cat?post=14145"},{"taxonomy":"product_tag","embeddable":true,"href":"https:\/\/vinphaco.net\/pt-pt\/wp-json\/wp\/v2\/product_tag?post=14145"}],"curies":[{"name":"wp","href":"https:\/\/api.w.org\/{rel}","templated":true}]}}